{"id":23720,"date":"2025-12-03T18:57:41","date_gmt":"2025-12-03T17:57:41","guid":{"rendered":"https:\/\/geneva-airport-taxi.bellaetco.ch\/?page_id=23720"},"modified":"2025-12-04T15:29:30","modified_gmt":"2025-12-04T14:29:30","slug":"a-propos","status":"publish","type":"page","link":"https:\/\/geneva-airport-taxi.bellaetco.ch\/de\/a-propos\/","title":{"rendered":"\u00dcber uns"},"content":{"rendered":"<div data-elementor-type=\"wp-page\" data-elementor-id=\"23720\" class=\"elementor elementor-23720\" data-elementor-post-type=\"page\">\n\t\t\t\t<div class=\"elementor-element elementor-element-9efc511 e-flex e-con-boxed e-con e-parent\" data-id=\"9efc511\" data-element_type=\"container\" data-e-type=\"container\" data-settings=\"{&quot;background_background&quot;:&quot;classic&quot;}\">\n\t\t\t\t\t<div class=\"e-con-inner\">\n\t\t\t\t<div class=\"elementor-element elementor-element-3475346 elementor-widget elementor-widget-heading\" data-id=\"3475346\" data-element_type=\"widget\" data-e-type=\"widget\" data-widget_type=\"heading.default\">\n\t\t\t\t\t<h1 class=\"elementor-heading-title elementor-size-default\"> \u00dcber Geneva Airport Taxi <\/h1>\t\t\t\t<\/div>\n\t\t\t\t<div class=\"elementor-element elementor-element-bbfb2df elementor-widget elementor-widget-heading\" data-id=\"bbfb2df\" data-element_type=\"widget\" data-e-type=\"widget\" data-widget_type=\"heading.default\">\n\t\t\t\t\t<h3 class=\"elementor-heading-title elementor-size-default\">Ihr zuverl\u00e4ssiger Transferdienst<\/h3>\t\t\t\t<\/div>\n\t\t\t\t\t<\/div>\n\t\t\t\t<\/div>\n\t\t<div class=\"elementor-element elementor-element-6f87ad2 e-flex e-con-boxed e-con e-parent\" data-id=\"6f87ad2\" data-element_type=\"container\" data-e-type=\"container\">\n\t\t\t\t\t<div class=\"e-con-inner\">\n\t\t<div class=\"elementor-element elementor-element-f915dc5 e-con-full e-flex e-con e-child\" data-id=\"f915dc5\" data-element_type=\"container\" data-e-type=\"container\">\n\t\t<div class=\"elementor-element elementor-element-7946b57 e-con-full e-flex e-con e-child\" data-id=\"7946b57\" data-element_type=\"container\" data-e-type=\"container\">\n\t\t\t\t<div class=\"elementor-element elementor-element-aaff24c elementor-widget elementor-widget-image\" data-id=\"aaff24c\" data-element_type=\"widget\" data-e-type=\"widget\" data-widget_type=\"image.default\">\n\t\t\t\t\t\t\t\t\t\t\t\t\t\t\t<img decoding=\"async\" width=\"200\" height=\"42\" src=\"https:\/\/geneva-airport-taxi.bellaetco.ch\/wp-content\/uploads\/2025\/12\/logo-inner.png\" class=\"attachment-full size-full wp-image-12302\" alt=\"\" \/>\t\t\t\t\t\t\t\t\t\t\t\t\t\t\t<\/div>\n\t\t\t\t<\/div>\n\t\t<div class=\"elementor-element elementor-element-16a1f3c e-con-full e-flex e-con e-child\" data-id=\"16a1f3c\" data-element_type=\"container\" data-e-type=\"container\">\n\t\t\t\t<div class=\"elementor-element elementor-element-18f19d6 elementor-widget elementor-widget-heading\" data-id=\"18f19d6\" data-element_type=\"widget\" data-e-type=\"widget\" data-widget_type=\"heading.default\">\n\t\t\t\t\t<h2 class=\"elementor-heading-title elementor-size-default\">Wer sind wir?<\/h2>\t\t\t\t<\/div>\n\t\t\t\t<div class=\"elementor-element elementor-element-1a8b08e elementor-widget elementor-widget-text-editor\" data-id=\"1a8b08e\" data-element_type=\"widget\" data-e-type=\"widget\" data-widget_type=\"text-editor.default\">\n\t\t\t\t\t\t\t\t\t<p class=\"my-2 [&amp;+p]:mt-4 [&amp;_strong:has(+br)]:inline-block [&amp;_strong:has(+br)]:pb-2\">Seit mehr als einem Jahrzehnt ist Geneva Airport Taxi der f\u00fchrende Anbieter von Premium-Transportdienstleistungen in Genf. Unsere Mission: Jede Fahrt zu einem zuverl\u00e4ssigen, komfortablen und stressfreien Erlebnis zu machen.<\/p><p class=\"my-2 [&amp;+p]:mt-4 [&amp;_strong:has(+br)]:inline-block [&amp;_strong:has(+br)]:pb-2\">Wir glauben, dass Reisen einfach sein sollte. Deshalb verpflichten wir uns, einen au\u00dfergew\u00f6hnlichen Service zu bieten, der auf Ihre spezifischen Bed\u00fcrfnisse zugeschnitten ist, egal ob es sich um eine Ankunft am Flughafen, einen Gesch\u00e4ftstransfer oder einen Skiurlaub handelt.<\/p>\t\t\t\t\t\t\t\t<\/div>\n\t\t\t\t<div class=\"elementor-element elementor-element-aa9a477 elementor-align-left elementor-tablet-align-center elementor-widget elementor-widget-button\" data-id=\"aa9a477\" data-element_type=\"widget\" data-e-type=\"widget\" data-widget_type=\"button.default\">\n\t\t\t\t\t\t\t\t\t\t<a class=\"elementor-button elementor-button-link elementor-size-sm\" href=\"https:\/\/geneva-airport-taxi.bellaetco.ch\/de\/reserver-une-course\/\">\n\t\t\t\t\t\t<span class=\"elementor-button-content-wrapper\">\n\t\t\t\t\t\t\t\t\t<span class=\"elementor-button-text\">Eine Fahrt buchen <\/span>\n\t\t\t\t\t<\/span>\n\t\t\t\t\t<\/a>\n\t\t\t\t\t\t\t\t<\/div>\n\t\t\t\t<\/div>\n\t\t\t\t<\/div>\n\t\t<div class=\"elementor-element elementor-element-84d96be e-con-full e-flex e-con e-child\" data-id=\"84d96be\" data-element_type=\"container\" data-e-type=\"container\">\n\t\t\t\t<div class=\"elementor-element elementor-element-74537e7 elementor-widget elementor-widget-text-editor\" data-id=\"74537e7\" data-element_type=\"widget\" data-e-type=\"widget\" data-widget_type=\"text-editor.default\">\n\t\t\t\t\t\t\t\t\t<h2>Unsere Geschichte und Expertise<\/h2><p class=\"my-2 [&amp;+p]:mt-4 [&amp;_strong:has(+br)]:inline-block [&amp;_strong:has(+br)]:pb-2\">Gr\u00fcndung und Wachstum<br \/>Geneva Airport Taxi wurde von Transportfachleuten gegr\u00fcndet, die sich leidenschaftlich f\u00fcr den Kundenservice engagieren. Was als kleines Unternehmen mit wenigen Fahrzeugen begann, hat sich zu einem f\u00fchrenden Dienstleister in Genf und Umgebung entwickelt.<\/p><p class=\"my-2 [&amp;+p]:mt-4 [&amp;_strong:has(+br)]:inline-block [&amp;_strong:has(+br)]:pb-2\">Heute bedienen wir j\u00e4hrlich mehr als 5000 Kunden, darunter eilige Gesch\u00e4ftsreisende, Familien im Skiurlaub und VIPs, die Diskretion w\u00fcnschen.<\/p><p class=\"my-2 [&amp;+p]:mt-4 [&amp;_strong:has(+br)]:inline-block [&amp;_strong:has(+br)]:pb-2\">Erfahrung und Spezialisierung<br \/>Unser Team besteht nicht nur aus Taxifahrern. Es handelt sich um Fachleute, die in folgenden Bereichen geschult sind:<\/p><ul class=\"marker:text-quiet list-disc\"><li class=\"py-0 my-0 prose-p:pt-0 prose-p:mb-2 prose-p:my-0 [&amp;&gt;p]:pt-0 [&amp;&gt;p]:mb-2 [&amp;&gt;p]:my-0\"><p class=\"my-2 [&amp;+p]:mt-4 [&amp;_strong:has(+br)]:inline-block [&amp;_strong:has(+br)]:pb-2\">Premium-Transportlogistik<\/p><\/li><li class=\"py-0 my-0 prose-p:pt-0 prose-p:mb-2 prose-p:my-0 [&amp;&gt;p]:pt-0 [&amp;&gt;p]:mb-2 [&amp;&gt;p]:my-0\"><p class=\"my-2 [&amp;+p]:mt-4 [&amp;_strong:has(+br)]:inline-block [&amp;_strong:has(+br)]:pb-2\">Alpenstra\u00dfen und winterliche Stra\u00dfenverh\u00e4ltnisse<\/p><\/li><li class=\"py-0 my-0 prose-p:pt-0 prose-p:mb-2 prose-p:my-0 [&amp;&gt;p]:pt-0 [&amp;&gt;p]:mb-2 [&amp;&gt;p]:my-0\"><p class=\"my-2 [&amp;+p]:mt-4 [&amp;_strong:has(+br)]:inline-block [&amp;_strong:has(+br)]:pb-2\">VIP-Empfang und Diskretion<\/p><\/li><li class=\"py-0 my-0 prose-p:pt-0 prose-p:mb-2 prose-p:my-0 [&amp;&gt;p]:pt-0 [&amp;&gt;p]:mb-2 [&amp;&gt;p]:my-0\"><p class=\"my-2 [&amp;+p]:mt-4 [&amp;_strong:has(+br)]:inline-block [&amp;_strong:has(+br)]:pb-2\">Kundenservice in einem internationalen Umfeld<\/p><\/li><\/ul><p class=\"my-2 [&amp;+p]:mt-4 [&amp;_strong:has(+br)]:inline-block [&amp;_strong:has(+br)]:pb-2\">Jeder Fahrer verf\u00fcgt \u00fcber mindestens 10 Jahre Erfahrung im Bereich des gewerblichen Transportwesens.<\/p><h2>Unsere Grundwerte<\/h2><p class=\"my-2 [&amp;+p]:mt-4 [&amp;_strong:has(+br)]:inline-block [&amp;_strong:has(+br)]:pb-2\"><strong>1. Zuverl\u00e4ssigkeit<\/strong><br \/>Sie verlassen sich darauf, dass wir p\u00fcnktlich ankommen. Selbst bei Flugversp\u00e4tungen oder schwierigen Bedingungen passen wir uns an und schaffen es.<\/p><p class=\"my-2 [&amp;+p]:mt-4 [&amp;_strong:has(+br)]:inline-block [&amp;_strong:has(+br)]:pb-2\"><strong>2. Professionalit\u00e4t<\/strong><br \/>Unsere Fahrer sind h\u00f6flich, diskret und serviceorientiert. Sie stehen bei jedem Kontakt f\u00fcr Exzellenz.<\/p><p class=\"my-2 [&amp;+p]:mt-4 [&amp;_strong:has(+br)]:inline-block [&amp;_strong:has(+br)]:pb-2\"><strong>3. Sicherheit<\/strong><br \/>Die Sicherheit unserer Fahrg\u00e4ste hat oberste Priorit\u00e4t. Unsere Fahrzeuge werden regelm\u00e4\u00dfig \u00fcberpr\u00fcft, unsere Fahrer sind in Erster Hilfe geschult.<\/p><p class=\"my-2 [&amp;+p]:mt-4 [&amp;_strong:has(+br)]:inline-block [&amp;_strong:has(+br)]:pb-2\"><strong>4. Transparenz<\/strong><br \/>Keine versteckten Kosten, keine \u00dcberraschungen. Die Preise werden im Voraus mitgeteilt, und wir liefern genau das, was versprochen wurde.<\/p><p class=\"my-2 [&amp;+p]:mt-4 [&amp;_strong:has(+br)]:inline-block [&amp;_strong:has(+br)]:pb-2\"><strong>5. Innovation<\/strong><br \/>Wir nutzen Technologie (Flugverfolgung, GPS, Online-Buchung), um Ihr Erlebnis zu verbessern.<\/p><p class=\"my-2 [&amp;+p]:mt-4 [&amp;_strong:has(+br)]:inline-block [&amp;_strong:has(+br)]:pb-2\"><strong>6. Nachhaltigkeit<\/strong><br \/>F\u00fcr umweltbewusste Kunden bieten wir mit unserer Toyota Prius-Flotte umweltfreundliche Optionen an.<\/p><h2>Unsere Flotte \u2013 Komfort und Modernit\u00e4t<\/h2><p class=\"my-2 [&amp;+p]:mt-4 [&amp;_strong:has(+br)]:inline-block [&amp;_strong:has(+br)]:pb-2\">Mercedes E-Klasse<br \/>Eleganz und Leistung. Ideal f\u00fcr Alleinreisende oder Paare. Klimaanlage, beheizbare Ledersitze, Multimedia-Player.<\/p><p class=\"my-2 [&amp;+p]:mt-4 [&amp;_strong:has(+br)]:inline-block [&amp;_strong:has(+br)]:pb-2\">Mercedes V-Klasse<br \/>Ger\u00e4umig und luxuri\u00f6s. Perfekt f\u00fcr Familien oder Gruppen. 7 Sitze, vergr\u00f6\u00dferter Kofferraum, hochwertige Ausstattung.<\/p><p class=\"my-2 [&amp;+p]:mt-4 [&amp;_strong:has(+br)]:inline-block [&amp;_strong:has(+br)]:pb-2\">Der umweltfreundliche Toyota Prius<br \/>Die umweltfreundliche Option ohne Kompromisse beim Komfort. Leise, sparsam, ideal f\u00fcr Umweltbewusste.<\/p><p class=\"my-2 [&amp;+p]:mt-4 [&amp;_strong:has(+br)]:inline-block [&amp;_strong:has(+br)]:pb-2\">Alle Fahrzeuge beinhalten:<br \/>\u2713 USB- und elektrische Ladeger\u00e4te<br \/>\u2713 Kostenloses Mineralwasser<br \/>\u2713 Individuell regulierbare Klimaanlage<br \/>\u2713 Professionelle GPS-Navigation<br \/>\u2713 Bequeme und gepflegte Sitze<br \/>\u2713 Vergr\u00f6\u00dferter Gep\u00e4ckraum<br \/>\u2713 Kindersitze verf\u00fcgbar<\/p><p>\u00a0<\/p><h2>Unsere professionellen Fahrer<\/h2><h4>Weiterbildung<\/h4><p class=\"my-2 [&amp;+p]:mt-4 [&amp;_strong:has(+br)]:inline-block [&amp;_strong:has(+br)]:pb-2\">Unsere Fahrer werden regelm\u00e4\u00dfig geschult in:<\/p><ul class=\"marker:text-quiet list-disc\"><li class=\"py-0 my-0 prose-p:pt-0 prose-p:mb-2 prose-p:my-0 [&amp;&gt;p]:pt-0 [&amp;&gt;p]:mb-2 [&amp;&gt;p]:my-0\"><p class=\"my-2 [&amp;+p]:mt-4 [&amp;_strong:has(+br)]:inline-block [&amp;_strong:has(+br)]:pb-2\">Der Premium-Kundenservice<\/p><\/li><li class=\"py-0 my-0 prose-p:pt-0 prose-p:mb-2 prose-p:my-0 [&amp;&gt;p]:pt-0 [&amp;&gt;p]:mb-2 [&amp;&gt;p]:my-0\"><p class=\"my-2 [&amp;+p]:mt-4 [&amp;_strong:has(+br)]:inline-block [&amp;_strong:has(+br)]:pb-2\">Erste Hilfe und Verkehrssicherheit<\/p><\/li><li class=\"py-0 my-0 prose-p:pt-0 prose-p:mb-2 prose-p:my-0 [&amp;&gt;p]:pt-0 [&amp;&gt;p]:mb-2 [&amp;&gt;p]:my-0\"><p class=\"my-2 [&amp;+p]:mt-4 [&amp;_strong:has(+br)]:inline-block [&amp;_strong:has(+br)]:pb-2\">Kenntnis der Strassen in Genf und den Alpen<\/p><\/li><li class=\"py-0 my-0 prose-p:pt-0 prose-p:mb-2 prose-p:my-0 [&amp;&gt;p]:pt-0 [&amp;&gt;p]:mb-2 [&amp;&gt;p]:my-0\"><p class=\"my-2 [&amp;+p]:mt-4 [&amp;_strong:has(+br)]:inline-block [&amp;_strong:has(+br)]:pb-2\">Umgang mit schwierigen Situationen<\/p><\/li><li class=\"py-0 my-0 prose-p:pt-0 prose-p:mb-2 prose-p:my-0 [&amp;&gt;p]:pt-0 [&amp;&gt;p]:mb-2 [&amp;&gt;p]:my-0\"><p class=\"my-2 [&amp;+p]:mt-4 [&amp;_strong:has(+br)]:inline-block [&amp;_strong:has(+br)]:pb-2\">Das VIP-Protokoll und Diskretion<\/p><\/li><\/ul><h4>Erfahrung und Kompetenz<\/h4><p class=\"my-2 [&amp;+p]:mt-4 [&amp;_strong:has(+br)]:inline-block [&amp;_strong:has(+br)]:pb-2\">Jeder Fahrer verf\u00fcgt \u00fcber mindestens 10 Jahre Erfahrung. Viele haben 15, 20 oder sogar 25 Jahre Erfahrung. Sie kennen Genf wie ihre Westentasche.<\/p><h4>Strenge Auswahl<\/h4><p class=\"my-2 [&amp;+p]:mt-4 [&amp;_strong:has(+br)]:inline-block [&amp;_strong:has(+br)]:pb-2\">Wir stellen nach sehr strengen Kriterien ein: einwandfreie Referenzen, \u00fcberpr\u00fcfte Vorstrafen, einwandfreier F\u00fchrerschein.<\/p><h4>Verf\u00fcgbarkeit rund um die Uhr<\/h4><p class=\"my-2 [&amp;+p]:mt-4 [&amp;_strong:has(+br)]:inline-block [&amp;_strong:has(+br)]:pb-2\">Unser Team ist rund um die Uhr im Einsatz. Selbst um 3 Uhr morgens steht immer ein Fahrer zur Verf\u00fcgung.<\/p><h2>Unsere Dienstleistungen \u2013 Gesamt\u00fcbersicht<\/h2><h4>Flughafentransfers<\/h4><p class=\"my-2 [&amp;+p]:mt-4 [&amp;_strong:has(+br)]:inline-block [&amp;_strong:has(+br)]:pb-2\">Von\/nach Genf Cointrin, mit Flugverfolgung in Echtzeit und pers\u00f6nlichem Empfang.<\/p><h4>Transfers Bahnhof<\/h4><p class=\"my-2 [&amp;+p]:mt-4 [&amp;_strong:has(+br)]:inline-block [&amp;_strong:has(+br)]:pb-2\">Vom Bahnhof Cornavin zu jedem beliebigen Zielort.<\/p><h4>Skitransfers<\/h4><p class=\"my-2 [&amp;+p]:mt-4 [&amp;_strong:has(+br)]:inline-block [&amp;_strong:has(+br)]:pb-2\">Zu allen Alpenorten (Verbier, Zermatt, Chamonix, Crans-Montana usw.)<\/p><h4>Professioneller Transport<\/h4><h2>Dienstleistungen f\u00fcr Privatpersonen, Gewerbetreibende und VIPs<\/h2><h4>VIP-Services<\/h4><p class=\"my-2 [&amp;+p]:mt-4 [&amp;_strong:has(+br)]:inline-block [&amp;_strong:has(+br)]:pb-2\">F\u00fcr Kunden, die Sicherheit, Vertraulichkeit und erstklassigen Service suchen.<\/p><h4>Langstrecken<\/h4><p class=\"my-2 [&amp;+p]:mt-4 [&amp;_strong:has(+br)]:inline-block [&amp;_strong:has(+br)]:pb-2\">Transport nach Lyon, Z\u00fcrich, Annecy und dar\u00fcber hinaus.<\/p><h4>Gruppentransport<\/h4><p class=\"my-2 [&amp;+p]:mt-4 [&amp;_strong:has(+br)]:inline-block [&amp;_strong:has(+br)]:pb-2\">Bis zu 7 Personen pro Fahrzeug. Ideal f\u00fcr Veranstaltungen, Hochzeiten, Gruppenausfl\u00fcge.<\/p><h2>Technologie und Reservierung<\/h2><h4>Online-Reservierungssystem<\/h4><p>Buchen Sie rund um die Uhr \u00fcber unsere Website. Sofortige Best\u00e4tigung per SMS.<\/p><h4>Flugverfolgung in Echtzeit<\/h4><p class=\"my-2 [&amp;+p]:mt-4 [&amp;_strong:has(+br)]:inline-block [&amp;_strong:has(+br)]:pb-2\">Wir verfolgen Ihren Flug und passen die Abholzeit entsprechend an. Kein unn\u00f6tiges Warten.<\/p><h4>Mobile Anwendung<\/h4><p class=\"my-2 [&amp;+p]:mt-4 [&amp;_strong:has(+br)]:inline-block [&amp;_strong:has(+br)]:pb-2\">(Falls verf\u00fcgbar) Laden Sie unsere App herunter, um \u00fcber Ihr Smartphone zu buchen, zu verfolgen und zu bezahlen.<\/p><h4>Automatische Best\u00e4tigung<\/h4><p class=\"my-2 [&amp;+p]:mt-4 [&amp;_strong:has(+br)]:inline-block [&amp;_strong:has(+br)]:pb-2\">Sie erhalten 24 Stunden vor Ihrem Transfer eine SMS mit dem Namen und der Telefonnummer des Fahrers.<\/p><hr class=\"bg-subtle h-px border-0\" \/>\t\t\t\t\t\t\t\t<\/div>\n\t\t\t\t<\/div>\n\t\t\t\t\t<\/div>\n\t\t\t\t<\/div>\n\t\t\t\t<\/div>","protected":false},"excerpt":{"rendered":"<p>\u00c0 Propos de Geneva Airport Taxi Votre Transfert de Confiance Qui Sommes-Nous ? Depuis plus d&rsquo;une d\u00e9cennie, Geneva Airport Taxi se positionne comme le leader du transport premium \u00e0 Gen\u00e8ve. Notre mission : transformer chaque trajet en exp\u00e9rience fiable, confortable et sans stress. Nous croyons que se d\u00e9placer devrait \u00eatre simple. C&rsquo;est pourquoi nous nous [&hellip;]<\/p>","protected":false},"author":2,"featured_media":0,"parent":0,"menu_order":0,"comment_status":"closed","ping_status":"closed","template":"","meta":{"_joinchat":[],"footnotes":""},"class_list":["post-23720","page","type-page","status-publish","hentry"],"_links":{"self":[{"href":"https:\/\/geneva-airport-taxi.bellaetco.ch\/de\/wp-json\/wp\/v2\/pages\/23720","targetHints":{"allow":["GET"]}}],"collection":[{"href":"https:\/\/geneva-airport-taxi.bellaetco.ch\/de\/wp-json\/wp\/v2\/pages"}],"about":[{"href":"https:\/\/geneva-airport-taxi.bellaetco.ch\/de\/wp-json\/wp\/v2\/types\/page"}],"author":[{"embeddable":true,"href":"https:\/\/geneva-airport-taxi.bellaetco.ch\/de\/wp-json\/wp\/v2\/users\/2"}],"replies":[{"embeddable":true,"href":"https:\/\/geneva-airport-taxi.bellaetco.ch\/de\/wp-json\/wp\/v2\/comments?post=23720"}],"version-history":[{"count":19,"href":"https:\/\/geneva-airport-taxi.bellaetco.ch\/de\/wp-json\/wp\/v2\/pages\/23720\/revisions"}],"predecessor-version":[{"id":23882,"href":"https:\/\/geneva-airport-taxi.bellaetco.ch\/de\/wp-json\/wp\/v2\/pages\/23720\/revisions\/23882"}],"wp:attachment":[{"href":"https:\/\/geneva-airport-taxi.bellaetco.ch\/de\/wp-json\/wp\/v2\/media?parent=23720"}],"curies":[{"name":"wp","href":"https:\/\/api.w.org\/{rel}","templated":true}]}}