{"id":23732,"date":"2025-12-03T21:12:37","date_gmt":"2025-12-03T20:12:37","guid":{"rendered":"https:\/\/geneva-airport-taxi.bellaetco.ch\/?page_id=23732"},"modified":"2025-12-04T15:54:40","modified_gmt":"2025-12-04T14:54:40","slug":"transfert-aeroport-geneve","status":"publish","type":"page","link":"https:\/\/geneva-airport-taxi.bellaetco.ch\/de\/transfert-aeroport-geneve\/","title":{"rendered":"Flughafentransfer Genf"},"content":{"rendered":"<div data-elementor-type=\"wp-page\" data-elementor-id=\"23732\" class=\"elementor elementor-23732\" data-elementor-post-type=\"page\">\n\t\t\t\t<div class=\"elementor-element elementor-element-9efc511 e-flex e-con-boxed e-con e-parent\" data-id=\"9efc511\" data-element_type=\"container\" data-e-type=\"container\" data-settings=\"{&quot;background_background&quot;:&quot;classic&quot;}\">\n\t\t\t\t\t<div class=\"e-con-inner\">\n\t\t\t\t<div class=\"elementor-element elementor-element-3475346 elementor-widget elementor-widget-heading\" data-id=\"3475346\" data-element_type=\"widget\" data-e-type=\"widget\" data-widget_type=\"heading.default\">\n\t\t\t\t\t<h1 class=\"elementor-heading-title elementor-size-default\">Flughafentransfer Genf<\/h1>\t\t\t\t<\/div>\n\t\t\t\t\t<\/div>\n\t\t\t\t<\/div>\n\t\t<div class=\"elementor-element elementor-element-6f87ad2 e-flex e-con-boxed e-con e-parent\" data-id=\"6f87ad2\" data-element_type=\"container\" data-e-type=\"container\">\n\t\t\t\t\t<div class=\"e-con-inner\">\n\t\t<div class=\"elementor-element elementor-element-f915dc5 e-con-full e-flex e-con e-child\" data-id=\"f915dc5\" data-element_type=\"container\" data-e-type=\"container\">\n\t\t<div class=\"elementor-element elementor-element-16a1f3c e-con-full e-flex e-con e-child\" data-id=\"16a1f3c\" data-element_type=\"container\" data-e-type=\"container\">\n\t\t\t\t<div class=\"elementor-element elementor-element-aaff24c elementor-widget elementor-widget-image\" data-id=\"aaff24c\" data-element_type=\"widget\" data-e-type=\"widget\" data-widget_type=\"image.default\">\n\t\t\t\t\t\t\t\t\t\t\t\t\t\t\t<img fetchpriority=\"high\" decoding=\"async\" width=\"800\" height=\"534\" src=\"https:\/\/geneva-airport-taxi.bellaetco.ch\/wp-content\/uploads\/2025\/10\/couple-de-businessman-devant-un-taxi-prive-1024x683.webp\" class=\"attachment-large size-large wp-image-12118\" alt=\"couple de businessmane qui attend leur taxi priv\u00e9 pour aller \u00e0 T\u00e4sch\" srcset=\"https:\/\/geneva-airport-taxi.bellaetco.ch\/wp-content\/uploads\/2025\/10\/couple-de-businessman-devant-un-taxi-prive-1024x683.webp 1024w, https:\/\/geneva-airport-taxi.bellaetco.ch\/wp-content\/uploads\/2025\/10\/couple-de-businessman-devant-un-taxi-prive-300x200.webp 300w, https:\/\/geneva-airport-taxi.bellaetco.ch\/wp-content\/uploads\/2025\/10\/couple-de-businessman-devant-un-taxi-prive-768x512.webp 768w, https:\/\/geneva-airport-taxi.bellaetco.ch\/wp-content\/uploads\/2025\/10\/couple-de-businessman-devant-un-taxi-prive-1536x1024.webp 1536w, https:\/\/geneva-airport-taxi.bellaetco.ch\/wp-content\/uploads\/2025\/10\/couple-de-businessman-devant-un-taxi-prive-600x400.webp 600w, https:\/\/geneva-airport-taxi.bellaetco.ch\/wp-content\/uploads\/2025\/10\/couple-de-businessman-devant-un-taxi-prive.webp 1920w\" sizes=\"(max-width: 800px) 100vw, 800px\" \/>\t\t\t\t\t\t\t\t\t\t\t\t\t\t\t<\/div>\n\t\t\t\t<div class=\"elementor-element elementor-element-18f19d6 elementor-widget elementor-widget-heading\" data-id=\"18f19d6\" data-element_type=\"widget\" data-e-type=\"widget\" data-widget_type=\"heading.default\">\n\t\t\t\t\t<h2 class=\"elementor-heading-title elementor-size-default\">Kommen Sie ganz entspannt in Genf an<\/h2>\t\t\t\t<\/div>\n\t\t\t\t<div class=\"elementor-element elementor-element-1a8b08e elementor-widget elementor-widget-text-editor\" data-id=\"1a8b08e\" data-element_type=\"widget\" data-e-type=\"widget\" data-widget_type=\"text-editor.default\">\n\t\t\t\t\t\t\t\t\t<p data-path-to-node=\"8\">Vergessen Sie die endlose Warteschlange vor dem Taxistand am Ausgang des Terminals oder den Stress mit dem Gep\u00e4ck in \u00f6ffentlichen Verkehrsmitteln. Mit <b>Genf Flughafen Taxi<\/b>, Ihr Transfer beginnt unmittelbar nach der Landung.<\/p><p data-path-to-node=\"9\">Wir bieten Ihnen einen reibungslosen T\u00fcr-zu-T\u00fcr-Transfer zwischen dem internationalen Flughafen Genf (GVA) und Ihrem Wohnort, Hotel oder B\u00fcro, egal ob in der Innenstadt, im Kanton Waadt oder im benachbarten Frankreich (Pays de Gex).<\/p><h3 data-path-to-node=\"10\">Der Unterschied zu einem herk\u00f6mmlichen Taxi? Der Premium-Service.<\/h3><ul data-path-to-node=\"11\"><li><p data-path-to-node=\"11,0,0\"><b>Individueller Empfang (Meet &amp; Greet):<\/b> Ihr Fahrer erwartet Sie direkt in der Ankunftshalle mit einem Schild mit Ihrem Namen. Sie m\u00fcssen nicht nach Ihrem Fahrzeug suchen, wir hei\u00dfen Sie willkommen.<\/p><\/li><li><p data-path-to-node=\"11,1,0\"><b>Feste und transparente Preise:<\/b> Im Gegensatz zum Taxameter, der auch im Stau weiterl\u00e4uft, wird unser Tarif bei der Buchung festgelegt. So gibt es bei der Ankunft keine b\u00f6sen \u00dcberraschungen.<\/p><\/li><li><p data-path-to-node=\"11,2,0\"><b>Flugverfolgung in Echtzeit:<\/b> Wir \u00fcberwachen Ihre Flugnummer. Sollte Ihr Flug versp\u00e4tet sein, verschieben wir die Ankunft des Fahrers kostenlos. Wir warten auf Sie.<\/p><\/li><li><p data-path-to-node=\"11,3,0\"><b>Verf\u00fcgbarkeit rund um die Uhr:<\/b> Ein sehr fr\u00fcher Flug oder eine sp\u00e4te Ankunft? Wir bieten unseren Service zu jeder Nachtstunde an.<\/p><\/li><\/ul>\t\t\t\t\t\t\t\t<\/div>\n\t\t\t\t<div class=\"elementor-element elementor-element-dff2178 elementor-align-left elementor-widget elementor-widget-button\" data-id=\"dff2178\" data-element_type=\"widget\" data-e-type=\"widget\" data-widget_type=\"button.default\">\n\t\t\t\t\t\t\t\t\t\t<a class=\"elementor-button elementor-button-link elementor-size-sm\" href=\"https:\/\/geneva-airport-taxi.bellaetco.ch\/de\/reserver-une-course\/\">\n\t\t\t\t\t\t<span class=\"elementor-button-content-wrapper\">\n\t\t\t\t\t\t\t\t\t<span class=\"elementor-button-text\">Eine Fahrt buchen <\/span>\n\t\t\t\t\t<\/span>\n\t\t\t\t\t<\/a>\n\t\t\t\t\t\t\t\t<\/div>\n\t\t\t\t<\/div>\n\t\t\t\t<\/div>\n\t\t<div class=\"elementor-element elementor-element-84d96be e-con-full e-flex e-con e-child\" data-id=\"84d96be\" data-element_type=\"container\" data-e-type=\"container\">\n\t\t\t\t<div class=\"elementor-element elementor-element-74537e7 elementor-widget elementor-widget-text-editor\" data-id=\"74537e7\" data-element_type=\"widget\" data-e-type=\"widget\" data-widget_type=\"text-editor.default\">\n\t\t\t\t\t\t\t\t\t<h2 data-path-to-node=\"13\"><span style=\"font-family: inherit;\">Wie l\u00e4uft Ihre Behandlung ab?<\/span><\/h2><h3 data-path-to-node=\"14\">1. Bei Ihrer Ankunft (Abholung vom Flughafen)<\/h3><p data-path-to-node=\"15\">Sobald Sie Ihr Gep\u00e4ck abgeholt und die Zollkontrolle passiert haben, begeben Sie sich zum Ausgang auf der Schweizer Seite. Ihr privater Fahrer erwartet Sie dort mit einem Schild, nimmt Ihr Gep\u00e4ck entgegen und sorgt daf\u00fcr, dass Sie es sich im Fahrzeug bequem machen k\u00f6nnen.<\/p><ul data-path-to-node=\"16\"><li><p data-path-to-node=\"16,0,0\"><i>Inklusive: 60 Minuten kostenlose Wartezeit nach der Landung des Flugzeugs.<\/i><\/p><\/li><\/ul><h3 data-path-to-node=\"17\">2. F\u00fcr Ihre Abreise (Drop-off Flughafen)<\/h3><p data-path-to-node=\"18\">P\u00fcnktlichkeit ist unsere oberste Priorit\u00e4t. Wir holen Sie zur vereinbarten Zeit an Ihrer Adresse ab. Unsere Fahrer kennen die Verkehrsbedingungen in Genf und w\u00e4hlen die schnellste Route, um Sie stressfrei zum Abflugterminal zu bringen.<\/p><h2 data-path-to-node=\"20\">Unsere Fahrzeuge f\u00fcr Ihren Flughafentransfer<\/h2><p data-path-to-node=\"21\">W\u00e4hlen Sie den Komfort, der Ihren Bed\u00fcrfnissen entspricht:<\/p><ul data-path-to-node=\"22\"><li><p data-path-to-node=\"22,0,0\"><b>Eco (Toyota Prius):<\/b> Die wirtschaftliche und umweltfreundliche L\u00f6sung f\u00fcr 1 bis 3 Passagiere mit Standardgep\u00e4ck.<\/p><\/li><li><p data-path-to-node=\"22,1,0\"><b>Gesch\u00e4ftliches (Mercedes E-Klasse):<\/b> Reisen Sie in der Business Class. Lederausstattung, Ruhe und absoluter Komfort. Ideal f\u00fcr Gesch\u00e4ftsreisende.<\/p><\/li><li><p data-path-to-node=\"22,2,0\"><b>Gruppe &amp; Familie (Mercedes V-Klasse):<\/b> Bis zu 7 Passagiere und viel Gep\u00e4ck. Der ideale Platz f\u00fcr Familien oder Arbeitsteams.<\/p><\/li><\/ul><blockquote data-path-to-node=\"23\"><p data-path-to-node=\"23,0\"><b>Das kleine Extra:<\/b> Wasserflaschen, Ladeger\u00e4te f\u00fcr Mobiltelefone und WLAN (auf Anfrage) stehen Ihnen an Bord zur Verf\u00fcgung, damit Sie arbeiten oder sich entspannen k\u00f6nnen.<\/p><\/blockquote><h2 data-path-to-node=\"25\">Vom Flughafen aus bediente Gebiete<\/h2><p data-path-to-node=\"26\">Wir beschr\u00e4nken uns nicht auf die Genfer Innenstadt. Wir bringen Sie \u00fcberall hin, wo Sie hin m\u00fcssen:<\/p><ul data-path-to-node=\"27\"><li><p data-path-to-node=\"27,0,0\"><b>Genf Rechte Uferseite \/ Linke Uferseite<\/b><\/p><\/li><li><p data-path-to-node=\"27,1,0\"><b>Internationale Organisationen (UNO, WHO, ILO\u2026)<\/b><\/p><\/li><li><p data-path-to-node=\"27,2,0\"><b>Kanton Waadt<\/b> (Lausanne, Montreux, Nyon, Morges)<\/p><\/li><li><p data-path-to-node=\"27,3,0\"><b>Nachbarland Frankreich<\/b> (Ferney-Voltaire, Divonne-les-Bains, Gex, Annemasse)<\/p><\/li><li><p data-path-to-node=\"27,4,0\"><b>Skigebiete<\/b> (Siehe unsere spezielle Seite \u00abSkitransfer\u00bb)<\/p><\/li><\/ul>\t\t\t\t\t\t\t\t<\/div>\n\t\t\t\t<div class=\"elementor-element elementor-element-f93b902 elementor-align-center elementor-widget elementor-widget-button\" data-id=\"f93b902\" data-element_type=\"widget\" data-e-type=\"widget\" data-widget_type=\"button.default\">\n\t\t\t\t\t\t\t\t\t\t<a class=\"elementor-button elementor-button-link elementor-size-sm\" href=\"https:\/\/geneva-airport-taxi.bellaetco.ch\/de\/reserver-une-course\/\">\n\t\t\t\t\t\t<span class=\"elementor-button-content-wrapper\">\n\t\t\t\t\t\t\t\t\t<span class=\"elementor-button-text\">Eine Fahrt buchen <\/span>\n\t\t\t\t\t<\/span>\n\t\t\t\t\t<\/a>\n\t\t\t\t\t\t\t\t<\/div>\n\t\t\t\t<\/div>\n\t\t\t\t\t<\/div>\n\t\t\t\t<\/div>\n\t\t\t\t<\/div>","protected":false},"excerpt":{"rendered":"<p>Arrivez \u00e0 Gen\u00e8ve l&rsquo;esprit tranquille Oubliez la file d&rsquo;attente interminable des taxis \u00e0 la sortie du terminal ou le stress des transports en commun avec vos valises. Avec Geneva Airport Taxi, votre transfert commence d\u00e8s l&rsquo;atterrissage. Nous assurons une liaison porte-\u00e0-porte fluide entre l&rsquo;A\u00e9roport International de Gen\u00e8ve (GVA) et votre domicile, h\u00f4tel ou bureau, que [&hellip;]<\/p>","protected":false},"author":2,"featured_media":0,"parent":0,"menu_order":0,"comment_status":"closed","ping_status":"closed","template":"","meta":{"_joinchat":[],"footnotes":""},"class_list":["post-23732","page","type-page","status-publish","hentry"],"_links":{"self":[{"href":"https:\/\/geneva-airport-taxi.bellaetco.ch\/de\/wp-json\/wp\/v2\/pages\/23732","targetHints":{"allow":["GET"]}}],"collection":[{"href":"https:\/\/geneva-airport-taxi.bellaetco.ch\/de\/wp-json\/wp\/v2\/pages"}],"about":[{"href":"https:\/\/geneva-airport-taxi.bellaetco.ch\/de\/wp-json\/wp\/v2\/types\/page"}],"author":[{"embeddable":true,"href":"https:\/\/geneva-airport-taxi.bellaetco.ch\/de\/wp-json\/wp\/v2\/users\/2"}],"replies":[{"embeddable":true,"href":"https:\/\/geneva-airport-taxi.bellaetco.ch\/de\/wp-json\/wp\/v2\/comments?post=23732"}],"version-history":[{"count":23,"href":"https:\/\/geneva-airport-taxi.bellaetco.ch\/de\/wp-json\/wp\/v2\/pages\/23732\/revisions"}],"predecessor-version":[{"id":23947,"href":"https:\/\/geneva-airport-taxi.bellaetco.ch\/de\/wp-json\/wp\/v2\/pages\/23732\/revisions\/23947"}],"wp:attachment":[{"href":"https:\/\/geneva-airport-taxi.bellaetco.ch\/de\/wp-json\/wp\/v2\/media?parent=23732"}],"curies":[{"name":"wp","href":"https:\/\/api.w.org\/{rel}","templated":true}]}}