{"id":23749,"date":"2025-12-03T22:04:01","date_gmt":"2025-12-03T21:04:01","guid":{"rendered":"https:\/\/geneva-airport-taxi.bellaetco.ch\/?page_id=23749"},"modified":"2025-12-04T15:41:13","modified_gmt":"2025-12-04T14:41:13","slug":"taxi-gare-cornavin-geneve","status":"publish","type":"page","link":"https:\/\/geneva-airport-taxi.bellaetco.ch\/de\/taxi-gare-cornavin-geneve\/","title":{"rendered":"Taxi Bahnhof Cornavin Genf"},"content":{"rendered":"<div data-elementor-type=\"wp-page\" data-elementor-id=\"23749\" class=\"elementor elementor-23749\" data-elementor-post-type=\"page\">\n\t\t\t\t<div class=\"elementor-element elementor-element-9efc511 e-flex e-con-boxed e-con e-parent\" data-id=\"9efc511\" data-element_type=\"container\" data-e-type=\"container\" data-settings=\"{&quot;background_background&quot;:&quot;classic&quot;}\">\n\t\t\t\t\t<div class=\"e-con-inner\">\n\t\t<div class=\"elementor-element elementor-element-f03e132 e-con-full e-flex e-con e-child\" data-id=\"f03e132\" data-element_type=\"container\" data-e-type=\"container\">\n\t\t\t\t<div class=\"elementor-element elementor-element-3475346 elementor-widget elementor-widget-heading\" data-id=\"3475346\" data-element_type=\"widget\" data-e-type=\"widget\" data-widget_type=\"heading.default\">\n\t\t\t\t\t<h1 class=\"elementor-heading-title elementor-size-default\">Taxi Bahnhof Cornavin Genf<\/h1>\t\t\t\t<\/div>\n\t\t\t\t<div class=\"elementor-element elementor-element-c603c52 elementor-widget elementor-widget-text-editor\" data-id=\"c603c52\" data-element_type=\"widget\" data-e-type=\"widget\" data-widget_type=\"text-editor.default\">\n\t\t\t\t\t\t\t\t\t<p class=\"my-2 [&amp;+p]:mt-4 [&amp;_strong:has(+br)]:inline-block [&amp;_strong:has(+br)]:pb-2\">Ben\u00f6tigen Sie am Bahnhof Cornavin in Genf einen schnellen und zuverl\u00e4ssigen Transfer? Unsere professionellen Taxis stehen Ihnen jederzeit zur Verf\u00fcgung, um Sie abzuholen und an Ihr Ziel zu bringen. Ob Sie mit dem Zug ankommen oder eine Abfahrt geplant haben, unsere erfahrenen Fahrer garantieren Ihnen einen p\u00fcnktlichen, komfortablen und stressfreien Service.<\/p><p class=\"my-2 [&amp;+p]:mt-4 [&amp;_strong:has(+br)]:inline-block [&amp;_strong:has(+br)]:pb-2\">Unser Taxiservice am Bahnhof Genf bietet transparente Preise und einen pers\u00f6nlichen Empfang. Keine \u00dcberraschungen beim Preis, keine unn\u00f6tigen Umwege \u2013 nur eine effiziente und professionelle Fahrt.<\/p>\t\t\t\t\t\t\t\t<\/div>\n\t\t\t\t<div class=\"elementor-element elementor-element-5e94e03 elementor-align-left elementor-tablet-align-center elementor-widget elementor-widget-button\" data-id=\"5e94e03\" data-element_type=\"widget\" data-e-type=\"widget\" data-widget_type=\"button.default\">\n\t\t\t\t\t\t\t\t\t\t<a class=\"elementor-button elementor-button-link elementor-size-sm\" href=\"https:\/\/geneva-airport-taxi.bellaetco.ch\/de\/reserver-une-course\/\">\n\t\t\t\t\t\t<span class=\"elementor-button-content-wrapper\">\n\t\t\t\t\t\t\t\t\t<span class=\"elementor-button-text\">Eine Fahrt buchen <\/span>\n\t\t\t\t\t<\/span>\n\t\t\t\t\t<\/a>\n\t\t\t\t\t\t\t\t<\/div>\n\t\t\t\t<\/div>\n\t\t\t\t\t<\/div>\n\t\t\t\t<\/div>\n\t\t<div class=\"elementor-element elementor-element-6f87ad2 e-flex e-con-boxed e-con e-parent\" data-id=\"6f87ad2\" data-element_type=\"container\" data-e-type=\"container\">\n\t\t\t\t\t<div class=\"e-con-inner\">\n\t\t<div class=\"elementor-element elementor-element-f915dc5 e-con-full e-flex e-con e-child\" data-id=\"f915dc5\" data-element_type=\"container\" data-e-type=\"container\">\n\t\t<div class=\"elementor-element elementor-element-7946b57 e-con-full e-flex e-con e-child\" data-id=\"7946b57\" data-element_type=\"container\" data-e-type=\"container\">\n\t\t\t\t<div class=\"elementor-element elementor-element-aaff24c elementor-widget elementor-widget-image\" data-id=\"aaff24c\" data-element_type=\"widget\" data-e-type=\"widget\" data-widget_type=\"image.default\">\n\t\t\t\t\t\t\t\t\t\t\t\t\t\t\t<img fetchpriority=\"high\" decoding=\"async\" width=\"800\" height=\"418\" src=\"https:\/\/geneva-airport-taxi.bellaetco.ch\/wp-content\/uploads\/2025\/12\/gat-1024x535.jpg\" class=\"attachment-large size-large wp-image-12300\" alt=\"Chauffeur en train d&#039;attendre un client \u00e0 l&#039;a\u00e9ropor de Gen\u00e8ve\" srcset=\"https:\/\/geneva-airport-taxi.bellaetco.ch\/wp-content\/uploads\/2025\/12\/gat-1024x535.jpg 1024w, https:\/\/geneva-airport-taxi.bellaetco.ch\/wp-content\/uploads\/2025\/12\/gat-300x157.jpg 300w, https:\/\/geneva-airport-taxi.bellaetco.ch\/wp-content\/uploads\/2025\/12\/gat-768x401.jpg 768w, https:\/\/geneva-airport-taxi.bellaetco.ch\/wp-content\/uploads\/2025\/12\/gat-460x240.jpg 460w, https:\/\/geneva-airport-taxi.bellaetco.ch\/wp-content\/uploads\/2025\/12\/gat-800x418.jpg 800w, https:\/\/geneva-airport-taxi.bellaetco.ch\/wp-content\/uploads\/2025\/12\/gat-600x314.jpg 600w, https:\/\/geneva-airport-taxi.bellaetco.ch\/wp-content\/uploads\/2025\/12\/gat.jpg 1200w\" sizes=\"(max-width: 800px) 100vw, 800px\" \/>\t\t\t\t\t\t\t\t\t\t\t\t\t\t\t<\/div>\n\t\t\t\t<\/div>\n\t\t<div class=\"elementor-element elementor-element-16a1f3c e-con-full e-flex e-con e-child\" data-id=\"16a1f3c\" data-element_type=\"container\" data-e-type=\"container\">\n\t\t\t\t<div class=\"elementor-element elementor-element-18f19d6 elementor-widget elementor-widget-heading\" data-id=\"18f19d6\" data-element_type=\"widget\" data-e-type=\"widget\" data-widget_type=\"heading.default\">\n\t\t\t\t\t<h2 class=\"elementor-heading-title elementor-size-default\"> Transferservice vom Bahnhof Cornavin<\/h2>\t\t\t\t<\/div>\n\t\t\t\t<div class=\"elementor-element elementor-element-1a8b08e elementor-widget elementor-widget-text-editor\" data-id=\"1a8b08e\" data-element_type=\"widget\" data-e-type=\"widget\" data-widget_type=\"text-editor.default\">\n\t\t\t\t\t\t\t\t\t<p class=\"my-2 [&amp;+p]:mt-4 [&amp;_strong:has(+br)]:inline-block [&amp;_strong:has(+br)]:pb-2\">Der Bahnhof Cornavin in Genf ist ein wichtiger Verkehrsknotenpunkt. Ob Sie aus Z\u00fcrich, Basel, Bern oder Frankreich anreisen, unsere Fahrer stehen bereit, um Sie bei Ihrer Ankunft am Bahnsteig zu empfangen. Da wir st\u00e4ndig am Bahnhof pr\u00e4sent sind, garantieren wir Ihnen, dass Sie nie lange warten m\u00fcssen.<\/p><p class=\"my-2 [&amp;+p]:mt-4 [&amp;_strong:has(+br)]:inline-block [&amp;_strong:has(+br)]:pb-2\">Unsere Dienstleistungen umfassen:<\/p><p class=\"my-2 [&amp;+p]:mt-4 [&amp;_strong:has(+br)]:inline-block [&amp;_strong:has(+br)]:pb-2\">\u2713 Transfer vom Bahnhof zum Flughafen Genf (schneller Transfer, 15\u201320 Minuten)<br \/>\u2713 Transfer vom Bahnhof zum Hotel oder ins Stadtzentrum<br \/>\u2713 Transfer vom Bahnhof zu den Skigebieten (Verbier, Zermatt, Chamonix)<br \/>\u2713 Transfer vom Bahnhof nach Frankreich (Lyon, Chamb\u00e9ry, \u00c9vian)<br \/>\u2713 Gruppenservice f\u00fcr bis zu 7 Personen<br \/>\u2713 Gep\u00e4ckhilfe inklusive<br \/>\u2713 Rund um die Uhr verf\u00fcgbar<\/p>\t\t\t\t\t\t\t\t<\/div>\n\t\t\t\t<div class=\"elementor-element elementor-element-dff2178 elementor-align-left elementor-mobile-align-center elementor-widget elementor-widget-button\" data-id=\"dff2178\" data-element_type=\"widget\" data-e-type=\"widget\" data-widget_type=\"button.default\">\n\t\t\t\t\t\t\t\t\t\t<a class=\"elementor-button elementor-button-link elementor-size-sm\" href=\"https:\/\/geneva-airport-taxi.bellaetco.ch\/de\/reserver-une-course\/\">\n\t\t\t\t\t\t<span class=\"elementor-button-content-wrapper\">\n\t\t\t\t\t\t\t\t\t<span class=\"elementor-button-text\">Eine Fahrt buchen <\/span>\n\t\t\t\t\t<\/span>\n\t\t\t\t\t<\/a>\n\t\t\t\t\t\t\t\t<\/div>\n\t\t\t\t<\/div>\n\t\t\t\t<\/div>\n\t\t<div class=\"elementor-element elementor-element-84d96be e-con-full e-flex e-con e-child\" data-id=\"84d96be\" data-element_type=\"container\" data-e-type=\"container\">\n\t\t\t\t<div class=\"elementor-element elementor-element-74537e7 elementor-widget elementor-widget-text-editor\" data-id=\"74537e7\" data-element_type=\"widget\" data-e-type=\"widget\" data-widget_type=\"text-editor.default\">\n\t\t\t\t\t\t\t\t\t<h2>Warum sollten Sie sich f\u00fcr unser Taxi am Bahnhof Cornavin entscheiden?<\/h2>\n<h4>Zuverl\u00e4ssiger und professioneller Service<\/h4>\n<p class=\"my-2 [&amp;+p]:mt-4 [&amp;_strong:has(+br)]:inline-block [&amp;_strong:has(+br)]:pb-2\">Unsere Fahrer kennen den Bahnhof Cornavin und die besten Routen, um Sie schnell an Ihr Ziel zu bringen, genau. Jeder unserer Fahrer ist im Bereich Premium-Kundenservice geschult.<\/p>\n<h4>P\u00fcnktlichkeit garantiert<\/h4>\n<p class=\"my-2 [&amp;+p]:mt-4 [&amp;_strong:has(+br)]:inline-block [&amp;_strong:has(+br)]:pb-2\">Wir wissen, dass Zugfahrpl\u00e4ne streng sind. Unsere Fahrer \u00fcberwachen die Zugank\u00fcnfte in Echtzeit und stehen bereit, Sie zu empfangen, sobald Sie die Bahnhofst\u00fcren verlassen.<\/p>\n<p class=\"my-2 [&amp;+p]:mt-4 [&amp;_strong:has(+br)]:inline-block [&amp;_strong:has(+br)]:pb-2\"><h4>Transparente und wettbewerbsf\u00e4hige Preise<\/h4>Keine versteckten Kosten. Unsere Preise werden im Voraus festgelegt, damit Sie sich keine Sorgen machen m\u00fcssen. Sie zahlen genau den vereinbarten Preis, nicht mehr und nicht weniger.<\/p>\n<h4>Komfort und Sicherheit<\/h4>\n<p class=\"my-2 [&amp;+p]:mt-4 [&amp;_strong:has(+br)]:inline-block [&amp;_strong:has(+br)]:pb-2\">Unsere Flotte umfasst komfortable Mercedes E-Klasse-Fahrzeuge, ger\u00e4umige Mercedes V-Klasse-Fahrzeuge und umweltfreundliche Toyota Prius-Fahrzeuge. Alle unsere Fahrzeuge sind in einwandfreiem Zustand und werden nach den h\u00f6chsten Sicherheitsstandards gewartet.<\/p>\n<p><\/p>\n<h2>So reservieren Sie Ihr Taxi am Bahnhof Genf<\/h2>\n<p class=\"my-2 [&amp;+p]:mt-4 [&amp;_strong:has(+br)]:inline-block [&amp;_strong:has(+br)]:pb-2\"><strong>Option 1: Telefonanruf (vorrangig)<\/strong><br>Rufen Sie direkt unter +41 78 659 91 15 an. Unser Team best\u00e4tigt Ihnen umgehend die Verf\u00fcgbarkeit und den Preis.<\/p>\n<p class=\"my-2 [&amp;+p]:mt-4 [&amp;_strong:has(+br)]:inline-block [&amp;_strong:has(+br)]:pb-2\"><strong>Option 2: Online-Formular<\/strong><br>F\u00fcllen Sie unser Reservierungsformular mit Ihren Flug-\/Zugdaten aus. Wir werden Sie zur Best\u00e4tigung kontaktieren.<\/p>\n<h2>H\u00e4ufig gestellte Fragen \u2013 Taxi Bahnhof Cornavin<\/h2>\n<p class=\"my-2 [&amp;+p]:mt-4 [&amp;_strong:has(+br)]:inline-block [&amp;_strong:has(+br)]:pb-2\"><h4><strong>Wo suchen Sie mich am Bahnhof?<\/strong><\/h4>Wir erwarten Sie am offiziellen Taxistand des Bahnhofs Cornavin. Geben Sie bei der Buchung Ihren genauen Standort (Bahnsteig, Ausgang) an, und wir werden Sie dort abholen.<\/p>\n<p class=\"my-2 [&amp;+p]:mt-4 [&amp;_strong:has(+br)]:inline-block [&amp;_strong:has(+br)]:pb-2\"><h4><strong>Wie lange dauert die Fahrt vom Bahnhof zum Flughafen im Durchschnitt?<\/strong><\/h4>Rechnen Sie unter normalen Verkehrsbedingungen mit 15 bis 20 Minuten. Zu den Sto\u00dfzeiten sind es 20 bis 30 Minuten.<\/p>\n<p class=\"my-2 [&amp;+p]:mt-4 [&amp;_strong:has(+br)]:inline-block [&amp;_strong:has(+br)]:pb-2\"><h4><strong>K\u00f6nnen Sie mein Gep\u00e4ck tragen?<\/strong><\/h4>Selbstverst\u00e4ndlich. Unsere Fahrer helfen Ihnen beim Be- und Entladen Ihres Gep\u00e4cks ohne zus\u00e4tzliche Kosten.<\/p>\n<p class=\"my-2 [&amp;+p]:mt-4 [&amp;_strong:has(+br)]:inline-block [&amp;_strong:has(+br)]:pb-2\"><h4><strong>Ist es m\u00f6glich, unterwegs Zwischenstopps einzulegen?<\/strong><\/h4>Ja, Sie k\u00f6nnen bis zu drei zus\u00e4tzliche Haltestellen hinzuf\u00fcgen. Dies wird als zus\u00e4tzliche Zeit zum geltenden Tarif berechnet.<\/p>\n<p class=\"my-2 [&amp;+p]:mt-4 [&amp;_strong:has(+br)]:inline-block [&amp;_strong:has(+br)]:pb-2\"><h4><strong>Akzeptieren Sie Kreditkarten?<\/strong><\/h4>Ja, wir akzeptieren Visa, Mastercard und Amex. Sie k\u00f6nnen auch bar bezahlen.<\/p>\n<p class=\"my-2 [&amp;+p]:mt-4 [&amp;_strong:has(+br)]:inline-block [&amp;_strong:has(+br)]:pb-2\"><h4><strong>Kann man mit Kindern reisen?<\/strong><\/h4>Selbstverst\u00e4ndlich. Kindersitze und Sitzerh\u00f6hungen sind auf Anfrage kostenlos erh\u00e4ltlich.<\/p>\t\t\t\t\t\t\t\t<\/div>\n\t\t\t\t<div class=\"elementor-element elementor-element-7bc7ef6 elementor-align-left elementor-mobile-align-center elementor-widget elementor-widget-button\" data-id=\"7bc7ef6\" data-element_type=\"widget\" data-e-type=\"widget\" data-widget_type=\"button.default\">\n\t\t\t\t\t\t\t\t\t\t<a class=\"elementor-button elementor-button-link elementor-size-sm\" href=\"https:\/\/geneva-airport-taxi.bellaetco.ch\/de\/reserver-une-course\/\">\n\t\t\t\t\t\t<span class=\"elementor-button-content-wrapper\">\n\t\t\t\t\t\t\t\t\t<span class=\"elementor-button-text\">Eine Fahrt buchen <\/span>\n\t\t\t\t\t<\/span>\n\t\t\t\t\t<\/a>\n\t\t\t\t\t\t\t\t<\/div>\n\t\t\t\t<\/div>\n\t\t\t\t\t<\/div>\n\t\t\t\t<\/div>\n\t\t\t\t<\/div>","protected":false},"excerpt":{"rendered":"<p>\u00c0 la gare Cornavin de Gen\u00e8ve, vous avez besoin d&rsquo;un transfert rapide et fiable ? Nos taxis professionnels sont disponibles \u00e0 chaque instant pour vous accueillir et vous conduire vers votre destination. Que vous arriviez en train ou que vous ayez un d\u00e9part pr\u00e9vu, nos chauffeurs exp\u00e9riment\u00e9s garantissent un service ponctuel, confortable et sans stress. [&hellip;]<\/p>","protected":false},"author":2,"featured_media":0,"parent":0,"menu_order":0,"comment_status":"closed","ping_status":"closed","template":"","meta":{"_joinchat":[],"footnotes":""},"class_list":["post-23749","page","type-page","status-publish","hentry"],"_links":{"self":[{"href":"https:\/\/geneva-airport-taxi.bellaetco.ch\/de\/wp-json\/wp\/v2\/pages\/23749","targetHints":{"allow":["GET"]}}],"collection":[{"href":"https:\/\/geneva-airport-taxi.bellaetco.ch\/de\/wp-json\/wp\/v2\/pages"}],"about":[{"href":"https:\/\/geneva-airport-taxi.bellaetco.ch\/de\/wp-json\/wp\/v2\/types\/page"}],"author":[{"embeddable":true,"href":"https:\/\/geneva-airport-taxi.bellaetco.ch\/de\/wp-json\/wp\/v2\/users\/2"}],"replies":[{"embeddable":true,"href":"https:\/\/geneva-airport-taxi.bellaetco.ch\/de\/wp-json\/wp\/v2\/comments?post=23749"}],"version-history":[{"count":17,"href":"https:\/\/geneva-airport-taxi.bellaetco.ch\/de\/wp-json\/wp\/v2\/pages\/23749\/revisions"}],"predecessor-version":[{"id":23908,"href":"https:\/\/geneva-airport-taxi.bellaetco.ch\/de\/wp-json\/wp\/v2\/pages\/23749\/revisions\/23908"}],"wp:attachment":[{"href":"https:\/\/geneva-airport-taxi.bellaetco.ch\/de\/wp-json\/wp\/v2\/media?parent=23749"}],"curies":[{"name":"wp","href":"https:\/\/api.w.org\/{rel}","templated":true}]}}