{"id":23792,"date":"2025-12-04T12:50:13","date_gmt":"2025-12-04T11:50:13","guid":{"rendered":"https:\/\/geneva-airport-taxi.bellaetco.ch\/?page_id=23792"},"modified":"2025-12-04T15:41:27","modified_gmt":"2025-12-04T14:41:27","slug":"questions-frequentes-faq","status":"publish","type":"page","link":"https:\/\/geneva-airport-taxi.bellaetco.ch\/de\/questions-frequentes-faq\/","title":{"rendered":"H\u00e4ufig gestellte Fragen"},"content":{"rendered":"<div data-elementor-type=\"wp-page\" data-elementor-id=\"23792\" class=\"elementor elementor-23792\" data-elementor-post-type=\"page\">\n\t\t\t\t<div class=\"elementor-element elementor-element-9efc511 e-flex e-con-boxed e-con e-parent\" data-id=\"9efc511\" data-element_type=\"container\" data-e-type=\"container\" data-settings=\"{&quot;background_background&quot;:&quot;classic&quot;}\">\n\t\t\t\t\t<div class=\"e-con-inner\">\n\t\t<div class=\"elementor-element elementor-element-f03e132 e-con-full e-flex e-con e-child\" data-id=\"f03e132\" data-element_type=\"container\" data-e-type=\"container\">\n\t\t\t\t<div class=\"elementor-element elementor-element-3475346 elementor-widget elementor-widget-heading\" data-id=\"3475346\" data-element_type=\"widget\" data-e-type=\"widget\" data-widget_type=\"heading.default\">\n\t\t\t\t\t<h1 class=\"elementor-heading-title elementor-size-default\">H\u00e4ufig gestellte Fragen<\/h1>\t\t\t\t<\/div>\n\t\t\t\t<\/div>\n\t\t\t\t\t<\/div>\n\t\t\t\t<\/div>\n\t\t<div class=\"elementor-element elementor-element-6f87ad2 e-flex e-con-boxed e-con e-parent\" data-id=\"6f87ad2\" data-element_type=\"container\" data-e-type=\"container\">\n\t\t\t\t\t<div class=\"e-con-inner\">\n\t\t<div class=\"elementor-element elementor-element-84d96be e-con-full e-flex e-con e-child\" data-id=\"84d96be\" data-element_type=\"container\" data-e-type=\"container\">\n\t\t\t\t<div class=\"elementor-element elementor-element-74537e7 elementor-widget elementor-widget-text-editor\" data-id=\"74537e7\" data-element_type=\"widget\" data-e-type=\"widget\" data-widget_type=\"text-editor.default\">\n\t\t\t\t\t\t\t\t\t<h2 data-path-to-node=\"7\">Reservierung und Bezahlung<\/h2><p data-path-to-node=\"8\"><b>F: Wie kann ich mein Taxi oder meinen privaten Fahrer reservieren?<\/b>\u00a0<br \/><b>A:<\/b> Wir haben den Vorgang f\u00fcr Sie vereinfacht. Sie k\u00f6nnen Ihre Fahrt direkt \u00fcber unsere <b>Online-Formular<\/b> auf der Startseite, indem Sie Ihren Abholort und Ihr Ziel angeben. F\u00fcr eine sofortige oder dringende Reservierung empfehlen wir Ihnen, uns direkt unter der Nummer <b>+41 78 659 91 15<\/b> (rund um die Uhr verf\u00fcgbar).<\/p><p data-path-to-node=\"9\"><b>F: Welche Zahlungsmittel werden akzeptiert?<\/b> <br \/><b>A:<\/b> Wir legen Wert auf Transparenz. Der Preis kann im Voraus vereinbart werden, um unangenehme \u00dcberraschungen zu vermeiden. Sie k\u00f6nnen Ihre Fahrt direkt beim Fahrer bezahlen. Z\u00f6gern Sie nicht, bei Ihrer Buchung einen Kostenvoranschlag anzufordern.<\/p><p data-path-to-node=\"10\"><b>F: Kann ich meine Reservierung stornieren oder \u00e4ndern?<\/b> <br \/><b>A:<\/b> Ja, wir verstehen, dass sich Reisepl\u00e4ne \u00e4ndern k\u00f6nnen. Wenn Sie die Uhrzeit \u00e4ndern oder Ihre Fahrt stornieren m\u00fcssen, kontaktieren Sie uns bitte so schnell wie m\u00f6glich unter der Telefonnummer +41 78 659 91 15, damit wir den Zeitplan unserer Fahrer neu organisieren k\u00f6nnen.<\/p><h2 data-path-to-node=\"12\">Am Flughafen Genf (Ankunft und Abflug)<\/h2><p data-path-to-node=\"13\"><b>F: Was passiert, wenn mein Flug Versp\u00e4tung hat?<\/b> <br \/><b>A:<\/b> Kein Stress! Bei Ihrer Buchung fragen wir Sie nach Ihrer Flugnummer. So k\u00f6nnen wir Ihre Ankunft in Echtzeit verfolgen. Sollte Ihr Flug Versp\u00e4tung haben, passt Ihr Fahrer seine Ankunftszeit an und wartet ohne zus\u00e4tzliche Kosten auf Sie.<\/p><p data-path-to-node=\"14\"><b>F: Wo treffe ich meinen Fahrer am Flughafen?<\/b> <br \/><b>A:<\/b> Ihr privater Fahrer erwartet Sie direkt in der Ankunftshalle, nachdem Sie Ihr Gep\u00e4ck abgeholt haben. Er h\u00e4lt ein Schild (oder ein Tablet) mit Ihrem Namen deutlich sichtbar in der Hand, damit Sie ihn sofort erkennen und Ihre Fahrt ohne Wartezeit beginnen k\u00f6nnen.<\/p><p data-path-to-node=\"15\"><b>F: Wie lange im Voraus muss ich einen Transfer zum Flughafen buchen?<\/b> <br \/><b>A:<\/b> Wir sind rund um die Uhr f\u00fcr Sie da, aber um die Verf\u00fcgbarkeit des Fahrzeugs Ihrer Wahl (insbesondere von Kleinbussen f\u00fcr Gruppen) zu gew\u00e4hrleisten, empfehlen wir Ihnen, mindestens 24 Stunden im Voraus zu reservieren. Bei Last-Minute-Anfragen rufen Sie uns bitte direkt an.<\/p><h2 data-path-to-node=\"17\">Bordservice und Fahrzeuge<\/h2><p data-path-to-node=\"18\"><b>F: Welche Fahrzeugtypen bieten Sie an?<\/b> <br \/><b>A:<\/b> Unsere Flotte ist modern und f\u00fcr alle Bed\u00fcrfnisse geeignet:<\/p><ul data-path-to-node=\"19\"><li><p data-path-to-node=\"19,0,0\"><b>Mercedes E-Klasse<\/b> : F\u00fcr Alleinreisende oder Paare, die Komfort und Eleganz suchen.<\/p><\/li><li><p data-path-to-node=\"19,1,0\"><b>Mercedes V-Klasse (Van)<\/b> : Ideal f\u00fcr Familien oder Gruppen (bis zu 7 Passagiere) mit viel Gep\u00e4ck.<\/p><\/li><li><p data-path-to-node=\"19,2,0\"><b>Toyota Prius<\/b> : Eine umweltfreundliche und kosteng\u00fcnstige Option, ohne auf Komfort zu verzichten. Alle unsere Fahrzeuge sind klimatisiert und werden sorgf\u00e4ltig gewartet.<\/p><\/li><\/ul><p data-path-to-node=\"20\"><b>F: Stellen Sie Kindersitze zur Verf\u00fcgung?<\/b> <br \/><b>A:<\/b> Ja, die Sicherheit Ihrer Kinder hat f\u00fcr uns oberste Priorit\u00e4t. Wir stellen Ihnen zur Verf\u00fcgung <b>kostenlos<\/b> Kindersitze und Sitzerh\u00f6hungen auf einfache Anfrage bei der Reservierung.<\/p><p data-path-to-node=\"21\"><b>F: Fallen zus\u00e4tzliche Geb\u00fchren f\u00fcr Gep\u00e4ck an?<\/b> <br \/><b>A:<\/b> Nein. Im Gegensatz zu einigen anderen Diensten k\u00fcmmern wir uns um Ihr Gep\u00e4ck. <b>ohne zus\u00e4tzliche Kosten<\/b>. Wenn Sie sperriges Gep\u00e4ck (Skier, Instrumente usw.) haben, teilen Sie uns dies bitte mit, damit wir ein geeignetes Fahrzeug (z. B. einen Van) bereitstellen k\u00f6nnen.<\/p><p data-path-to-node=\"22\"><b>F: Bieten Sie Wasser oder Ladeger\u00e4te an Bord an?<\/b> <br \/><b>A:<\/b> Selbstverst\u00e4ndlich. Um Ihre Reise noch angenehmer zu gestalten, stehen Ihnen an Bord Wasserflaschen zur Verf\u00fcgung. Au\u00dferdem finden Sie Ladeger\u00e4te f\u00fcr Ihre elektronischen Ger\u00e4te, damit Sie w\u00e4hrend Ihrer gesamten Reise in Verbindung bleiben k\u00f6nnen.<\/p><h2 data-path-to-node=\"24\">Sonderziele und Sonderfahrten<\/h2><p data-path-to-node=\"25\"><b>F: Bieten Sie Fahrten zu den Skigebieten von Genf aus an?<\/b> <br \/><b>A:<\/b> Ja, wir sind auf Transfers zu Schweizer und franz\u00f6sischen Skigebieten spezialisiert. Wir bedienen regelm\u00e4\u00dfig: Chamonix, Verbier, Gstaad, Meg\u00e8ve, Courchevel, Crans-Montana, Zermatt und viele andere. Unsere Fahrer sind mit Bergstra\u00dfen vertraut.<\/p><p data-path-to-node=\"26\"><b>F: Kann ich unterwegs zus\u00e4tzliche Zwischenstopps einlegen?<\/b> <br \/><b>A:<\/b> Ja, unser Service ist flexibel. Sie k\u00f6nnen Zwischenstopps hinzuf\u00fcgen (um einen Kollegen abzuholen oder eine kurze Besorgung zu machen). Bitte geben Sie dies bei der Buchung an, damit wir die Fahrzeit entsprechend anpassen k\u00f6nnen.<\/p><p data-path-to-node=\"27\"><b>F: Bieten Sie Dienstleistungen f\u00fcr VIPs oder F\u00fchrungskr\u00e4fte an?<\/b> <br \/><b>A:<\/b> Ganz genau. Wir bieten einen \u00abExecutive\u00bb- und \u00abVIP\u00bb-Service, der absolute Diskretion, Luxusfahrzeuge (get\u00f6nte Scheiben, gehobener Komfort) und professionelle englischsprachige Fahrer garantiert, die an eine anspruchsvolle Kundschaft gew\u00f6hnt sind.<\/p>\t\t\t\t\t\t\t\t<\/div>\n\t\t\t\t<div class=\"elementor-element elementor-element-7bc7ef6 elementor-align-left elementor-mobile-align-center elementor-widget elementor-widget-button\" data-id=\"7bc7ef6\" data-element_type=\"widget\" data-e-type=\"widget\" data-widget_type=\"button.default\">\n\t\t\t\t\t\t\t\t\t\t<a class=\"elementor-button elementor-button-link elementor-size-sm\" href=\"https:\/\/geneva-airport-taxi.bellaetco.ch\/de\/reserver-une-course\/\">\n\t\t\t\t\t\t<span class=\"elementor-button-content-wrapper\">\n\t\t\t\t\t\t\t\t\t<span class=\"elementor-button-text\">Eine Fahrt buchen <\/span>\n\t\t\t\t\t<\/span>\n\t\t\t\t\t<\/a>\n\t\t\t\t\t\t\t\t<\/div>\n\t\t\t\t<\/div>\n\t\t\t\t\t<\/div>\n\t\t\t\t<\/div>\n\t\t\t\t<\/div>","protected":false},"excerpt":{"rendered":"<p>R\u00e9servation et Paiement Q : Comment puis-je r\u00e9server mon taxi ou mon chauffeur priv\u00e9 ?\u00a0R : Nous avons simplifi\u00e9 le processus pour vous. Vous pouvez r\u00e9server votre course directement via notre formulaire en ligne sur la page d&rsquo;accueil en indiquant vos lieux de prise en charge et de destination. Pour une r\u00e9servation imm\u00e9diate ou urgente, [&hellip;]<\/p>","protected":false},"author":2,"featured_media":0,"parent":0,"menu_order":0,"comment_status":"closed","ping_status":"closed","template":"","meta":{"_joinchat":[],"footnotes":""},"class_list":["post-23792","page","type-page","status-publish","hentry"],"_links":{"self":[{"href":"https:\/\/geneva-airport-taxi.bellaetco.ch\/de\/wp-json\/wp\/v2\/pages\/23792","targetHints":{"allow":["GET"]}}],"collection":[{"href":"https:\/\/geneva-airport-taxi.bellaetco.ch\/de\/wp-json\/wp\/v2\/pages"}],"about":[{"href":"https:\/\/geneva-airport-taxi.bellaetco.ch\/de\/wp-json\/wp\/v2\/types\/page"}],"author":[{"embeddable":true,"href":"https:\/\/geneva-airport-taxi.bellaetco.ch\/de\/wp-json\/wp\/v2\/users\/2"}],"replies":[{"embeddable":true,"href":"https:\/\/geneva-airport-taxi.bellaetco.ch\/de\/wp-json\/wp\/v2\/comments?post=23792"}],"version-history":[{"count":7,"href":"https:\/\/geneva-airport-taxi.bellaetco.ch\/de\/wp-json\/wp\/v2\/pages\/23792\/revisions"}],"predecessor-version":[{"id":23914,"href":"https:\/\/geneva-airport-taxi.bellaetco.ch\/de\/wp-json\/wp\/v2\/pages\/23792\/revisions\/23914"}],"wp:attachment":[{"href":"https:\/\/geneva-airport-taxi.bellaetco.ch\/de\/wp-json\/wp\/v2\/media?parent=23792"}],"curies":[{"name":"wp","href":"https:\/\/api.w.org\/{rel}","templated":true}]}}