{"id":23799,"date":"2025-12-04T13:07:38","date_gmt":"2025-12-04T12:07:38","guid":{"rendered":"https:\/\/geneva-airport-taxi.bellaetco.ch\/?page_id=23799"},"modified":"2025-12-04T15:41:05","modified_gmt":"2025-12-04T14:41:05","slug":"transferts-ski-montagne","status":"publish","type":"page","link":"https:\/\/geneva-airport-taxi.bellaetco.ch\/de\/transferts-ski-montagne\/","title":{"rendered":"Transferts ski &amp; montagne"},"content":{"rendered":"<div data-elementor-type=\"wp-page\" data-elementor-id=\"23799\" class=\"elementor elementor-23799\" data-elementor-post-type=\"page\">\n\t\t\t\t<div class=\"elementor-element elementor-element-9efc511 e-flex e-con-boxed e-con e-parent\" data-id=\"9efc511\" data-element_type=\"container\" data-e-type=\"container\" data-settings=\"{&quot;background_background&quot;:&quot;classic&quot;}\">\n\t\t\t\t\t<div class=\"e-con-inner\">\n\t\t<div class=\"elementor-element elementor-element-f03e132 e-con-full e-flex e-con e-child\" data-id=\"f03e132\" data-element_type=\"container\" data-e-type=\"container\">\n\t\t\t\t<div class=\"elementor-element elementor-element-3475346 elementor-widget elementor-widget-heading\" data-id=\"3475346\" data-element_type=\"widget\" data-e-type=\"widget\" data-widget_type=\"heading.default\">\n\t\t\t\t\t<h1 class=\"elementor-heading-title elementor-size-default\">Taxi-Transfer zu den Skigebieten vom Flughafen Genf<\/h1>\t\t\t\t<\/div>\n\t\t\t\t<div class=\"elementor-element elementor-element-c603c52 elementor-widget elementor-widget-text-editor\" data-id=\"c603c52\" data-element_type=\"widget\" data-e-type=\"widget\" data-widget_type=\"text-editor.default\">\n\t\t\t\t\t\t\t\t\t<p class=\"my-2 [&amp;+p]:mt-4 [&amp;_strong:has(+br)]:inline-block [&amp;_strong:has(+br)]:pb-2\">Beginnen Sie Ihren Urlaub in den Bergen ganz entspannt: mit geeigneten Fahrzeugen, erfahrenen Fahrern und kostenlosem Transport Ihrer Ausr\u00fcstung.<\/p>\t\t\t\t\t\t\t\t<\/div>\n\t\t\t\t<div class=\"elementor-element elementor-element-5e94e03 elementor-align-left elementor-tablet-align-center elementor-widget elementor-widget-button\" data-id=\"5e94e03\" data-element_type=\"widget\" data-e-type=\"widget\" data-widget_type=\"button.default\">\n\t\t\t\t\t\t\t\t\t\t<a class=\"elementor-button elementor-button-link elementor-size-sm\" href=\"https:\/\/geneva-airport-taxi.bellaetco.ch\/de\/reserver-une-course\/\">\n\t\t\t\t\t\t<span class=\"elementor-button-content-wrapper\">\n\t\t\t\t\t\t\t\t\t<span class=\"elementor-button-text\">Eine Fahrt buchen <\/span>\n\t\t\t\t\t<\/span>\n\t\t\t\t\t<\/a>\n\t\t\t\t\t\t\t\t<\/div>\n\t\t\t\t<\/div>\n\t\t\t\t\t<\/div>\n\t\t\t\t<\/div>\n\t\t<div class=\"elementor-element elementor-element-6f87ad2 e-flex e-con-boxed e-con e-parent\" data-id=\"6f87ad2\" data-element_type=\"container\" data-e-type=\"container\">\n\t\t\t\t\t<div class=\"e-con-inner\">\n\t\t<div class=\"elementor-element elementor-element-f915dc5 e-con-full e-flex e-con e-child\" data-id=\"f915dc5\" data-element_type=\"container\" data-e-type=\"container\">\n\t\t<div class=\"elementor-element elementor-element-7946b57 e-con-full e-flex e-con e-child\" data-id=\"7946b57\" data-element_type=\"container\" data-e-type=\"container\">\n\t\t\t\t<div class=\"elementor-element elementor-element-aaff24c elementor-widget elementor-widget-image\" data-id=\"aaff24c\" data-element_type=\"widget\" data-e-type=\"widget\" data-widget_type=\"image.default\">\n\t\t\t\t\t\t\t\t\t\t\t\t\t\t\t<img fetchpriority=\"high\" decoding=\"async\" width=\"800\" height=\"418\" src=\"https:\/\/geneva-airport-taxi.bellaetco.ch\/wp-content\/uploads\/2025\/12\/gat-1024x535.jpg\" class=\"attachment-large size-large wp-image-12300\" alt=\"Chauffeur en train d&#039;attendre un client \u00e0 l&#039;a\u00e9ropor de Gen\u00e8ve\" srcset=\"https:\/\/geneva-airport-taxi.bellaetco.ch\/wp-content\/uploads\/2025\/12\/gat-1024x535.jpg 1024w, https:\/\/geneva-airport-taxi.bellaetco.ch\/wp-content\/uploads\/2025\/12\/gat-300x157.jpg 300w, https:\/\/geneva-airport-taxi.bellaetco.ch\/wp-content\/uploads\/2025\/12\/gat-768x401.jpg 768w, https:\/\/geneva-airport-taxi.bellaetco.ch\/wp-content\/uploads\/2025\/12\/gat-460x240.jpg 460w, https:\/\/geneva-airport-taxi.bellaetco.ch\/wp-content\/uploads\/2025\/12\/gat-800x418.jpg 800w, https:\/\/geneva-airport-taxi.bellaetco.ch\/wp-content\/uploads\/2025\/12\/gat-600x314.jpg 600w, https:\/\/geneva-airport-taxi.bellaetco.ch\/wp-content\/uploads\/2025\/12\/gat.jpg 1200w\" sizes=\"(max-width: 800px) 100vw, 800px\" \/>\t\t\t\t\t\t\t\t\t\t\t\t\t\t\t<\/div>\n\t\t\t\t<\/div>\n\t\t<div class=\"elementor-element elementor-element-16a1f3c e-con-full e-flex e-con e-child\" data-id=\"16a1f3c\" data-element_type=\"container\" data-e-type=\"container\">\n\t\t\t\t<div class=\"elementor-element elementor-element-18f19d6 elementor-widget elementor-widget-heading\" data-id=\"18f19d6\" data-element_type=\"widget\" data-e-type=\"widget\" data-widget_type=\"heading.default\">\n\t\t\t\t\t<h2 class=\"elementor-heading-title elementor-size-default\">Ihr Weg zum Gipfel beginnt hier<\/h2>\t\t\t\t<\/div>\n\t\t\t\t<div class=\"elementor-element elementor-element-1a8b08e elementor-widget elementor-widget-text-editor\" data-id=\"1a8b08e\" data-element_type=\"widget\" data-e-type=\"widget\" data-widget_type=\"text-editor.default\">\n\t\t\t\t\t\t\t\t\t<p data-path-to-node=\"8\">Vergeuden Sie keine Minute Ihres Urlaubs mit Warten auf den Bus oder Schleppen Ihres Gep\u00e4cks in den Zug. Sobald Sie am Flughafen Genf (GVA) gelandet sind, <b>Genf Flughafen Taxi<\/b> \u00fcbernimmt den Rest und bringt Sie direkt zu Ihrem Chalet oder Hotel.<\/p><p data-path-to-node=\"9\">Ob Sie nun in der Schweiz, in Frankreich oder in Italien Ski fahren m\u00f6chten, wir sorgen f\u00fcr eine bequeme, sichere und p\u00fcnktliche Verbindung.<\/p>\t\t\t\t\t\t\t\t<\/div>\n\t\t\t\t<div class=\"elementor-element elementor-element-dff2178 elementor-align-left elementor-mobile-align-center elementor-widget elementor-widget-button\" data-id=\"dff2178\" data-element_type=\"widget\" data-e-type=\"widget\" data-widget_type=\"button.default\">\n\t\t\t\t\t\t\t\t\t\t<a class=\"elementor-button elementor-button-link elementor-size-sm\" href=\"https:\/\/geneva-airport-taxi.bellaetco.ch\/de\/reserver-une-course\/\">\n\t\t\t\t\t\t<span class=\"elementor-button-content-wrapper\">\n\t\t\t\t\t\t\t\t\t<span class=\"elementor-button-text\">Eine Fahrt buchen <\/span>\n\t\t\t\t\t<\/span>\n\t\t\t\t\t<\/a>\n\t\t\t\t\t\t\t\t<\/div>\n\t\t\t\t<\/div>\n\t\t\t\t<\/div>\n\t\t<div class=\"elementor-element elementor-element-84d96be e-con-full e-flex e-con e-child\" data-id=\"84d96be\" data-element_type=\"container\" data-e-type=\"container\">\n\t\t\t\t<div class=\"elementor-element elementor-element-74537e7 elementor-widget elementor-widget-text-editor\" data-id=\"74537e7\" data-element_type=\"widget\" data-e-type=\"widget\" data-widget_type=\"text-editor.default\">\n\t\t\t\t\t\t\t\t\t<h2 data-path-to-node=\"10\">Warum sollten Sie sich f\u00fcr unsere Dienstleistungen f\u00fcr Ihren Skiurlaub entscheiden?<\/h2><ul data-path-to-node=\"11\"><li><p data-path-to-node=\"11,0,0\"><b>Wintertaugliche Fahrzeuge:<\/b> Unsere Fahrzeuge sind mit Winterreifen ausgestattet und verf\u00fcgen \u00fcber Schneeketten, um auch bei jedem Wetter sicher auf Bergstra\u00dfen unterwegs zu sein.<\/p><\/li><li><p data-path-to-node=\"11,1,0\"><b>Skiausr\u00fcstung inklusive:<\/b> Reisen Sie mit Ihren eigenen Skiern oder Snowboards? Wir transportieren sie f\u00fcr Sie. <b>kostenlos<\/b>. (Bitte geben Sie bei der Buchung die Anzahl der Personen an, damit wir gegebenenfalls einen Van bereitstellen k\u00f6nnen).<\/p><\/li><li><p data-path-to-node=\"11,2,0\"><b>Komfort nach dem Flug:<\/b> Machen Sie es sich in einem beheizten und ger\u00e4umigen Innenraum bequem. Unsere Mercedes V-Klasse ist ideal f\u00fcr Gruppen und Familien und bietet viel Platz f\u00fcr Beine und Gep\u00e4ck.<\/p><\/li><li><p data-path-to-node=\"11,3,0\"><b>Erfahrene Fahrer:<\/b> Unsere Fahrer kennen die Alpenstra\u00dfen, Abk\u00fcrzungen und Verkehrsbedingungen zu den Skigebieten bestens.<\/p><\/li><\/ul><h2 data-path-to-node=\"13\">Unsere beliebtesten Reiseziele (Schweiz, Frankreich, Italien)<\/h2><p data-path-to-node=\"14\">Wir bedienen alle gro\u00dfen Skigebiete, die von Genf aus erreichbar sind. Hier sind die von unseren Kunden am h\u00e4ufigsten nachgefragten Reiseziele:<\/p><h3 data-path-to-node=\"15\">Die Schweizer Alpen &amp; das Wallis<\/h3><p data-path-to-node=\"16\">Erreichen Sie die renommiertesten Skigebiete der Schweiz ohne Umsteigen:<\/p><ul data-path-to-node=\"17\"><li><p data-path-to-node=\"17,0,0\"><b>Verbier<\/b> : Die Hauptstadt des Freeridens.<\/p><\/li><li><p data-path-to-node=\"17,1,0\"><b>Zermatt &amp; T\u00e4sch<\/b> : Am Fu\u00dfe des Matterhorns (Abfahrt am Terminal T\u00e4sch).<\/p><\/li><li><p data-path-to-node=\"17,2,0\"><b>Crans-Montana<\/b> : Sonne und Luxus auf dem Plateau.<\/p><\/li><li><p data-path-to-node=\"17,3,0\"><b>Gstaad<\/b> : Authentizit\u00e4t und Prestige.<\/p><\/li><li><p data-path-to-node=\"17,4,0\"><b>Villars-sur-Ollon &amp; Nendaz<\/b> : Ideal f\u00fcr Familien.<\/p><\/li><li><p data-path-to-node=\"17,5,0\"><b>Grindelwald, Interlaken &amp; Jungfrau<\/b> Im Herzen des Berner Oberlands.<\/p><\/li><\/ul><h3 data-path-to-node=\"18\">Die franz\u00f6sischen Alpen<\/h3><p data-path-to-node=\"19\">Schneller Zugang zu den gr\u00f6\u00dften Skigebieten Frankreichs (Les 3 Vall\u00e9es, Portes du Soleil, Mont-Blanc):<\/p><ul data-path-to-node=\"20\"><li><p data-path-to-node=\"20,0,0\"><b>Chamonix Mont-Blanc<\/b> : Das mythische Reiseziel nur 1 Stunde von Genf entfernt.<\/p><\/li><li><p data-path-to-node=\"20,1,0\"><b>Meg\u00e8ve<\/b> : Eleganz \u00e0 la fran\u00e7aise.<\/p><\/li><li><p data-path-to-node=\"20,2,0\"><b>Courchevel &amp; Val Thorens<\/b> : Das gr\u00f6\u00dfte Skigebiet der Welt.<\/p><\/li><li><p data-path-to-node=\"20,3,0\"><b>Morzine &amp; Avoriaz<\/b> : Im Herzen der Portes du Soleil.<\/p><\/li><li><p data-path-to-node=\"20,4,0\"><b>Val d\u2019Is\u00e8re &amp; Tignes<\/b> : Der Espace Killy f\u00fcr Sportbegeisterte.<\/p><\/li><li><p data-path-to-node=\"20,5,0\"><b>Meg\u00e8ve &amp; La Clusaz<\/b>.<\/p><\/li><\/ul><h3 data-path-to-node=\"21\">Italien<\/h3><ul data-path-to-node=\"22\"><li><p data-path-to-node=\"22,0,0\"><b>Courmayeur<\/b> : Durchqueren Sie den Mont-Blanc-Tunnel und genie\u00dfen Sie das italienische Dolce Vita auf den Pisten.<\/p><\/li><\/ul><p data-path-to-node=\"23\"><i>(Auf Anfrage bedienen wir auch andere Ziele wie Lausanne, Montreux oder Grenoble).<\/i><\/p><h2 data-path-to-node=\"25\">Welches Fahrzeug sollten Sie f\u00fcr Ihren Skitransfer w\u00e4hlen?<\/h2><p data-path-to-node=\"26\">Bei Skiausfl\u00fcgen ist das Gep\u00e4ckvolumen oft gro\u00df. Hier sind unsere Empfehlungen:<\/p><ol start=\"1\" data-path-to-node=\"27\"><li><p data-path-to-node=\"27,0,0\"><b>Mercedes V-Klasse (7-Sitzer-Van): Die erste Wahl f\u00fcr Skifahrer.<\/b><\/p><ul data-path-to-node=\"27,0,1\"><li><p data-path-to-node=\"27,0,1,0,0\"><i>Kapazit\u00e4t:<\/i> Bis zu 7 Passagiere.<\/p><\/li><li><p data-path-to-node=\"27,0,1,1,0\"><i>Vorteile:<\/i> Ein riesiger Kofferraum f\u00fcr all Ihre Koffer, Skischuhe und Ausr\u00fcstungsh\u00fcllen. Reisen Sie in der Gruppe, ohne sich eingeengt zu f\u00fchlen.<\/p><\/li><\/ul><\/li><li><p data-path-to-node=\"27,1,0\"><b>Mercedes E-Klasse (Limousine):<\/b><\/p><ul data-path-to-node=\"27,1,1\"><li><p data-path-to-node=\"27,1,1,0,0\"><i>Kapazit\u00e4t:<\/i> Bis zu 3-4 Passagiere.<\/p><\/li><li><p data-path-to-node=\"27,1,1,1,0\"><i>Vorteile:<\/i> Perfekt f\u00fcr Paare oder Alleinreisende mit leichtem Gep\u00e4ck.<\/p><\/li><\/ul><\/li><\/ol><h2 data-path-to-node=\"29\">Buchen Sie jetzt Ihren Skibus<\/h2><p data-path-to-node=\"30\">An Winterwochenenden herrscht am Flughafen Genf reger Betrieb. Sichern Sie sich Ihre innere Ruhe, indem Sie Ihren Fahrer im Voraus buchen.<\/p><p data-path-to-node=\"31\"><b>Wie reserviere ich?<\/b><\/p><ol start=\"1\" data-path-to-node=\"32\"><li><p data-path-to-node=\"32,0,0\">Verwenden Sie unser Formular oben auf der Seite, um sofort einen Kostenvoranschlag zu erhalten.<\/p><\/li><li><p data-path-to-node=\"32,1,0\">Oder rufen Sie uns rund um die Uhr an unter: <b>+41 78 659 91 15<\/b><\/p><\/li><\/ol><blockquote data-path-to-node=\"33\"><p data-path-to-node=\"33,0\"><b>Wichtiger Hinweis:<\/b> Vergessen Sie bei Ihrer Reservierung nicht anzugeben, ob Sie \u00ab\u00fcbergro\u00dfes Gep\u00e4ck\u00bb (Golftasche, Ski-, Surf- oder Fahrradtasche) mitf\u00fchren, damit wir Ihnen das passende Fahrzeug schicken k\u00f6nnen.<\/p><\/blockquote>\t\t\t\t\t\t\t\t<\/div>\n\t\t\t\t<div class=\"elementor-element elementor-element-7bc7ef6 elementor-align-center elementor-mobile-align-center elementor-widget elementor-widget-button\" data-id=\"7bc7ef6\" data-element_type=\"widget\" data-e-type=\"widget\" data-widget_type=\"button.default\">\n\t\t\t\t\t\t\t\t\t\t<a class=\"elementor-button elementor-button-link elementor-size-sm\" href=\"https:\/\/geneva-airport-taxi.bellaetco.ch\/de\/reserver-une-course\/\">\n\t\t\t\t\t\t<span class=\"elementor-button-content-wrapper\">\n\t\t\t\t\t\t\t\t\t<span class=\"elementor-button-text\">Eine Fahrt buchen <\/span>\n\t\t\t\t\t<\/span>\n\t\t\t\t\t<\/a>\n\t\t\t\t\t\t\t\t<\/div>\n\t\t\t\t<\/div>\n\t\t\t\t\t<\/div>\n\t\t\t\t<\/div>\n\t\t\t\t<\/div>","protected":false},"excerpt":{"rendered":"<p>Transfert Taxi vers les Stations de Ski depuis l&rsquo;A\u00e9roport de Gen\u00e8ve Commencez vos vacances \u00e0 la montagne en toute s\u00e9r\u00e9nit\u00e9 : v\u00e9hicules adapt\u00e9s, chauffeurs exp\u00e9riment\u00e9s et transport gratuit de vos \u00e9quipements. R\u00e9server une course Votre route vers les sommets commence ici Ne perdez pas une minute de vos vacances \u00e0 attendre un bus ou \u00e0 [&hellip;]<\/p>","protected":false},"author":2,"featured_media":0,"parent":0,"menu_order":0,"comment_status":"closed","ping_status":"closed","template":"","meta":{"_joinchat":[],"footnotes":""},"class_list":["post-23799","page","type-page","status-publish","hentry"],"_links":{"self":[{"href":"https:\/\/geneva-airport-taxi.bellaetco.ch\/de\/wp-json\/wp\/v2\/pages\/23799","targetHints":{"allow":["GET"]}}],"collection":[{"href":"https:\/\/geneva-airport-taxi.bellaetco.ch\/de\/wp-json\/wp\/v2\/pages"}],"about":[{"href":"https:\/\/geneva-airport-taxi.bellaetco.ch\/de\/wp-json\/wp\/v2\/types\/page"}],"author":[{"embeddable":true,"href":"https:\/\/geneva-airport-taxi.bellaetco.ch\/de\/wp-json\/wp\/v2\/users\/2"}],"replies":[{"embeddable":true,"href":"https:\/\/geneva-airport-taxi.bellaetco.ch\/de\/wp-json\/wp\/v2\/comments?post=23799"}],"version-history":[{"count":10,"href":"https:\/\/geneva-airport-taxi.bellaetco.ch\/de\/wp-json\/wp\/v2\/pages\/23799\/revisions"}],"predecessor-version":[{"id":23902,"href":"https:\/\/geneva-airport-taxi.bellaetco.ch\/de\/wp-json\/wp\/v2\/pages\/23799\/revisions\/23902"}],"wp:attachment":[{"href":"https:\/\/geneva-airport-taxi.bellaetco.ch\/de\/wp-json\/wp\/v2\/media?parent=23799"}],"curies":[{"name":"wp","href":"https:\/\/api.w.org\/{rel}","templated":true}]}}