{"id":23824,"date":"2025-12-04T13:42:40","date_gmt":"2025-12-04T12:42:40","guid":{"rendered":"https:\/\/geneva-airport-taxi.bellaetco.ch\/?page_id=23824"},"modified":"2025-12-04T13:53:09","modified_gmt":"2025-12-04T12:53:09","slug":"mentions-legales","status":"publish","type":"page","link":"https:\/\/geneva-airport-taxi.bellaetco.ch\/de\/mentions-legales\/","title":{"rendered":"Rechtliche Hinweise"},"content":{"rendered":"<div data-elementor-type=\"wp-page\" data-elementor-id=\"23824\" class=\"elementor elementor-23824\" data-elementor-post-type=\"page\">\n\t\t\t\t<div class=\"elementor-element elementor-element-9efc511 e-flex e-con-boxed e-con e-parent\" data-id=\"9efc511\" data-element_type=\"container\" data-e-type=\"container\" data-settings=\"{&quot;background_background&quot;:&quot;classic&quot;}\">\n\t\t\t\t\t<div class=\"e-con-inner\">\n\t\t<div class=\"elementor-element elementor-element-f03e132 e-con-full e-flex e-con e-child\" data-id=\"f03e132\" data-element_type=\"container\" data-e-type=\"container\">\n\t\t\t\t<div class=\"elementor-element elementor-element-3475346 elementor-widget elementor-widget-heading\" data-id=\"3475346\" data-element_type=\"widget\" data-e-type=\"widget\" data-widget_type=\"heading.default\">\n\t\t\t\t\t<h1 class=\"elementor-heading-title elementor-size-default\">Rechtliche Hinweise<\/h1>\t\t\t\t<\/div>\n\t\t\t\t<\/div>\n\t\t\t\t\t<\/div>\n\t\t\t\t<\/div>\n\t\t<div class=\"elementor-element elementor-element-6f87ad2 e-flex e-con-boxed e-con e-parent\" data-id=\"6f87ad2\" data-element_type=\"container\" data-e-type=\"container\">\n\t\t\t\t\t<div class=\"e-con-inner\">\n\t\t<div class=\"elementor-element elementor-element-84d96be e-con-full e-flex e-con e-child\" data-id=\"84d96be\" data-element_type=\"container\" data-e-type=\"container\">\n\t\t\t\t<div class=\"elementor-element elementor-element-74537e7 elementor-widget elementor-widget-text-editor\" data-id=\"74537e7\" data-element_type=\"widget\" data-e-type=\"widget\" data-widget_type=\"text-editor.default\">\n\t\t\t\t\t\t\t\t\t<div id=\"bannerR\">\n<h2 data-path-to-node=\"8\">1. Rechtliche Hinweise&nbsp;<\/h2>\n<p data-path-to-node=\"9\">Gem\u00e4\u00df den Bestimmungen von Artikel 3 Absatz 1 Buchstabe s des Bundesgesetzes gegen den unlauteren Wettbewerb (UWG) finden Sie hier die Informationen zum Herausgeber der Website <b><a class=\"ng-star-inserted\" href=\"https:\/\/www.geneva-airport-taxi.ch\/\" target=\"_blank\" rel=\"noopener\" data-hveid=\"0\" data-ved=\"0CAAQ_4QMahgKEwjqxOXC76ORAxUAAAAAHQAAAAAQlwE\">https:\/\/www.geneva-airport-taxi.ch\/<\/a><\/b> :<\/p>\n<p data-path-to-node=\"10\"><b>Firmenname:<\/b> CityAirport Transfers AK GmbH <b>Adresse des Hauptsitzes:<\/b> Avenue de Mategnin 65, 1217 Meyrin, Schweiz <b>Identifikationsnummer (UID):<\/b> CHE-310.406.227<\/p>\n<p data-path-to-node=\"11\"><b>Kontaktm\u00f6glichkeiten:<\/b><\/p>\n<ul data-path-to-node=\"12\">\n<li>\n<p data-path-to-node=\"12,0,0\"><b>Telefon:<\/b> +41 78 659 91 15<\/p>\n<\/li>\n<li>\n<p data-path-to-node=\"12,1,0\"><b>E-Mail:<\/b> afifkardani83@gmail.com<\/p>\n<\/li>\n<\/ul>\n<p data-path-to-node=\"13\"><b>Website-Hosting &amp; Domain-Manager:<\/b> Kreativ Media GmbH H\u00f6schgasse 45 CH-8008 Z\u00fcrich, Schweiz<\/p>\n<h2 data-path-to-node=\"14\">2. Datenschutz (Konformit\u00e4t mit dem neuen Datenschutzgesetz)<\/h2>\n<p data-path-to-node=\"15\">CityAirport Transfers AK Sarl legt gro\u00dfen Wert auf den Schutz Ihrer Privatsph\u00e4re. In diesem Abschnitt wird erl\u00e4utert, wie wir Ihre Daten gem\u00e4\u00df dem neuen Bundesgesetz \u00fcber den Datenschutz (nLPD) verarbeiten.<\/p>\n<p data-path-to-node=\"16\"><b>A. Datenerhebung<\/b> Im Rahmen der Buchung eines Taxis oder Transfers erfassen wir \u00fcber unser Formular oder telefonisch folgende Daten:<\/p>\n<ul data-path-to-node=\"17\">\n<li>\n<p data-path-to-node=\"17,0,0\">Name und Vorname<\/p>\n<\/li>\n<li>\n<p data-path-to-node=\"17,1,0\">Telefonnummer<\/p>\n<\/li>\n<li>\n<p data-path-to-node=\"17,2,0\">E-Mail-Adresse<\/p>\n<\/li>\n<li>\n<p data-path-to-node=\"17,3,0\">Reisedetails (Abholorte, Zielort, Flugnummern)<\/p>\n<\/li>\n<\/ul>\n<p data-path-to-node=\"18\"><b>B. Verwendung der Daten<\/b> Diese Daten sind unbedingt erforderlich f\u00fcr:<\/p>\n<ul data-path-to-node=\"19\">\n<li>\n<p data-path-to-node=\"19,0,0\">Best\u00e4tigen Sie Ihre Reservierung.<\/p>\n<\/li>\n<li>\n<p data-path-to-node=\"19,1,0\">Dem Fahrer erm\u00f6glichen, Sie zu kontaktieren (z. B. bei der Ankunft am Flughafen).<\/p>\n<\/li>\n<li>\n<p data-path-to-node=\"19,2,0\">Rechnung erstellen. <b>Wir verkaufen oder vermieten Ihre Daten niemals an Dritte.<\/b><\/p>\n<\/li>\n<\/ul>\n<p data-path-to-node=\"20\"><b>C. Weitergabe an Dritte<\/b> Ihre Daten k\u00f6nnen ausschlie\u00dflich zum Zweck der Durchf\u00fchrung der angeforderten Fahrt an unsere Partnerfahrer oder Subunternehmer weitergegeben werden. Diese sind zur gleichen Vertraulichkeit verpflichtet.<\/p>\n<h2 data-path-to-node=\"21\">3. Geistiges Eigentum<\/h2>\n<p data-path-to-node=\"22\">Der gesamte Inhalt dieser Website (Texte, Bilder, Grafiken, Logos, Symbole usw.) ist ausschlie\u00dfliches Eigentum von CityAirport Transfers AK Sarl, mit Ausnahme der Marken, Logos oder Inhalte, die anderen Partnerunternehmen oder Autoren geh\u00f6ren. Jede unbefugte Vervielf\u00e4ltigung ist untersagt.<\/p>\n<h2 data-path-to-node=\"23\">4. Haftungsbeschr\u00e4nkung<\/h2>\n<p data-path-to-node=\"24\"><b>Inhalt der Website:<\/b> Wir bem\u00fchen uns, genaue Informationen bereitzustellen. Die Richtpreise oder gesch\u00e4tzten Fahrzeiten sind jedoch erst nach Best\u00e4tigung der Buchung vertraglich bindend.<\/p>\n<p data-path-to-node=\"25\"><b>Externe Links:<\/b> Diese Website kann Links zu anderen Websites enthalten (z. B. Flughafen Genf, Wetter). Wir \u00fcbernehmen keine Verantwortung f\u00fcr den Inhalt dieser externen Websites.<\/p>\n<h2 data-path-to-node=\"26\">5. Anwendbares Recht und Gerichtsstand<\/h2>\n<p data-path-to-node=\"27\">Jeder Rechtsstreit im Zusammenhang mit der Nutzung der Website <b>geneva-airport-taxi.ch<\/b> oder die Dienstleistungen von <b>CityAirport Transfers AK GmbH<\/b> unterliegt <b>Schweizer Recht<\/b>. Der ausschlie\u00dfliche Gerichtsstand befindet sich in <b>Genf<\/b>, vorbehaltlich zwingender Beschwerden beim Bundesgericht.<\/p>\n<\/div>\t\t\t\t\t\t\t\t<\/div>\n\t\t\t\t<\/div>\n\t\t\t\t\t<\/div>\n\t\t\t\t<\/div>\n\t\t\t\t<\/div>","protected":false},"excerpt":{"rendered":"<p>1. Informations l\u00e9gales&nbsp; Conform\u00e9ment aux dispositions de l&rsquo;article 3 al. 1 let. s de la Loi f\u00e9d\u00e9rale contre la concurrence d\u00e9loyale (LCD), voici les informations de l&rsquo;\u00e9diteur du site https:\/\/www.geneva-airport-taxi.ch\/ : Raison sociale : CityAirport Transfers AK Sarl Adresse du si\u00e8ge : Avenue de Mategnin 65, 1217 Meyrin, Suisse Num\u00e9ro IDE (UID) : CHE-310.406.227 Moyens [&hellip;]<\/p>","protected":false},"author":2,"featured_media":0,"parent":0,"menu_order":0,"comment_status":"closed","ping_status":"closed","template":"","meta":{"_joinchat":[],"footnotes":""},"class_list":["post-23824","page","type-page","status-publish","hentry"],"_links":{"self":[{"href":"https:\/\/geneva-airport-taxi.bellaetco.ch\/de\/wp-json\/wp\/v2\/pages\/23824","targetHints":{"allow":["GET"]}}],"collection":[{"href":"https:\/\/geneva-airport-taxi.bellaetco.ch\/de\/wp-json\/wp\/v2\/pages"}],"about":[{"href":"https:\/\/geneva-airport-taxi.bellaetco.ch\/de\/wp-json\/wp\/v2\/types\/page"}],"author":[{"embeddable":true,"href":"https:\/\/geneva-airport-taxi.bellaetco.ch\/de\/wp-json\/wp\/v2\/users\/2"}],"replies":[{"embeddable":true,"href":"https:\/\/geneva-airport-taxi.bellaetco.ch\/de\/wp-json\/wp\/v2\/comments?post=23824"}],"version-history":[{"count":10,"href":"https:\/\/geneva-airport-taxi.bellaetco.ch\/de\/wp-json\/wp\/v2\/pages\/23824\/revisions"}],"predecessor-version":[{"id":23836,"href":"https:\/\/geneva-airport-taxi.bellaetco.ch\/de\/wp-json\/wp\/v2\/pages\/23824\/revisions\/23836"}],"wp:attachment":[{"href":"https:\/\/geneva-airport-taxi.bellaetco.ch\/de\/wp-json\/wp\/v2\/media?parent=23824"}],"curies":[{"name":"wp","href":"https:\/\/api.w.org\/{rel}","templated":true}]}}