{"id":23839,"date":"2025-12-04T13:55:03","date_gmt":"2025-12-04T12:55:03","guid":{"rendered":"https:\/\/geneva-airport-taxi.bellaetco.ch\/?page_id=23839"},"modified":"2025-12-04T14:03:53","modified_gmt":"2025-12-04T13:03:53","slug":"declaration-de-confidentialite","status":"publish","type":"page","link":"https:\/\/geneva-airport-taxi.bellaetco.ch\/de\/declaration-de-confidentialite\/","title":{"rendered":"Datenschutzerkl\u00e4rung"},"content":{"rendered":"<div data-elementor-type=\"wp-page\" data-elementor-id=\"23839\" class=\"elementor elementor-23839\" data-elementor-post-type=\"page\">\n\t\t\t\t<div class=\"elementor-element elementor-element-9efc511 e-flex e-con-boxed e-con e-parent\" data-id=\"9efc511\" data-element_type=\"container\" data-e-type=\"container\" data-settings=\"{&quot;background_background&quot;:&quot;classic&quot;}\">\n\t\t\t\t\t<div class=\"e-con-inner\">\n\t\t<div class=\"elementor-element elementor-element-f03e132 e-con-full e-flex e-con e-child\" data-id=\"f03e132\" data-element_type=\"container\" data-e-type=\"container\">\n\t\t\t\t<div class=\"elementor-element elementor-element-3475346 elementor-widget elementor-widget-heading\" data-id=\"3475346\" data-element_type=\"widget\" data-e-type=\"widget\" data-widget_type=\"heading.default\">\n\t\t\t\t\t<h1 class=\"elementor-heading-title elementor-size-default\">Datenschutzerkl\u00e4rung<\/h1>\t\t\t\t<\/div>\n\t\t\t\t<\/div>\n\t\t\t\t\t<\/div>\n\t\t\t\t<\/div>\n\t\t<div class=\"elementor-element elementor-element-6f87ad2 e-flex e-con-boxed e-con e-parent\" data-id=\"6f87ad2\" data-element_type=\"container\" data-e-type=\"container\">\n\t\t\t\t\t<div class=\"e-con-inner\">\n\t\t<div class=\"elementor-element elementor-element-84d96be e-con-full e-flex e-con e-child\" data-id=\"84d96be\" data-element_type=\"container\" data-e-type=\"container\">\n\t\t\t\t<div class=\"elementor-element elementor-element-74537e7 elementor-widget elementor-widget-text-editor\" data-id=\"74537e7\" data-element_type=\"widget\" data-e-type=\"widget\" data-widget_type=\"text-editor.default\">\n\t\t\t\t\t\t\t\t\t<p>\n<!-- Legal document generated by Complianz | GDPR\/CCPA Cookie Consent https:\/\/wordpress.org\/plugins\/complianz-gdpr -->\n<div id=\"cmplz-document\" class=\"cmplz-document privacy-statement cmplz-document-eu\"><p><i>This privacy statement was last updated on 4 Dezember 2025 and applies to citizens and legal permanent residents of the European Economic Area and Switzerland.<\/i><br \/><br \/><\/p><p><p>In dieser Datenschutzerkl\u00e4rung erl\u00e4utern wir, wie wir mit den Daten umgehen, die wir \u00fcber Sie \u00fcber <a href=\"https:\/\/geneva-airport-taxi.bellaetco.ch\/de\">https:\/\/geneva-airport-taxi.bellaetco.ch\/de<\/a>. Wir empfehlen Ihnen, diese Erkl\u00e4rung sorgf\u00e4ltig zu lesen. Bei unserer Verarbeitung halten wir uns an die Anforderungen der Datenschutzgesetzgebung. Das bedeutet unter anderem, dass:<\/p><ul>\n                <li>Wir geben klar an, zu welchen Zwecken wir personenbezogene Daten verarbeiten. Dies tun wir mittels dieser Datenschutzerkl\u00e4rung.;<\/li>\n                <li>Wir sind bestrebt, unsere Erhebung personenbezogener Daten auf diejenigen Daten zu beschr\u00e4nken, die f\u00fcr legitime Zwecke erforderlich sind.;<\/li>\n                <li>Wir bitten Sie zun\u00e4chst um Ihre ausdr\u00fcckliche Zustimmung zur Verarbeitung Ihrer personenbezogenen Daten in F\u00e4llen, in denen Ihre Zustimmung erforderlich ist.;<\/li>\n                <li>Wir ergreifen angemessene Sicherheitsma\u00dfnahmen zum Schutz Ihrer personenbezogenen Daten und verlangen dies auch von Dritten, die personenbezogene Daten in unserem Auftrag verarbeiten.;<\/li>\n                <li>Wir respektieren Ihr Recht, auf Ihre personenbezogenen Daten zuzugreifen oder diese auf Ihren Wunsch hin korrigieren oder l\u00f6schen zu lassen.<\/li>\n            <\/ul><p>Wenn Sie Fragen haben oder genau wissen m\u00f6chten, welche Daten wir \u00fcber Sie gespeichert haben, wenden Sie sich bitte an uns.<\/p><\/p><h2>1. Zweck, Daten und Aufbewahrungsfrist<\/h2>Wir k\u00f6nnen personenbezogene Daten f\u00fcr eine Reihe von Zwecken im Zusammenhang mit unseren Gesch\u00e4ftsaktivit\u00e4ten erheben oder erhalten, darunter unter anderem die folgenden: (zum Erweitern bitte anklicken)<details class=\"cmplz-dropdown dropdown-privacy-statement\"><summary><div><h3>1.1 Kontakt \u2013 Per Telefon, Post, E-Mail und\/oder Webformularen<\/h3><\/div><\/summary><p class=\"cmplz-subtitle\">Zu diesem Zweck verwenden wir folgende Daten:<\/p><p><ul><li>Vor- und Nachname<\/li><li>Eine E-Mail-Adresse<\/li><li>Eine Telefonnummer<\/li><li>Eine Wohnadresse oder andere physische Adresse, einschlie\u00dflich Stra\u00dfenname und Name der Stadt oder Gemeinde<\/li><li>Geolokalisierungsdaten<\/li><\/ul><\/p><p class=\"cmplz-subtitle\">Die Grundlage, auf der wir diese Daten verarbeiten d\u00fcrfen, ist:<\/p><p><a target=\"_blank\" rel=\"noopener noreferrer nofollow\" href=\"https:\/\/cookiedatabase.org\/legal-bases\/#consent\">Nach Erteilung der Einwilligung.<\/a><\/p><p class=\"cmplz-subtitle\">Aufbewahrungsfrist<\/p><p>Wir speichern diese Daten bis zur Beendigung der Dienstleistung.<\/p><\/details><details class=\"cmplz-dropdown dropdown-privacy-statement\"><summary><div><h3>1.2 Zahlungen<\/h3><\/div><\/summary><p class=\"cmplz-subtitle\">Zu diesem Zweck verwenden wir folgende Daten:<\/p><p><ul><li>Vor- und Nachname<\/li><li>Eine E-Mail-Adresse<\/li><li>Eine Telefonnummer<\/li><li>Eine Wohnadresse oder andere physische Adresse, einschlie\u00dflich Stra\u00dfenname und Name der Stadt oder Gemeinde<\/li><li>Geolokalisierungsdaten<\/li><\/ul><\/p><p class=\"cmplz-subtitle\">Die Grundlage, auf der wir diese Daten verarbeiten d\u00fcrfen, ist:<\/p><p><a target=\"_blank\" rel=\"noopener noreferrer nofollow\" href=\"https:\/\/cookiedatabase.org\/legal-bases\/#consent\">Nach Erteilung der Einwilligung.<\/a><\/p><p class=\"cmplz-subtitle\">Aufbewahrungsfrist<\/p><p>Wir speichern diese Daten bis zur Beendigung der Dienstleistung.<\/p><\/details><h2>2. Cookies<\/h2><p>Unsere Website verwendet Cookies. Weitere Informationen zu Cookies finden Sie in unserer <a href=\"https:\/\/geneva-airport-taxi.bellaetco.ch\/de\/politique-de-cookies\/\">Cookie-Richtlinie<\/a>.&nbsp;<\/p><h2>3. Offenlegungspraktiken<\/h2><p><p>Wir geben personenbezogene Daten weiter, wenn wir gesetzlich oder aufgrund einer gerichtlichen Anordnung dazu verpflichtet sind, auf Anfrage einer Strafverfolgungsbeh\u00f6rde, soweit dies nach anderen gesetzlichen Bestimmungen zul\u00e4ssig ist, um Informationen bereitzustellen oder f\u00fcr Ermittlungen in einer Angelegenheit, die die \u00f6ffentliche Sicherheit betrifft.<\/p><p>Wenn unsere Website oder Organisation \u00fcbernommen, verkauft oder in eine Fusion oder \u00dcbernahme involviert wird, k\u00f6nnen Ihre Daten unseren Beratern und potenziellen K\u00e4ufern offengelegt und an die neuen Eigent\u00fcmer weitergegeben werden.<\/p><\/p><p>Google darf die Daten nicht f\u00fcr andere Google-Dienste verwenden.<\/p><h2>4. Sicherheit<\/h2><p>Wir verpflichten uns zum Schutz personenbezogener Daten. Wir ergreifen angemessene Sicherheitsma\u00dfnahmen, um den Missbrauch und den unbefugten Zugriff auf personenbezogene Daten zu verhindern. Dadurch wird sichergestellt, dass nur die erforderlichen Personen Zugriff auf Ihre Daten haben, dass der Zugriff auf die Daten gesch\u00fctzt ist und dass unsere Sicherheitsma\u00dfnahmen regelm\u00e4\u00dfig \u00fcberpr\u00fcft werden.<\/p><h2>5. Websites von Dritten<\/h2><p>Diese Datenschutzerkl\u00e4rung gilt nicht f\u00fcr Websites Dritter, die \u00fcber Links auf unserer Website erreichbar sind. Wir k\u00f6nnen nicht garantieren, dass diese Dritten Ihre personenbezogenen Daten zuverl\u00e4ssig und sicher behandeln. Wir empfehlen Ihnen, die Datenschutzerkl\u00e4rungen dieser Websites zu lesen, bevor Sie diese Websites nutzen.<\/p><h2>6. \u00c4nderungen dieser Datenschutzerkl\u00e4rung<\/h2><p>Wir behalten uns das Recht vor, \u00c4nderungen an dieser Datenschutzerkl\u00e4rung vorzunehmen. Es wird empfohlen, diese Datenschutzerkl\u00e4rung regelm\u00e4\u00dfig zu konsultieren, um sich \u00fcber etwaige \u00c4nderungen zu informieren. Dar\u00fcber hinaus werden wir Sie, soweit m\u00f6glich, aktiv dar\u00fcber informieren.<\/p><h2>7. Zugriff auf und \u00c4nderung Ihrer Daten<\/h2><p>Wenn Sie Fragen haben oder wissen m\u00f6chten, welche personenbezogenen Daten wir \u00fcber Sie gespeichert haben, wenden Sie sich bitte an uns. Sie k\u00f6nnen uns \u00fcber die unten angegebenen Kontaktdaten erreichen. Sie haben folgende Rechte:<\/p><ul>\n                <li>Sie haben das Recht zu erfahren, warum Ihre personenbezogenen Daten ben\u00f6tigt werden, was mit ihnen geschieht und wie lange sie gespeichert werden.<\/li>\n                <li>Auskunftsrecht: Sie haben das Recht, Auskunft \u00fcber Ihre uns bekannten personenbezogenen Daten zu erhalten.<\/li>\n                <li>Recht auf Berichtigung: Sie haben das Recht, Ihre personenbezogenen Daten jederzeit zu erg\u00e4nzen, zu berichtigen, l\u00f6schen oder sperren zu lassen.<\/li>\n                <li>Wenn Sie uns Ihre Einwilligung zur Verarbeitung Ihrer Daten erteilen, haben Sie das Recht, diese Einwilligung zu widerrufen und Ihre personenbezogenen Daten l\u00f6schen zu lassen.<\/li>\n                <li>Recht auf \u00dcbertragung Ihrer Daten: Sie haben das Recht, alle Ihre personenbezogenen Daten vom Verantwortlichen anzufordern und vollst\u00e4ndig an einen anderen Verantwortlichen zu \u00fcbertragen.<\/li>\n                <li>Widerspruchsrecht: Sie k\u00f6nnen der Verarbeitung Ihrer Daten widersprechen. Wir werden dem nachkommen, es sei denn, es liegen berechtigte Gr\u00fcnde f\u00fcr die Verarbeitung vor.<\/li>\n            <\/ul><p>Bitte geben Sie immer deutlich an, wer Sie sind, damit wir sicher sein k\u00f6nnen, dass wir keine Daten der falschen Person \u00e4ndern oder l\u00f6schen.<\/p><h2>8. Einreichen einer Beschwerde<\/h2><p>Wenn Sie mit der Art und Weise, wie wir (eine Beschwerde \u00fcber) die Verarbeitung Ihrer personenbezogenen Daten behandeln, nicht zufrieden sind, haben Sie das Recht, eine Beschwerde bei der Datenschutzbeh\u00f6rde einzureichen.<\/p><h2>9. Kontaktdaten<\/h2><p>CityAirport Transfers AK GmbH<br \/>\n        CityAirport Transfers AK GmbH<br \/>\nAvenue de Mategnin 65<br \/>\n1217 Meyrin<br \/>\n        Schweiz<br \/>\n        Website: <a href=\"https:\/\/geneva-airport-taxi.bellaetco.ch\/de\">https:\/\/geneva-airport-taxi.bellaetco.ch\/de<\/a> <br \/>\n        E-Mail: <span class=\"cmplz-obfuscate\">af&#105;&#102;kar&#100;&#097;ni&#056;3@<span class=\"cmplz-fmail-domain\">&#101;&#120;&#046;c&#111;&#109;<\/span>gm&#097;&#105;&#108;.&#099;om<\/span> <br \/>\n        Telefonnummer: +41786599115<\/p><\/div><\/p>\t\t\t\t\t\t\t\t<\/div>\n\t\t\t\t<\/div>\n\t\t\t\t\t<\/div>\n\t\t\t\t<\/div>\n\t\t\t\t<\/div>","protected":false},"excerpt":{"rendered":"","protected":false},"author":2,"featured_media":0,"parent":0,"menu_order":0,"comment_status":"closed","ping_status":"closed","template":"","meta":{"_joinchat":[],"footnotes":""},"class_list":["post-23839","page","type-page","status-publish","hentry"],"_links":{"self":[{"href":"https:\/\/geneva-airport-taxi.bellaetco.ch\/de\/wp-json\/wp\/v2\/pages\/23839","targetHints":{"allow":["GET"]}}],"collection":[{"href":"https:\/\/geneva-airport-taxi.bellaetco.ch\/de\/wp-json\/wp\/v2\/pages"}],"about":[{"href":"https:\/\/geneva-airport-taxi.bellaetco.ch\/de\/wp-json\/wp\/v2\/types\/page"}],"author":[{"embeddable":true,"href":"https:\/\/geneva-airport-taxi.bellaetco.ch\/de\/wp-json\/wp\/v2\/users\/2"}],"replies":[{"embeddable":true,"href":"https:\/\/geneva-airport-taxi.bellaetco.ch\/de\/wp-json\/wp\/v2\/comments?post=23839"}],"version-history":[{"count":7,"href":"https:\/\/geneva-airport-taxi.bellaetco.ch\/de\/wp-json\/wp\/v2\/pages\/23839\/revisions"}],"predecessor-version":[{"id":23854,"href":"https:\/\/geneva-airport-taxi.bellaetco.ch\/de\/wp-json\/wp\/v2\/pages\/23839\/revisions\/23854"}],"wp:attachment":[{"href":"https:\/\/geneva-airport-taxi.bellaetco.ch\/de\/wp-json\/wp\/v2\/media?parent=23839"}],"curies":[{"name":"wp","href":"https:\/\/api.w.org\/{rel}","templated":true}]}}