{"id":23720,"date":"2025-12-03T18:57:41","date_gmt":"2025-12-03T17:57:41","guid":{"rendered":"https:\/\/geneva-airport-taxi.bellaetco.ch\/?page_id=23720"},"modified":"2025-12-04T15:29:30","modified_gmt":"2025-12-04T14:29:30","slug":"a-propos","status":"publish","type":"page","link":"https:\/\/geneva-airport-taxi.bellaetco.ch\/es\/a-propos\/","title":{"rendered":"Acerca de"},"content":{"rendered":"<div data-elementor-type=\"wp-page\" data-elementor-id=\"23720\" class=\"elementor elementor-23720\" data-elementor-post-type=\"page\">\n\t\t\t\t<div class=\"elementor-element elementor-element-9efc511 e-flex e-con-boxed e-con e-parent\" data-id=\"9efc511\" data-element_type=\"container\" data-e-type=\"container\" data-settings=\"{&quot;background_background&quot;:&quot;classic&quot;}\">\n\t\t\t\t\t<div class=\"e-con-inner\">\n\t\t\t\t<div class=\"elementor-element elementor-element-3475346 elementor-widget elementor-widget-heading\" data-id=\"3475346\" data-element_type=\"widget\" data-e-type=\"widget\" data-widget_type=\"heading.default\">\n\t\t\t\t\t<h1 class=\"elementor-heading-title elementor-size-default\"> Acerca de Geneva Airport Taxi <\/h1>\t\t\t\t<\/div>\n\t\t\t\t<div class=\"elementor-element elementor-element-bbfb2df elementor-widget elementor-widget-heading\" data-id=\"bbfb2df\" data-element_type=\"widget\" data-e-type=\"widget\" data-widget_type=\"heading.default\">\n\t\t\t\t\t<h3 class=\"elementor-heading-title elementor-size-default\">Su traslado de confianza<\/h3>\t\t\t\t<\/div>\n\t\t\t\t\t<\/div>\n\t\t\t\t<\/div>\n\t\t<div class=\"elementor-element elementor-element-6f87ad2 e-flex e-con-boxed e-con e-parent\" data-id=\"6f87ad2\" data-element_type=\"container\" data-e-type=\"container\">\n\t\t\t\t\t<div class=\"e-con-inner\">\n\t\t<div class=\"elementor-element elementor-element-f915dc5 e-con-full e-flex e-con e-child\" data-id=\"f915dc5\" data-element_type=\"container\" data-e-type=\"container\">\n\t\t<div class=\"elementor-element elementor-element-7946b57 e-con-full e-flex e-con e-child\" data-id=\"7946b57\" data-element_type=\"container\" data-e-type=\"container\">\n\t\t\t\t<div class=\"elementor-element elementor-element-aaff24c elementor-widget elementor-widget-image\" data-id=\"aaff24c\" data-element_type=\"widget\" data-e-type=\"widget\" data-widget_type=\"image.default\">\n\t\t\t\t\t\t\t\t\t\t\t\t\t\t\t<img decoding=\"async\" width=\"200\" height=\"42\" src=\"https:\/\/geneva-airport-taxi.bellaetco.ch\/wp-content\/uploads\/2025\/12\/logo-inner.png\" class=\"attachment-full size-full wp-image-12302\" alt=\"\" \/>\t\t\t\t\t\t\t\t\t\t\t\t\t\t\t<\/div>\n\t\t\t\t<\/div>\n\t\t<div class=\"elementor-element elementor-element-16a1f3c e-con-full e-flex e-con e-child\" data-id=\"16a1f3c\" data-element_type=\"container\" data-e-type=\"container\">\n\t\t\t\t<div class=\"elementor-element elementor-element-18f19d6 elementor-widget elementor-widget-heading\" data-id=\"18f19d6\" data-element_type=\"widget\" data-e-type=\"widget\" data-widget_type=\"heading.default\">\n\t\t\t\t\t<h2 class=\"elementor-heading-title elementor-size-default\">\u00bfQui\u00e9nes somos?<\/h2>\t\t\t\t<\/div>\n\t\t\t\t<div class=\"elementor-element elementor-element-1a8b08e elementor-widget elementor-widget-text-editor\" data-id=\"1a8b08e\" data-element_type=\"widget\" data-e-type=\"widget\" data-widget_type=\"text-editor.default\">\n\t\t\t\t\t\t\t\t\t<p class=\"my-2 [&amp;+p]:mt-4 [&amp;_strong:has(+br)]:inline-block [&amp;_strong:has(+br)]:pb-2\">Desde hace m\u00e1s de una d\u00e9cada, Geneva Airport Taxi se posiciona como l\u00edder en transporte premium en Ginebra. Nuestra misi\u00f3n: convertir cada trayecto en una experiencia fiable, c\u00f3moda y sin estr\u00e9s.<\/p><p class=\"my-2 [&amp;+p]:mt-4 [&amp;_strong:has(+br)]:inline-block [&amp;_strong:has(+br)]:pb-2\">Creemos que desplazarse deber\u00eda ser sencillo. Por eso nos comprometemos a ofrecer un servicio excepcional, adaptado a sus necesidades espec\u00edficas, ya sea una llegada al aeropuerto, un traslado profesional o una escapada para esquiar.<\/p>\t\t\t\t\t\t\t\t<\/div>\n\t\t\t\t<div class=\"elementor-element elementor-element-aa9a477 elementor-align-left elementor-tablet-align-center elementor-widget elementor-widget-button\" data-id=\"aa9a477\" data-element_type=\"widget\" data-e-type=\"widget\" data-widget_type=\"button.default\">\n\t\t\t\t\t\t\t\t\t\t<a class=\"elementor-button elementor-button-link elementor-size-sm\" href=\"https:\/\/geneva-airport-taxi.bellaetco.ch\/es\/reserver-une-course\/\">\n\t\t\t\t\t\t<span class=\"elementor-button-content-wrapper\">\n\t\t\t\t\t\t\t\t\t<span class=\"elementor-button-text\">Reservar un viaje <\/span>\n\t\t\t\t\t<\/span>\n\t\t\t\t\t<\/a>\n\t\t\t\t\t\t\t\t<\/div>\n\t\t\t\t<\/div>\n\t\t\t\t<\/div>\n\t\t<div class=\"elementor-element elementor-element-84d96be e-con-full e-flex e-con e-child\" data-id=\"84d96be\" data-element_type=\"container\" data-e-type=\"container\">\n\t\t\t\t<div class=\"elementor-element elementor-element-74537e7 elementor-widget elementor-widget-text-editor\" data-id=\"74537e7\" data-element_type=\"widget\" data-e-type=\"widget\" data-widget_type=\"text-editor.default\">\n\t\t\t\t\t\t\t\t\t<h2>Nuestra historia y experiencia<\/h2><p class=\"my-2 [&amp;+p]:mt-4 [&amp;_strong:has(+br)]:inline-block [&amp;_strong:has(+br)]:pb-2\">Fundaci\u00f3n y crecimiento<br \/>Geneva Airport Taxi fue creada por profesionales del transporte apasionados por el servicio al cliente. Lo que comenz\u00f3 como una peque\u00f1a empresa con unos pocos veh\u00edculos se ha convertido en un servicio de referencia en Ginebra y sus alrededores.<\/p><p class=\"my-2 [&amp;+p]:mt-4 [&amp;_strong:has(+br)]:inline-block [&amp;_strong:has(+br)]:pb-2\">Hoy en d\u00eda, atendemos a m\u00e1s de 5000 clientes al a\u00f1o, desde viajeros de negocios con prisa hasta familias de vacaciones en la nieve, pasando por personalidades VIP que buscan discreci\u00f3n.<\/p><p class=\"my-2 [&amp;+p]:mt-4 [&amp;_strong:has(+br)]:inline-block [&amp;_strong:has(+br)]:pb-2\">Experiencia y especializaci\u00f3n<br \/>Nuestro equipo no est\u00e1 compuesto solo por taxistas. Son profesionales formados en:<\/p><ul class=\"marker:text-quiet list-disc\"><li class=\"py-0 my-0 prose-p:pt-0 prose-p:mb-2 prose-p:my-0 [&amp;&gt;p]:pt-0 [&amp;&gt;p]:mb-2 [&amp;&gt;p]:my-0\"><p class=\"my-2 [&amp;+p]:mt-4 [&amp;_strong:has(+br)]:inline-block [&amp;_strong:has(+br)]:pb-2\">Log\u00edstica de transporte premium<\/p><\/li><li class=\"py-0 my-0 prose-p:pt-0 prose-p:mb-2 prose-p:my-0 [&amp;&gt;p]:pt-0 [&amp;&gt;p]:mb-2 [&amp;&gt;p]:my-0\"><p class=\"my-2 [&amp;+p]:mt-4 [&amp;_strong:has(+br)]:inline-block [&amp;_strong:has(+br)]:pb-2\">Las carreteras alpinas y las condiciones invernales<\/p><\/li><li class=\"py-0 my-0 prose-p:pt-0 prose-p:mb-2 prose-p:my-0 [&amp;&gt;p]:pt-0 [&amp;&gt;p]:mb-2 [&amp;&gt;p]:my-0\"><p class=\"my-2 [&amp;+p]:mt-4 [&amp;_strong:has(+br)]:inline-block [&amp;_strong:has(+br)]:pb-2\">Recepci\u00f3n VIP y discreci\u00f3n<\/p><\/li><li class=\"py-0 my-0 prose-p:pt-0 prose-p:mb-2 prose-p:my-0 [&amp;&gt;p]:pt-0 [&amp;&gt;p]:mb-2 [&amp;&gt;p]:my-0\"><p class=\"my-2 [&amp;+p]:mt-4 [&amp;_strong:has(+br)]:inline-block [&amp;_strong:has(+br)]:pb-2\">El servicio al cliente en un entorno internacional<\/p><\/li><\/ul><p class=\"my-2 [&amp;+p]:mt-4 [&amp;_strong:has(+br)]:inline-block [&amp;_strong:has(+br)]:pb-2\">Cada conductor tiene una experiencia m\u00ednima de 10 a\u00f1os en el sector del transporte profesional.<\/p><h2>Nuestros valores fundamentales<\/h2><p class=\"my-2 [&amp;+p]:mt-4 [&amp;_strong:has(+br)]:inline-block [&amp;_strong:has(+br)]:pb-2\"><strong>1. Fiabilidad<\/strong><br \/>Usted cuenta con nosotros para llegar a tiempo. Incluso en caso de retrasos en los vuelos o condiciones adversas, nos adaptamos y llegamos a nuestro destino.<\/p><p class=\"my-2 [&amp;+p]:mt-4 [&amp;_strong:has(+br)]:inline-block [&amp;_strong:has(+br)]:pb-2\"><strong>2. Profesionalidad<\/strong><br \/>Nuestros conductores son educados, discretos y orientados al servicio. Representan la excelencia en cada interacci\u00f3n.<\/p><p class=\"my-2 [&amp;+p]:mt-4 [&amp;_strong:has(+br)]:inline-block [&amp;_strong:has(+br)]:pb-2\"><strong>3. Seguridad<\/strong><br \/>La seguridad de nuestros pasajeros es nuestra prioridad. Nuestros veh\u00edculos se inspeccionan peri\u00f3dicamente y nuestros conductores est\u00e1n formados en primeros auxilios.<\/p><p class=\"my-2 [&amp;+p]:mt-4 [&amp;_strong:has(+br)]:inline-block [&amp;_strong:has(+br)]:pb-2\"><strong>4. Transparencia<\/strong><br \/>Sin costes ocultos, sin sorpresas. Las tarifas se comunican por adelantado y entregamos exactamente lo prometido.<\/p><p class=\"my-2 [&amp;+p]:mt-4 [&amp;_strong:has(+br)]:inline-block [&amp;_strong:has(+br)]:pb-2\"><strong>5. Innovaci\u00f3n<\/strong><br \/>Utilizamos la tecnolog\u00eda (seguimiento de vuelos, GPS, reservas online) para mejorar su experiencia.<\/p><p class=\"my-2 [&amp;+p]:mt-4 [&amp;_strong:has(+br)]:inline-block [&amp;_strong:has(+br)]:pb-2\"><strong>6. Sostenibilidad<\/strong><br \/>Ofrecemos opciones ecol\u00f3gicas con nuestra flota Toyota Prius para los clientes preocupados por el medio ambiente.<\/p><h2>Nuestra flota: comodidad y modernidad<\/h2><p class=\"my-2 [&amp;+p]:mt-4 [&amp;_strong:has(+br)]:inline-block [&amp;_strong:has(+br)]:pb-2\">Mercedes Clase E<br \/>Elegancia y rendimiento. Ideal para viajeros solos o en pareja. Aire acondicionado, asientos de cuero calefactables, reproductor multimedia.<\/p><p class=\"my-2 [&amp;+p]:mt-4 [&amp;_strong:has(+br)]:inline-block [&amp;_strong:has(+br)]:pb-2\">Mercedes Clase V<br \/>Espaciosa y lujosa. Perfecta para familias o grupos. 7 plazas, maletero ampliado, equipamiento de alta gama.<\/p><p class=\"my-2 [&amp;+p]:mt-4 [&amp;_strong:has(+br)]:inline-block [&amp;_strong:has(+br)]:pb-2\">Toyota Prius Ecol\u00f3gico<br \/>Opci\u00f3n ecol\u00f3gica sin renunciar al confort. Silencioso, econ\u00f3mico, ideal para los m\u00e1s concienciados con el medio ambiente.<\/p><p class=\"my-2 [&amp;+p]:mt-4 [&amp;_strong:has(+br)]:inline-block [&amp;_strong:has(+br)]:pb-2\">Todos los veh\u00edculos incluyen:<br \/>\u2713 Cargadores USB y el\u00e9ctricos<br \/>\u2713 Agua fresca gratuita<br \/>\u2713 Aire acondicionado individualizado<br \/>\u2713 Navegaci\u00f3n GPS profesional<br \/>\u2713 Asientos c\u00f3modos y bien cuidados.<br \/>\u2713 Espacio para equipaje ampliado<br \/>\u2713 Asientos infantiles disponibles<\/p><p>\u00a0<\/p><h2>Nuestros conductores profesionales<\/h2><h4>Formaci\u00f3n continua<\/h4><p class=\"my-2 [&amp;+p]:mt-4 [&amp;_strong:has(+br)]:inline-block [&amp;_strong:has(+br)]:pb-2\">Nuestros conductores reciben formaci\u00f3n peri\u00f3dica sobre:<\/p><ul class=\"marker:text-quiet list-disc\"><li class=\"py-0 my-0 prose-p:pt-0 prose-p:mb-2 prose-p:my-0 [&amp;&gt;p]:pt-0 [&amp;&gt;p]:mb-2 [&amp;&gt;p]:my-0\"><p class=\"my-2 [&amp;+p]:mt-4 [&amp;_strong:has(+br)]:inline-block [&amp;_strong:has(+br)]:pb-2\">Servicio de atenci\u00f3n al cliente premium<\/p><\/li><li class=\"py-0 my-0 prose-p:pt-0 prose-p:mb-2 prose-p:my-0 [&amp;&gt;p]:pt-0 [&amp;&gt;p]:mb-2 [&amp;&gt;p]:my-0\"><p class=\"my-2 [&amp;+p]:mt-4 [&amp;_strong:has(+br)]:inline-block [&amp;_strong:has(+br)]:pb-2\">Primeros auxilios y seguridad vial<\/p><\/li><li class=\"py-0 my-0 prose-p:pt-0 prose-p:mb-2 prose-p:my-0 [&amp;&gt;p]:pt-0 [&amp;&gt;p]:mb-2 [&amp;&gt;p]:my-0\"><p class=\"my-2 [&amp;+p]:mt-4 [&amp;_strong:has(+br)]:inline-block [&amp;_strong:has(+br)]:pb-2\">Conocimiento de las carreteras de Ginebra y los Alpes<\/p><\/li><li class=\"py-0 my-0 prose-p:pt-0 prose-p:mb-2 prose-p:my-0 [&amp;&gt;p]:pt-0 [&amp;&gt;p]:mb-2 [&amp;&gt;p]:my-0\"><p class=\"my-2 [&amp;+p]:mt-4 [&amp;_strong:has(+br)]:inline-block [&amp;_strong:has(+br)]:pb-2\">La gesti\u00f3n de situaciones dif\u00edciles<\/p><\/li><li class=\"py-0 my-0 prose-p:pt-0 prose-p:mb-2 prose-p:my-0 [&amp;&gt;p]:pt-0 [&amp;&gt;p]:mb-2 [&amp;&gt;p]:my-0\"><p class=\"my-2 [&amp;+p]:mt-4 [&amp;_strong:has(+br)]:inline-block [&amp;_strong:has(+br)]:pb-2\">El protocolo VIP y la discreci\u00f3n<\/p><\/li><\/ul><h4>Experiencia y competencia<\/h4><p class=\"my-2 [&amp;+p]:mt-4 [&amp;_strong:has(+br)]:inline-block [&amp;_strong:has(+br)]:pb-2\">Cada conductor tiene como m\u00ednimo 10 a\u00f1os de experiencia. Muchos tienen 15, 20 o 25 a\u00f1os. Conocen Ginebra como la palma de su mano.<\/p><h4>Selecci\u00f3n estricta<\/h4><p class=\"my-2 [&amp;+p]:mt-4 [&amp;_strong:has(+br)]:inline-block [&amp;_strong:has(+br)]:pb-2\">Contratamos seg\u00fan criterios muy estrictos: referencias impecables, antecedentes penales verificados, permiso de conducir intachable.<\/p><h4>Disponibilidad las 24 horas del d\u00eda<\/h4><p class=\"my-2 [&amp;+p]:mt-4 [&amp;_strong:has(+br)]:inline-block [&amp;_strong:has(+br)]:pb-2\">Nuestro equipo trabaja las 24 horas del d\u00eda. Siempre hay un conductor disponible, incluso a las 3 de la madrugada.<\/p><h2>Nuestros servicios \u2013 Visi\u00f3n general<\/h2><h4>Traslados al aeropuerto<\/h4><p class=\"my-2 [&amp;+p]:mt-4 [&amp;_strong:has(+br)]:inline-block [&amp;_strong:has(+br)]:pb-2\">Desde\/hacia Ginebra Cointrin, con seguimiento del vuelo en tiempo real y recepci\u00f3n personalizada.<\/p><h4>Traslados a la estaci\u00f3n<\/h4><p class=\"my-2 [&amp;+p]:mt-4 [&amp;_strong:has(+br)]:inline-block [&amp;_strong:has(+br)]:pb-2\">Desde la estaci\u00f3n Cornavin a cualquier destino.<\/p><h4>Traslados de esqu\u00ed<\/h4><p class=\"my-2 [&amp;+p]:mt-4 [&amp;_strong:has(+br)]:inline-block [&amp;_strong:has(+br)]:pb-2\">A todas las estaciones alpinas (Verbier, Zermatt, Chamonix, Crans-Montana, etc.)<\/p><h4>Transporte profesional<\/h4><h2>Servicios dedicados a particulares, profesionales y VIP<\/h2><h4>Servicios VIP<\/h4><p class=\"my-2 [&amp;+p]:mt-4 [&amp;_strong:has(+br)]:inline-block [&amp;_strong:has(+br)]:pb-2\">Para clientes que buscan seguridad, confidencialidad y un servicio de alta gama.<\/p><h4>Largas distancias<\/h4><p class=\"my-2 [&amp;+p]:mt-4 [&amp;_strong:has(+br)]:inline-block [&amp;_strong:has(+br)]:pb-2\">Transporte a Lyon, Z\u00farich, Annecy y m\u00e1s all\u00e1.<\/p><h4>Transporte de grupos<\/h4><p class=\"my-2 [&amp;+p]:mt-4 [&amp;_strong:has(+br)]:inline-block [&amp;_strong:has(+br)]:pb-2\">Hasta 7 personas por veh\u00edculo. Ideal para eventos, bodas y salidas en grupo.<\/p><h2>Tecnolog\u00eda y reservas<\/h2><h4>Sistema de reservas online<\/h4><p>Reserve las 24 horas del d\u00eda a trav\u00e9s de nuestra p\u00e1gina web. Confirmaci\u00f3n instant\u00e1nea por SMS.<\/p><h4>Seguimiento de vuelos en tiempo real<\/h4><p class=\"my-2 [&amp;+p]:mt-4 [&amp;_strong:has(+br)]:inline-block [&amp;_strong:has(+br)]:pb-2\">Seguimos su vuelo y ajustamos el horario de recogida en consecuencia. Sin esperas innecesarias.<\/p><h4>Aplicaci\u00f3n m\u00f3vil<\/h4><p class=\"my-2 [&amp;+p]:mt-4 [&amp;_strong:has(+br)]:inline-block [&amp;_strong:has(+br)]:pb-2\">(Si est\u00e1 disponible) Descargue nuestra aplicaci\u00f3n para reservar, realizar el seguimiento y pagar desde su tel\u00e9fono.<\/p><h4>Confirmaci\u00f3n autom\u00e1tica<\/h4><p class=\"my-2 [&amp;+p]:mt-4 [&amp;_strong:has(+br)]:inline-block [&amp;_strong:has(+br)]:pb-2\">Recibir\u00e1 un SMS con el nombre y el n\u00famero del conductor 24 horas antes de su traslado.<\/p><hr class=\"bg-subtle h-px border-0\" \/>\t\t\t\t\t\t\t\t<\/div>\n\t\t\t\t<\/div>\n\t\t\t\t\t<\/div>\n\t\t\t\t<\/div>\n\t\t\t\t<\/div>","protected":false},"excerpt":{"rendered":"<p>\u00c0 Propos de Geneva Airport Taxi Votre Transfert de Confiance Qui Sommes-Nous ? Depuis plus d&rsquo;une d\u00e9cennie, Geneva Airport Taxi se positionne comme le leader du transport premium \u00e0 Gen\u00e8ve. Notre mission : transformer chaque trajet en exp\u00e9rience fiable, confortable et sans stress. Nous croyons que se d\u00e9placer devrait \u00eatre simple. C&rsquo;est pourquoi nous nous [&hellip;]<\/p>","protected":false},"author":2,"featured_media":0,"parent":0,"menu_order":0,"comment_status":"closed","ping_status":"closed","template":"","meta":{"_joinchat":[],"footnotes":""},"class_list":["post-23720","page","type-page","status-publish","hentry"],"_links":{"self":[{"href":"https:\/\/geneva-airport-taxi.bellaetco.ch\/es\/wp-json\/wp\/v2\/pages\/23720","targetHints":{"allow":["GET"]}}],"collection":[{"href":"https:\/\/geneva-airport-taxi.bellaetco.ch\/es\/wp-json\/wp\/v2\/pages"}],"about":[{"href":"https:\/\/geneva-airport-taxi.bellaetco.ch\/es\/wp-json\/wp\/v2\/types\/page"}],"author":[{"embeddable":true,"href":"https:\/\/geneva-airport-taxi.bellaetco.ch\/es\/wp-json\/wp\/v2\/users\/2"}],"replies":[{"embeddable":true,"href":"https:\/\/geneva-airport-taxi.bellaetco.ch\/es\/wp-json\/wp\/v2\/comments?post=23720"}],"version-history":[{"count":19,"href":"https:\/\/geneva-airport-taxi.bellaetco.ch\/es\/wp-json\/wp\/v2\/pages\/23720\/revisions"}],"predecessor-version":[{"id":23882,"href":"https:\/\/geneva-airport-taxi.bellaetco.ch\/es\/wp-json\/wp\/v2\/pages\/23720\/revisions\/23882"}],"wp:attachment":[{"href":"https:\/\/geneva-airport-taxi.bellaetco.ch\/es\/wp-json\/wp\/v2\/media?parent=23720"}],"curies":[{"name":"wp","href":"https:\/\/api.w.org\/{rel}","templated":true}]}}