{"id":23742,"date":"2025-12-03T21:44:48","date_gmt":"2025-12-03T20:44:48","guid":{"rendered":"https:\/\/geneva-airport-taxi.bellaetco.ch\/?page_id=23742"},"modified":"2025-12-04T15:42:03","modified_gmt":"2025-12-04T14:42:03","slug":"transfert-aeroport-famille-ou-groupe","status":"publish","type":"page","link":"https:\/\/geneva-airport-taxi.bellaetco.ch\/es\/transfert-aeroport-famille-ou-groupe\/","title":{"rendered":"Traslado en taxi para familias o grupos"},"content":{"rendered":"<div data-elementor-type=\"wp-page\" data-elementor-id=\"23742\" class=\"elementor elementor-23742\" data-elementor-post-type=\"page\">\n\t\t\t\t<div class=\"elementor-element elementor-element-9efc511 e-flex e-con-boxed e-con e-parent\" data-id=\"9efc511\" data-element_type=\"container\" data-e-type=\"container\" data-settings=\"{&quot;background_background&quot;:&quot;classic&quot;}\">\n\t\t\t\t\t<div class=\"e-con-inner\">\n\t\t\t\t<div class=\"elementor-element elementor-element-3475346 elementor-widget elementor-widget-heading\" data-id=\"3475346\" data-element_type=\"widget\" data-e-type=\"widget\" data-widget_type=\"heading.default\">\n\t\t\t\t\t<h1 class=\"elementor-heading-title elementor-size-default\">Traslado en taxi para familias o grupos<\/h1>\t\t\t\t<\/div>\n\t\t\t\t\t<\/div>\n\t\t\t\t<\/div>\n\t\t<div class=\"elementor-element elementor-element-6f87ad2 e-flex e-con-boxed e-con e-parent\" data-id=\"6f87ad2\" data-element_type=\"container\" data-e-type=\"container\">\n\t\t\t\t\t<div class=\"e-con-inner\">\n\t\t<div class=\"elementor-element elementor-element-f915dc5 e-con-full e-flex e-con e-child\" data-id=\"f915dc5\" data-element_type=\"container\" data-e-type=\"container\">\n\t\t<div class=\"elementor-element elementor-element-7946b57 e-con-full e-flex e-con e-child\" data-id=\"7946b57\" data-element_type=\"container\" data-e-type=\"container\">\n\t\t\t\t<div class=\"elementor-element elementor-element-aaff24c elementor-widget elementor-widget-image\" data-id=\"aaff24c\" data-element_type=\"widget\" data-e-type=\"widget\" data-widget_type=\"image.default\">\n\t\t\t\t\t\t\t\t\t\t\t\t\t\t\t<img fetchpriority=\"high\" decoding=\"async\" width=\"800\" height=\"418\" src=\"https:\/\/geneva-airport-taxi.bellaetco.ch\/wp-content\/uploads\/2025\/12\/gat-1024x535.jpg\" class=\"attachment-large size-large wp-image-12300\" alt=\"Chauffeur en train d&#039;attendre un client \u00e0 l&#039;a\u00e9ropor de Gen\u00e8ve\" srcset=\"https:\/\/geneva-airport-taxi.bellaetco.ch\/wp-content\/uploads\/2025\/12\/gat-1024x535.jpg 1024w, https:\/\/geneva-airport-taxi.bellaetco.ch\/wp-content\/uploads\/2025\/12\/gat-300x157.jpg 300w, https:\/\/geneva-airport-taxi.bellaetco.ch\/wp-content\/uploads\/2025\/12\/gat-768x401.jpg 768w, https:\/\/geneva-airport-taxi.bellaetco.ch\/wp-content\/uploads\/2025\/12\/gat-460x240.jpg 460w, https:\/\/geneva-airport-taxi.bellaetco.ch\/wp-content\/uploads\/2025\/12\/gat-800x418.jpg 800w, https:\/\/geneva-airport-taxi.bellaetco.ch\/wp-content\/uploads\/2025\/12\/gat-600x314.jpg 600w, https:\/\/geneva-airport-taxi.bellaetco.ch\/wp-content\/uploads\/2025\/12\/gat.jpg 1200w\" sizes=\"(max-width: 800px) 100vw, 800px\" \/>\t\t\t\t\t\t\t\t\t\t\t\t\t\t\t<\/div>\n\t\t\t\t<\/div>\n\t\t<div class=\"elementor-element elementor-element-16a1f3c e-con-full e-flex e-con e-child\" data-id=\"16a1f3c\" data-element_type=\"container\" data-e-type=\"container\">\n\t\t\t\t<div class=\"elementor-element elementor-element-18f19d6 elementor-widget elementor-widget-heading\" data-id=\"18f19d6\" data-element_type=\"widget\" data-e-type=\"widget\" data-widget_type=\"heading.default\">\n\t\t\t\t\t<h2 class=\"elementor-heading-title elementor-size-default\">Servicio de taxi para familias<\/h2>\t\t\t\t<\/div>\n\t\t\t\t<div class=\"elementor-element elementor-element-1a8b08e elementor-widget elementor-widget-text-editor\" data-id=\"1a8b08e\" data-element_type=\"widget\" data-e-type=\"widget\" data-widget_type=\"text-editor.default\">\n\t\t\t\t\t\t\t\t\t<p class=\"my-2 [&amp;+p]:mt-4 [&amp;_strong:has(+br)]:inline-block [&amp;_strong:has(+br)]:pb-2\">Viajar en familia a Ginebra merece algo m\u00e1s que un simple taxi. Nuestros Mercedes Clase V ofrecen un espacio generoso, comodidad premium y seguridad garantizada para sus hijos. Asiento infantil homologado incluido, tarifas reducidas para grupos: todo lo necesario para un traslado sin estr\u00e9s.<\/p>\t\t\t\t\t\t\t\t<\/div>\n\t\t\t\t<div class=\"elementor-element elementor-element-dff2178 elementor-align-left elementor-widget elementor-widget-button\" data-id=\"dff2178\" data-element_type=\"widget\" data-e-type=\"widget\" data-widget_type=\"button.default\">\n\t\t\t\t\t\t\t\t\t\t<a class=\"elementor-button elementor-button-link elementor-size-sm\" href=\"https:\/\/geneva-airport-taxi.bellaetco.ch\/es\/reserver-une-course\/\">\n\t\t\t\t\t\t<span class=\"elementor-button-content-wrapper\">\n\t\t\t\t\t\t\t\t\t<span class=\"elementor-button-text\">Reservar un viaje <\/span>\n\t\t\t\t\t<\/span>\n\t\t\t\t\t<\/a>\n\t\t\t\t\t\t\t\t<\/div>\n\t\t\t\t<\/div>\n\t\t\t\t<\/div>\n\t\t<div class=\"elementor-element elementor-element-84d96be e-con-full e-flex e-con e-child\" data-id=\"84d96be\" data-element_type=\"container\" data-e-type=\"container\">\n\t\t\t\t<div class=\"elementor-element elementor-element-74537e7 elementor-widget elementor-widget-text-editor\" data-id=\"74537e7\" data-element_type=\"widget\" data-e-type=\"widget\" data-widget_type=\"text-editor.default\">\n\t\t\t\t\t\t\t\t\t<h2 id=\"services-famille---confort-garanti\" class=\"mb-2 mt-4 font-display font-semimedium text-base first:mt-0 md:text-lg [hr+&amp;]:mt-4\">Servicios para familias: comodidad garantizada<\/h2><p class=\"my-2 [&amp;+p]:mt-4 [&amp;_strong:has(+br)]:inline-block [&amp;_strong:has(+br)]:pb-2\">Viajar en familia significa anticiparse a las necesidades de todos. Nuestro servicio se adapta: espacio para cochecitos plegados, asientos elevadores disponibles, aire acondicionado suave para los m\u00e1s peque\u00f1os, trayectos sin aceleraciones bruscas. El conductor comprende los retos familiares y conduce con vigilancia paternal.<\/p><p class=\"my-2 [&amp;+p]:mt-4 [&amp;_strong:has(+br)]:inline-block [&amp;_strong:has(+br)]:pb-2\"><strong>Puntos clave del servicio familiar:<\/strong><\/p><ul class=\"marker:text-quiet list-disc\"><li class=\"py-0 my-0 prose-p:pt-0 prose-p:mb-2 prose-p:my-0 [&amp;&gt;p]:pt-0 [&amp;&gt;p]:mb-2 [&amp;&gt;p]:my-0\"><p class=\"my-2 [&amp;+p]:mt-4 [&amp;_strong:has(+br)]:inline-block [&amp;_strong:has(+br)]:pb-2\">Silla infantil gratuita para beb\u00e9s de 0 a 3 a\u00f1os (ISOFIX)<\/p><\/li><li class=\"py-0 my-0 prose-p:pt-0 prose-p:mb-2 prose-p:my-0 [&amp;&gt;p]:pt-0 [&amp;&gt;p]:mb-2 [&amp;&gt;p]:my-0\"><p class=\"my-2 [&amp;+p]:mt-4 [&amp;_strong:has(+br)]:inline-block [&amp;_strong:has(+br)]:pb-2\">Asiento elevador gratuito para ni\u00f1os de 3 a 12 a\u00f1os<\/p><\/li><li class=\"py-0 my-0 prose-p:pt-0 prose-p:mb-2 prose-p:my-0 [&amp;&gt;p]:pt-0 [&amp;&gt;p]:mb-2 [&amp;&gt;p]:my-0\"><p class=\"my-2 [&amp;+p]:mt-4 [&amp;_strong:has(+br)]:inline-block [&amp;_strong:has(+br)]:pb-2\">Espacio para equipaje familiar (hasta 6 maletas)<\/p><\/li><li class=\"py-0 my-0 prose-p:pt-0 prose-p:mb-2 prose-p:my-0 [&amp;&gt;p]:pt-0 [&amp;&gt;p]:mb-2 [&amp;&gt;p]:my-0\"><p class=\"my-2 [&amp;+p]:mt-4 [&amp;_strong:has(+br)]:inline-block [&amp;_strong:has(+br)]:pb-2\">Climatizaci\u00f3n progresiva y suave<\/p><\/li><li class=\"py-0 my-0 prose-p:pt-0 prose-p:mb-2 prose-p:my-0 [&amp;&gt;p]:pt-0 [&amp;&gt;p]:mb-2 [&amp;&gt;p]:my-0\"><p class=\"my-2 [&amp;+p]:mt-4 [&amp;_strong:has(+br)]:inline-block [&amp;_strong:has(+br)]:pb-2\">Rutas prioritarias sin desv\u00edos innecesarios<\/p><\/li><\/ul><h2 id=\"sige-auto-bb-gratuit--homologu\" class=\"mb-2 mt-4 font-display font-semimedium text-base first:mt-0 md:text-lg [hr+&amp;]:mt-4\">Silla de coche para beb\u00e9s gratuita y homologada<\/h2><p class=\"my-2 [&amp;+p]:mt-4 [&amp;_strong:has(+br)]:inline-block [&amp;_strong:has(+br)]:pb-2\">Los asientos que suministramos cumplen con las normas suizas.\u00a0<strong>ECE R44\/04<\/strong>\u00a0y europeas\u00a0<strong>i-Size<\/strong>. Instalaci\u00f3n por parte de un conductor cualificado, comprobaci\u00f3n de seguridad antes de la salida. Su hijo estar\u00e1 m\u00e1s seguro que en su propio asiento.<\/p><p class=\"my-2 [&amp;+p]:mt-4 [&amp;_strong:has(+br)]:inline-block [&amp;_strong:has(+br)]:pb-2\"><strong>Caracter\u00edsticas de los asientos:<\/strong><\/p><div class=\"group relative\"><div class=\"w-full overflow-x-auto md:max-w-[90vw] border-subtlest ring-subtlest divide-subtlest bg-transparent\"><table class=\"border-subtler my-[1em] w-full table-auto border-separate border-spacing-0 border-l border-t\"><thead class=\"bg-subtler\"><tr><th class=\"border-subtler p-sm break-normal border-b border-r text-left align-top\">Edad<\/th><th class=\"border-subtler p-sm break-normal border-b border-r text-left align-top\">Peso<\/th><th class=\"border-subtler p-sm break-normal border-b border-r text-left align-top\">Tipo de asiento<\/th><th class=\"border-subtler p-sm break-normal border-b border-r text-left align-top\">Normas<\/th><\/tr><\/thead><tbody><tr><td class=\"px-sm border-subtler min-w-[48px] break-normal border-b border-r\">0-15 meses<\/td><td class=\"px-sm border-subtler min-w-[48px] break-normal border-b border-r\">0-13 kg<\/td><td class=\"px-sm border-subtler min-w-[48px] break-normal border-b border-r\">Asiento con carcasa ISOFIX<\/td><td class=\"px-sm border-subtler min-w-[48px] break-normal border-b border-r\">ECE R44\/04 + i-Size<\/td><\/tr><tr><td class=\"px-sm border-subtler min-w-[48px] break-normal border-b border-r\">15-36 meses<\/td><td class=\"px-sm border-subtler min-w-[48px] break-normal border-b border-r\">9-18 kg<\/td><td class=\"px-sm border-subtler min-w-[48px] break-normal border-b border-r\">Asiento giratorio 360\u00b0<\/td><td class=\"px-sm border-subtler min-w-[48px] break-normal border-b border-r\">ECE R44\/04 + i-Size<\/td><\/tr><tr><td class=\"px-sm border-subtler min-w-[48px] break-normal border-b border-r\">3-12 a\u00f1os<\/td><td class=\"px-sm border-subtler min-w-[48px] break-normal border-b border-r\">15-36 kg<\/td><td class=\"px-sm border-subtler min-w-[48px] break-normal border-b border-r\">Elevador ISOFIX<\/td><td class=\"px-sm border-subtler min-w-[48px] break-normal border-b border-r\">ECE R44\/04 + i-Size<\/td><\/tr><tr><td class=\"px-sm border-subtler min-w-[48px] break-normal border-b border-r\">6-12 a\u00f1os<\/td><td class=\"px-sm border-subtler min-w-[48px] break-normal border-b border-r\">22-36 kg<\/td><td class=\"px-sm border-subtler min-w-[48px] break-normal border-b border-r\">Elevador simple<\/td><td class=\"px-sm border-subtler min-w-[48px] break-normal border-b border-r\">ECE R44\/04<\/td><\/tr><\/tbody><\/table><\/div><div class=\"bg-base border-subtler shadow-subtle pointer-coarse:opacity-100 right-xs absolute bottom-0 flex rounded-lg border opacity-0 transition-opacity group-hover:opacity-100 [&amp;&gt;*:not(:first-child)]:border-subtle [&amp;&gt;*:not(:first-child)]:border-l\"><div class=\"flex\">\u00a0<\/div><div class=\"flex\">\u00a0<\/div><\/div><\/div><p class=\"my-2 [&amp;+p]:mt-4 [&amp;_strong:has(+br)]:inline-block [&amp;_strong:has(+br)]:pb-2\">Instalaci\u00f3n verificada en cada trayecto, correas ajustadas a la morfolog\u00eda del ni\u00f1o. Sin comprometer la seguridad.<\/p><h2 id=\"espace-gnreux-pour-bagages--poussette\" class=\"mb-2 mt-4 font-display font-semimedium text-base first:mt-0 md:text-lg [hr+&amp;]:mt-4\">Amplio espacio para equipaje y cochecitos<\/h2><p class=\"my-2 [&amp;+p]:mt-4 [&amp;_strong:has(+br)]:inline-block [&amp;_strong:has(+br)]:pb-2\">La Mercedes Clase V ofrece\u00a0<strong>620 litros de maletero<\/strong>\u00a0con asientos levantados, extensible a\u00a0<strong>1860 litros<\/strong>\u00a0si es necesario. \u00bfUn cochecito triple plegado? No hay problema. \u00bfMaletas + mochilas? Todo cabe c\u00f3modamente sin ocupar el espacio de los pasajeros.<\/p><p class=\"my-2 [&amp;+p]:mt-4 [&amp;_strong:has(+br)]:inline-block [&amp;_strong:has(+br)]:pb-2\"><strong>Capacidad para equipaje familiar:<\/strong><\/p><ul class=\"marker:text-quiet list-disc\"><li class=\"py-0 my-0 prose-p:pt-0 prose-p:mb-2 prose-p:my-0 [&amp;&gt;p]:pt-0 [&amp;&gt;p]:mb-2 [&amp;&gt;p]:my-0\"><p class=\"my-2 [&amp;+p]:mt-4 [&amp;_strong:has(+br)]:inline-block [&amp;_strong:has(+br)]:pb-2\">3 maletas grandes (24 pulgadas cada una)<\/p><\/li><li class=\"py-0 my-0 prose-p:pt-0 prose-p:mb-2 prose-p:my-0 [&amp;&gt;p]:pt-0 [&amp;&gt;p]:mb-2 [&amp;&gt;p]:my-0\"><p class=\"my-2 [&amp;+p]:mt-4 [&amp;_strong:has(+br)]:inline-block [&amp;_strong:has(+br)]:pb-2\">1 cochecito plegado<\/p><\/li><li class=\"py-0 my-0 prose-p:pt-0 prose-p:mb-2 prose-p:my-0 [&amp;&gt;p]:pt-0 [&amp;&gt;p]:mb-2 [&amp;&gt;p]:my-0\"><p class=\"my-2 [&amp;+p]:mt-4 [&amp;_strong:has(+br)]:inline-block [&amp;_strong:has(+br)]:pb-2\">4-5 mochilas o equipajes peque\u00f1os<\/p><\/li><li class=\"py-0 my-0 prose-p:pt-0 prose-p:mb-2 prose-p:my-0 [&amp;&gt;p]:pt-0 [&amp;&gt;p]:mb-2 [&amp;&gt;p]:my-0\"><p class=\"my-2 [&amp;+p]:mt-4 [&amp;_strong:has(+br)]:inline-block [&amp;_strong:has(+br)]:pb-2\">Silla port\u00e1til para beb\u00e9s + accesorios<\/p><\/li><li class=\"py-0 my-0 prose-p:pt-0 prose-p:mb-2 prose-p:my-0 [&amp;&gt;p]:pt-0 [&amp;&gt;p]:mb-2 [&amp;&gt;p]:my-0\"><p class=\"my-2 [&amp;+p]:mt-4 [&amp;_strong:has(+br)]:inline-block [&amp;_strong:has(+br)]:pb-2\">Silla alta de viaje (si es necesario)<\/p><\/li><\/ul><p class=\"my-2 [&amp;+p]:mt-4 [&amp;_strong:has(+br)]:inline-block [&amp;_strong:has(+br)]:pb-2\">Disposici\u00f3n flexible: organizamos el espacio seg\u00fan sus necesidades. F\u00e1cil acceso a los art\u00edculos para beb\u00e9s durante el trayecto (pa\u00f1ales, biberones, juguetes).<\/p><h2 id=\"confort-enfants-jouets-snacks-divertissement\" class=\"mb-2 mt-4 font-display font-semimedium text-base first:mt-0 md:text-lg [hr+&amp;]:mt-4\">\u00a0<\/h2><h2 id=\"comment-rserver-en-famille\" class=\"mb-2 mt-4 font-display font-semimedium text-base first:mt-0 md:text-lg [hr+&amp;]:mt-4\"><span style=\"font-family: inherit; font-size: 3rem;\">Preguntas frecuentes sobre la familia: preguntas frecuentes de los padres<\/span><\/h2><p class=\"my-2 [&amp;+p]:mt-4 [&amp;_strong:has(+br)]:inline-block [&amp;_strong:has(+br)]:pb-2\"><strong>P: \u00bfEl asiento infantil ISOFIX es adecuado para mi asiento infantil personal?<\/strong><br \/>R: No, ISOFIX es una norma mundial unificada. Nuestra silla ISOFIX permanece a bordo. Si prefiere su propia silla, tr\u00e1igala; nuestro conductor la instalar\u00e1 con el cintur\u00f3n de 3 puntos (menos recomendable, pero posible).<\/p><p class=\"my-2 [&amp;+p]:mt-4 [&amp;_strong:has(+br)]:inline-block [&amp;_strong:has(+br)]:pb-2\"><strong>P: \u00bfCu\u00e1l es su pol\u00edtica en caso de llanto prolongado del beb\u00e9?<\/strong><br \/>R: Sin juzgar. Es normal que los ni\u00f1os lloren. Conductor con experiencia en el manejo de ni\u00f1os, ruta alejada de zonas muy ruidosas, paradas r\u00e1pidas si es necesario cambiar pa\u00f1ales o dar de comer.<\/p><p class=\"my-2 [&amp;+p]:mt-4 [&amp;_strong:has(+br)]:inline-block [&amp;_strong:has(+br)]:pb-2\"><strong>P: \u00bfRealmente practican la climatizaci\u00f3n \u00absuave\u00bb o es solo una estrategia de marketing?<\/strong><br \/>R: S\u00ed, realmente. Temperatura estable de 20-22 \u00b0C, variaci\u00f3n progresiva (sin choque t\u00e9rmico), salida de aire dirigida hacia delante (excepto en los asientos infantiles). Probado por padres.<\/p><p class=\"my-2 [&amp;+p]:mt-4 [&amp;_strong:has(+br)]:inline-block [&amp;_strong:has(+br)]:pb-2\"><strong>P: \u00bfCu\u00e1nto tiempo dura el trayecto del aeropuerto al centro de la ciudad con ni\u00f1os dormidos?<\/strong><br \/>R: Entre 10 y 15 minutos, dependiendo del tr\u00e1fico, por una carretera menos transitada elegida expresamente para no despertar. Le enviaremos un mensaje de texto cuando estemos cerca de su domicilio.<\/p>\t\t\t\t\t\t\t\t<\/div>\n\t\t\t\t<div class=\"elementor-element elementor-element-b5e5fde elementor-align-center elementor-widget elementor-widget-button\" data-id=\"b5e5fde\" data-element_type=\"widget\" data-e-type=\"widget\" data-widget_type=\"button.default\">\n\t\t\t\t\t\t\t\t\t\t<a class=\"elementor-button elementor-button-link elementor-size-sm\" href=\"https:\/\/geneva-airport-taxi.bellaetco.ch\/es\/reserver-une-course\/\">\n\t\t\t\t\t\t<span class=\"elementor-button-content-wrapper\">\n\t\t\t\t\t\t\t\t\t<span class=\"elementor-button-text\">Reservar un viaje <\/span>\n\t\t\t\t\t<\/span>\n\t\t\t\t\t<\/a>\n\t\t\t\t\t\t\t\t<\/div>\n\t\t\t\t<\/div>\n\t\t\t\t\t<\/div>\n\t\t\t\t<\/div>\n\t\t\t\t<\/div>","protected":false},"excerpt":{"rendered":"<p>Service de taxi pour famille Voyager en famille vers Gen\u00e8ve m\u00e9rite plus qu&rsquo;un simple taxi. Nos Mercedes V-Class offrent espace g\u00e9n\u00e9reux, confort premium et s\u00e9curit\u00e9 garantie pour vos enfants. Si\u00e8ge auto homologu\u00e9 inclus, tarifs r\u00e9duits en groupe : tout ce qu&rsquo;il faut pour un transfert sans stress. R\u00e9server une course Services Famille &#8211; Confort Garanti [&hellip;]<\/p>","protected":false},"author":2,"featured_media":0,"parent":0,"menu_order":0,"comment_status":"closed","ping_status":"closed","template":"","meta":{"_joinchat":[],"footnotes":""},"class_list":["post-23742","page","type-page","status-publish","hentry"],"_links":{"self":[{"href":"https:\/\/geneva-airport-taxi.bellaetco.ch\/es\/wp-json\/wp\/v2\/pages\/23742","targetHints":{"allow":["GET"]}}],"collection":[{"href":"https:\/\/geneva-airport-taxi.bellaetco.ch\/es\/wp-json\/wp\/v2\/pages"}],"about":[{"href":"https:\/\/geneva-airport-taxi.bellaetco.ch\/es\/wp-json\/wp\/v2\/types\/page"}],"author":[{"embeddable":true,"href":"https:\/\/geneva-airport-taxi.bellaetco.ch\/es\/wp-json\/wp\/v2\/users\/2"}],"replies":[{"embeddable":true,"href":"https:\/\/geneva-airport-taxi.bellaetco.ch\/es\/wp-json\/wp\/v2\/comments?post=23742"}],"version-history":[{"count":12,"href":"https:\/\/geneva-airport-taxi.bellaetco.ch\/es\/wp-json\/wp\/v2\/pages\/23742\/revisions"}],"predecessor-version":[{"id":23920,"href":"https:\/\/geneva-airport-taxi.bellaetco.ch\/es\/wp-json\/wp\/v2\/pages\/23742\/revisions\/23920"}],"wp:attachment":[{"href":"https:\/\/geneva-airport-taxi.bellaetco.ch\/es\/wp-json\/wp\/v2\/media?parent=23742"}],"curies":[{"name":"wp","href":"https:\/\/api.w.org\/{rel}","templated":true}]}}