{"id":23749,"date":"2025-12-03T22:04:01","date_gmt":"2025-12-03T21:04:01","guid":{"rendered":"https:\/\/geneva-airport-taxi.bellaetco.ch\/?page_id=23749"},"modified":"2025-12-04T15:41:13","modified_gmt":"2025-12-04T14:41:13","slug":"taxi-gare-cornavin-geneve","status":"publish","type":"page","link":"https:\/\/geneva-airport-taxi.bellaetco.ch\/es\/taxi-gare-cornavin-geneve\/","title":{"rendered":"Taxi Estaci\u00f3n Cornavin Ginebra"},"content":{"rendered":"<div data-elementor-type=\"wp-page\" data-elementor-id=\"23749\" class=\"elementor elementor-23749\" data-elementor-post-type=\"page\">\n\t\t\t\t<div class=\"elementor-element elementor-element-9efc511 e-flex e-con-boxed e-con e-parent\" data-id=\"9efc511\" data-element_type=\"container\" data-e-type=\"container\" data-settings=\"{&quot;background_background&quot;:&quot;classic&quot;}\">\n\t\t\t\t\t<div class=\"e-con-inner\">\n\t\t<div class=\"elementor-element elementor-element-f03e132 e-con-full e-flex e-con e-child\" data-id=\"f03e132\" data-element_type=\"container\" data-e-type=\"container\">\n\t\t\t\t<div class=\"elementor-element elementor-element-3475346 elementor-widget elementor-widget-heading\" data-id=\"3475346\" data-element_type=\"widget\" data-e-type=\"widget\" data-widget_type=\"heading.default\">\n\t\t\t\t\t<h1 class=\"elementor-heading-title elementor-size-default\">Taxi Estaci\u00f3n Cornavin Ginebra<\/h1>\t\t\t\t<\/div>\n\t\t\t\t<div class=\"elementor-element elementor-element-c603c52 elementor-widget elementor-widget-text-editor\" data-id=\"c603c52\" data-element_type=\"widget\" data-e-type=\"widget\" data-widget_type=\"text-editor.default\">\n\t\t\t\t\t\t\t\t\t<p class=\"my-2 [&amp;+p]:mt-4 [&amp;_strong:has(+br)]:inline-block [&amp;_strong:has(+br)]:pb-2\">\u00bfNecesita un traslado r\u00e1pido y fiable desde la estaci\u00f3n Cornavin de Ginebra? Nuestros taxis profesionales est\u00e1n disponibles en todo momento para recogerle y llevarle a su destino. Tanto si llega en tren como si tiene una salida prevista, nuestros conductores experimentados le garantizan un servicio puntual, c\u00f3modo y sin estr\u00e9s.<\/p><p class=\"my-2 [&amp;+p]:mt-4 [&amp;_strong:has(+br)]:inline-block [&amp;_strong:has(+br)]:pb-2\">Nuestro servicio de taxi en la estaci\u00f3n de Ginebra ofrece tarifas transparentes y una atenci\u00f3n personalizada. Sin sorpresas en el precio, sin desv\u00edos innecesarios, solo un trayecto eficiente y profesional.<\/p>\t\t\t\t\t\t\t\t<\/div>\n\t\t\t\t<div class=\"elementor-element elementor-element-5e94e03 elementor-align-left elementor-tablet-align-center elementor-widget elementor-widget-button\" data-id=\"5e94e03\" data-element_type=\"widget\" data-e-type=\"widget\" data-widget_type=\"button.default\">\n\t\t\t\t\t\t\t\t\t\t<a class=\"elementor-button elementor-button-link elementor-size-sm\" href=\"https:\/\/geneva-airport-taxi.bellaetco.ch\/es\/reserver-une-course\/\">\n\t\t\t\t\t\t<span class=\"elementor-button-content-wrapper\">\n\t\t\t\t\t\t\t\t\t<span class=\"elementor-button-text\">Reservar un viaje <\/span>\n\t\t\t\t\t<\/span>\n\t\t\t\t\t<\/a>\n\t\t\t\t\t\t\t\t<\/div>\n\t\t\t\t<\/div>\n\t\t\t\t\t<\/div>\n\t\t\t\t<\/div>\n\t\t<div class=\"elementor-element elementor-element-6f87ad2 e-flex e-con-boxed e-con e-parent\" data-id=\"6f87ad2\" data-element_type=\"container\" data-e-type=\"container\">\n\t\t\t\t\t<div class=\"e-con-inner\">\n\t\t<div class=\"elementor-element elementor-element-f915dc5 e-con-full e-flex e-con e-child\" data-id=\"f915dc5\" data-element_type=\"container\" data-e-type=\"container\">\n\t\t<div class=\"elementor-element elementor-element-7946b57 e-con-full e-flex e-con e-child\" data-id=\"7946b57\" data-element_type=\"container\" data-e-type=\"container\">\n\t\t\t\t<div class=\"elementor-element elementor-element-aaff24c elementor-widget elementor-widget-image\" data-id=\"aaff24c\" data-element_type=\"widget\" data-e-type=\"widget\" data-widget_type=\"image.default\">\n\t\t\t\t\t\t\t\t\t\t\t\t\t\t\t<img fetchpriority=\"high\" decoding=\"async\" width=\"800\" height=\"418\" src=\"https:\/\/geneva-airport-taxi.bellaetco.ch\/wp-content\/uploads\/2025\/12\/gat-1024x535.jpg\" class=\"attachment-large size-large wp-image-12300\" alt=\"Chauffeur en train d&#039;attendre un client \u00e0 l&#039;a\u00e9ropor de Gen\u00e8ve\" srcset=\"https:\/\/geneva-airport-taxi.bellaetco.ch\/wp-content\/uploads\/2025\/12\/gat-1024x535.jpg 1024w, https:\/\/geneva-airport-taxi.bellaetco.ch\/wp-content\/uploads\/2025\/12\/gat-300x157.jpg 300w, https:\/\/geneva-airport-taxi.bellaetco.ch\/wp-content\/uploads\/2025\/12\/gat-768x401.jpg 768w, https:\/\/geneva-airport-taxi.bellaetco.ch\/wp-content\/uploads\/2025\/12\/gat-460x240.jpg 460w, https:\/\/geneva-airport-taxi.bellaetco.ch\/wp-content\/uploads\/2025\/12\/gat-800x418.jpg 800w, https:\/\/geneva-airport-taxi.bellaetco.ch\/wp-content\/uploads\/2025\/12\/gat-600x314.jpg 600w, https:\/\/geneva-airport-taxi.bellaetco.ch\/wp-content\/uploads\/2025\/12\/gat.jpg 1200w\" sizes=\"(max-width: 800px) 100vw, 800px\" \/>\t\t\t\t\t\t\t\t\t\t\t\t\t\t\t<\/div>\n\t\t\t\t<\/div>\n\t\t<div class=\"elementor-element elementor-element-16a1f3c e-con-full e-flex e-con e-child\" data-id=\"16a1f3c\" data-element_type=\"container\" data-e-type=\"container\">\n\t\t\t\t<div class=\"elementor-element elementor-element-18f19d6 elementor-widget elementor-widget-heading\" data-id=\"18f19d6\" data-element_type=\"widget\" data-e-type=\"widget\" data-widget_type=\"heading.default\">\n\t\t\t\t\t<h2 class=\"elementor-heading-title elementor-size-default\"> Servicios de traslado desde la estaci\u00f3n Cornavin<\/h2>\t\t\t\t<\/div>\n\t\t\t\t<div class=\"elementor-element elementor-element-1a8b08e elementor-widget elementor-widget-text-editor\" data-id=\"1a8b08e\" data-element_type=\"widget\" data-e-type=\"widget\" data-widget_type=\"text-editor.default\">\n\t\t\t\t\t\t\t\t\t<p class=\"my-2 [&amp;+p]:mt-4 [&amp;_strong:has(+br)]:inline-block [&amp;_strong:has(+br)]:pb-2\">La estaci\u00f3n Cornavin de Ginebra es un importante centro de transporte. Tanto si llega desde Z\u00farich, Basilea, Berna o Francia, nuestros conductores estar\u00e1n listos para recibirle en los andenes nada m\u00e1s llegar. Gracias a nuestra presencia constante en la estaci\u00f3n, le garantizamos que nunca tendr\u00e1 que esperar mucho tiempo.<\/p><p class=\"my-2 [&amp;+p]:mt-4 [&amp;_strong:has(+br)]:inline-block [&amp;_strong:has(+br)]:pb-2\">Nuestros servicios incluyen:<\/p><p class=\"my-2 [&amp;+p]:mt-4 [&amp;_strong:has(+br)]:inline-block [&amp;_strong:has(+br)]:pb-2\">\u2713 Traslado desde la estaci\u00f3n al aeropuerto de Ginebra (traslado r\u00e1pido, 15-20 minutos)<br \/>\u2713 Traslado desde la estaci\u00f3n al hotel o al centro de la ciudad<br \/>\u2713 Traslado desde la estaci\u00f3n de tren a las estaciones de esqu\u00ed (Verbier, Zermatt, Chamonix)<br \/>\u2713 Traslado desde la estaci\u00f3n a Francia (Lyon, Chamb\u00e9ry, \u00c9vian)<br \/>\u2713 Servicio para grupos de hasta 7 personas.<br \/>\u2713 Asistencia con el equipaje incluida<br \/>\u2713 Disponibilidad las 24 horas del d\u00eda<\/p>\t\t\t\t\t\t\t\t<\/div>\n\t\t\t\t<div class=\"elementor-element elementor-element-dff2178 elementor-align-left elementor-mobile-align-center elementor-widget elementor-widget-button\" data-id=\"dff2178\" data-element_type=\"widget\" data-e-type=\"widget\" data-widget_type=\"button.default\">\n\t\t\t\t\t\t\t\t\t\t<a class=\"elementor-button elementor-button-link elementor-size-sm\" href=\"https:\/\/geneva-airport-taxi.bellaetco.ch\/es\/reserver-une-course\/\">\n\t\t\t\t\t\t<span class=\"elementor-button-content-wrapper\">\n\t\t\t\t\t\t\t\t\t<span class=\"elementor-button-text\">Reservar un viaje <\/span>\n\t\t\t\t\t<\/span>\n\t\t\t\t\t<\/a>\n\t\t\t\t\t\t\t\t<\/div>\n\t\t\t\t<\/div>\n\t\t\t\t<\/div>\n\t\t<div class=\"elementor-element elementor-element-84d96be e-con-full e-flex e-con e-child\" data-id=\"84d96be\" data-element_type=\"container\" data-e-type=\"container\">\n\t\t\t\t<div class=\"elementor-element elementor-element-74537e7 elementor-widget elementor-widget-text-editor\" data-id=\"74537e7\" data-element_type=\"widget\" data-e-type=\"widget\" data-widget_type=\"text-editor.default\">\n\t\t\t\t\t\t\t\t\t<h2>\u00bfPor qu\u00e9 elegir nuestro taxi en la estaci\u00f3n Cornavin?<\/h2>\n<h4>Servicio fiable y profesional<\/h4>\n<p class=\"my-2 [&amp;+p]:mt-4 [&amp;_strong:has(+br)]:inline-block [&amp;_strong:has(+br)]:pb-2\">Nuestros conductores conocen perfectamente la estaci\u00f3n Cornavin y las mejores rutas para llevarle r\u00e1pidamente a su destino. Todos nuestros conductores est\u00e1n formados en atenci\u00f3n al cliente premium.<\/p>\n<h4>Puntualidad garantizada<\/h4>\n<p class=\"my-2 [&amp;+p]:mt-4 [&amp;_strong:has(+br)]:inline-block [&amp;_strong:has(+br)]:pb-2\">Entendemos que los horarios de los trenes son estrictos. Nuestros conductores supervisan las llegadas de los trenes en tiempo real y estar\u00e1n listos para recibirle tan pronto como salga por las puertas de la estaci\u00f3n.<\/p>\n<p class=\"my-2 [&amp;+p]:mt-4 [&amp;_strong:has(+br)]:inline-block [&amp;_strong:has(+br)]:pb-2\"><h4>Tarifas transparentes y competitivas<\/h4>Sin costes ocultos. Nuestras tarifas se establecen por adelantado para ofrecerle tranquilidad. Usted paga exactamente el precio acordado, ni m\u00e1s ni menos.<\/p>\n<h4>Comodidad y seguridad<\/h4>\n<p class=\"my-2 [&amp;+p]:mt-4 [&amp;_strong:has(+br)]:inline-block [&amp;_strong:has(+br)]:pb-2\">Nuestra flota incluye c\u00f3modos Mercedes Clase E, espaciosos Mercedes Clase V y ecol\u00f3gicos Toyota Prius. Todos nuestros veh\u00edculos est\u00e1n impecables y se mantienen seg\u00fan los m\u00e1s altos est\u00e1ndares de seguridad.<\/p>\n<p><\/p>\n<h2>C\u00f3mo reservar su taxi en la estaci\u00f3n de Ginebra<\/h2>\n<p class=\"my-2 [&amp;+p]:mt-4 [&amp;_strong:has(+br)]:inline-block [&amp;_strong:has(+br)]:pb-2\"><strong>Opci\u00f3n 1: Llamada telef\u00f3nica (prioritaria)<\/strong><br>Llame directamente al +41 78 659 91 15. Nuestro equipo le confirmar\u00e1 inmediatamente la disponibilidad y el precio.<\/p>\n<p class=\"my-2 [&amp;+p]:mt-4 [&amp;_strong:has(+br)]:inline-block [&amp;_strong:has(+br)]:pb-2\"><strong>Opci\u00f3n 2: Formulario en l\u00ednea<\/strong><br>Rellene nuestro formulario de reserva con los datos de su vuelo\/tren. Nos pondremos en contacto con usted para confirmarlo.<\/p>\n<h2>Preguntas frecuentes \u2013 Taxi Gare Cornavin<\/h2>\n<p class=\"my-2 [&amp;+p]:mt-4 [&amp;_strong:has(+br)]:inline-block [&amp;_strong:has(+br)]:pb-2\"><h4><strong>\u00bfD\u00f3nde me esper\u00e1is en la estaci\u00f3n?<\/strong><\/h4>Le esperaremos en la zona oficial de taxis de la estaci\u00f3n Cornavin. Indique su ubicaci\u00f3n exacta (and\u00e9n, salida) al hacer la reserva y le recogeremos en el punto de encuentro.<\/p>\n<p class=\"my-2 [&amp;+p]:mt-4 [&amp;_strong:has(+br)]:inline-block [&amp;_strong:has(+br)]:pb-2\"><h4><strong>\u00bfCu\u00e1l es el tiempo medio de espera desde la estaci\u00f3n hasta el aeropuerto?<\/strong><\/h4>Cuente entre 15 y 20 minutos en condiciones normales de tr\u00e1fico. En horas punta, entre 20 y 30 minutos.<\/p>\n<p class=\"my-2 [&amp;+p]:mt-4 [&amp;_strong:has(+br)]:inline-block [&amp;_strong:has(+br)]:pb-2\"><h4><strong>\u00bfMe puede llevar el equipaje?<\/strong><\/h4>Por supuesto. Nuestros conductores le ayudar\u00e1n a cargar y descargar todo su equipaje sin coste adicional.<\/p>\n<p class=\"my-2 [&amp;+p]:mt-4 [&amp;_strong:has(+br)]:inline-block [&amp;_strong:has(+br)]:pb-2\"><h4><strong>\u00bfEs posible hacer paradas durante el trayecto?<\/strong><\/h4>S\u00ed, puede a\u00f1adir hasta tres paradas adicionales. Esto se facturar\u00e1 como tiempo adicional seg\u00fan la tarifa aplicable.<\/p>\n<p class=\"my-2 [&amp;+p]:mt-4 [&amp;_strong:has(+br)]:inline-block [&amp;_strong:has(+br)]:pb-2\"><h4><strong>\u00bfAceptan tarjetas de cr\u00e9dito?<\/strong><\/h4>S\u00ed, aceptamos tarjetas Visa, Mastercard y Amex. Tambi\u00e9n puede pagar en efectivo.<\/p>\n<p class=\"my-2 [&amp;+p]:mt-4 [&amp;_strong:has(+br)]:inline-block [&amp;_strong:has(+br)]:pb-2\"><h4><strong>\u00bfSe puede viajar con ni\u00f1os?<\/strong><\/h4>Por supuesto. Hay sillas infantiles y elevadores disponibles de forma gratuita bajo petici\u00f3n.<\/p>\t\t\t\t\t\t\t\t<\/div>\n\t\t\t\t<div class=\"elementor-element elementor-element-7bc7ef6 elementor-align-left elementor-mobile-align-center elementor-widget elementor-widget-button\" data-id=\"7bc7ef6\" data-element_type=\"widget\" data-e-type=\"widget\" data-widget_type=\"button.default\">\n\t\t\t\t\t\t\t\t\t\t<a class=\"elementor-button elementor-button-link elementor-size-sm\" href=\"https:\/\/geneva-airport-taxi.bellaetco.ch\/es\/reserver-une-course\/\">\n\t\t\t\t\t\t<span class=\"elementor-button-content-wrapper\">\n\t\t\t\t\t\t\t\t\t<span class=\"elementor-button-text\">Reservar un viaje <\/span>\n\t\t\t\t\t<\/span>\n\t\t\t\t\t<\/a>\n\t\t\t\t\t\t\t\t<\/div>\n\t\t\t\t<\/div>\n\t\t\t\t\t<\/div>\n\t\t\t\t<\/div>\n\t\t\t\t<\/div>","protected":false},"excerpt":{"rendered":"<p>\u00c0 la gare Cornavin de Gen\u00e8ve, vous avez besoin d&rsquo;un transfert rapide et fiable ? Nos taxis professionnels sont disponibles \u00e0 chaque instant pour vous accueillir et vous conduire vers votre destination. Que vous arriviez en train ou que vous ayez un d\u00e9part pr\u00e9vu, nos chauffeurs exp\u00e9riment\u00e9s garantissent un service ponctuel, confortable et sans stress. [&hellip;]<\/p>","protected":false},"author":2,"featured_media":0,"parent":0,"menu_order":0,"comment_status":"closed","ping_status":"closed","template":"","meta":{"_joinchat":[],"footnotes":""},"class_list":["post-23749","page","type-page","status-publish","hentry"],"_links":{"self":[{"href":"https:\/\/geneva-airport-taxi.bellaetco.ch\/es\/wp-json\/wp\/v2\/pages\/23749","targetHints":{"allow":["GET"]}}],"collection":[{"href":"https:\/\/geneva-airport-taxi.bellaetco.ch\/es\/wp-json\/wp\/v2\/pages"}],"about":[{"href":"https:\/\/geneva-airport-taxi.bellaetco.ch\/es\/wp-json\/wp\/v2\/types\/page"}],"author":[{"embeddable":true,"href":"https:\/\/geneva-airport-taxi.bellaetco.ch\/es\/wp-json\/wp\/v2\/users\/2"}],"replies":[{"embeddable":true,"href":"https:\/\/geneva-airport-taxi.bellaetco.ch\/es\/wp-json\/wp\/v2\/comments?post=23749"}],"version-history":[{"count":17,"href":"https:\/\/geneva-airport-taxi.bellaetco.ch\/es\/wp-json\/wp\/v2\/pages\/23749\/revisions"}],"predecessor-version":[{"id":23908,"href":"https:\/\/geneva-airport-taxi.bellaetco.ch\/es\/wp-json\/wp\/v2\/pages\/23749\/revisions\/23908"}],"wp:attachment":[{"href":"https:\/\/geneva-airport-taxi.bellaetco.ch\/es\/wp-json\/wp\/v2\/media?parent=23749"}],"curies":[{"name":"wp","href":"https:\/\/api.w.org\/{rel}","templated":true}]}}