{"id":23792,"date":"2025-12-04T12:50:13","date_gmt":"2025-12-04T11:50:13","guid":{"rendered":"https:\/\/geneva-airport-taxi.bellaetco.ch\/?page_id=23792"},"modified":"2025-12-04T15:41:27","modified_gmt":"2025-12-04T14:41:27","slug":"questions-frequentes-faq","status":"publish","type":"page","link":"https:\/\/geneva-airport-taxi.bellaetco.ch\/es\/questions-frequentes-faq\/","title":{"rendered":"Preguntas frecuentes"},"content":{"rendered":"<div data-elementor-type=\"wp-page\" data-elementor-id=\"23792\" class=\"elementor elementor-23792\" data-elementor-post-type=\"page\">\n\t\t\t\t<div class=\"elementor-element elementor-element-9efc511 e-flex e-con-boxed e-con e-parent\" data-id=\"9efc511\" data-element_type=\"container\" data-e-type=\"container\" data-settings=\"{&quot;background_background&quot;:&quot;classic&quot;}\">\n\t\t\t\t\t<div class=\"e-con-inner\">\n\t\t<div class=\"elementor-element elementor-element-f03e132 e-con-full e-flex e-con e-child\" data-id=\"f03e132\" data-element_type=\"container\" data-e-type=\"container\">\n\t\t\t\t<div class=\"elementor-element elementor-element-3475346 elementor-widget elementor-widget-heading\" data-id=\"3475346\" data-element_type=\"widget\" data-e-type=\"widget\" data-widget_type=\"heading.default\">\n\t\t\t\t\t<h1 class=\"elementor-heading-title elementor-size-default\">Preguntas frecuentes<\/h1>\t\t\t\t<\/div>\n\t\t\t\t<\/div>\n\t\t\t\t\t<\/div>\n\t\t\t\t<\/div>\n\t\t<div class=\"elementor-element elementor-element-6f87ad2 e-flex e-con-boxed e-con e-parent\" data-id=\"6f87ad2\" data-element_type=\"container\" data-e-type=\"container\">\n\t\t\t\t\t<div class=\"e-con-inner\">\n\t\t<div class=\"elementor-element elementor-element-84d96be e-con-full e-flex e-con e-child\" data-id=\"84d96be\" data-element_type=\"container\" data-e-type=\"container\">\n\t\t\t\t<div class=\"elementor-element elementor-element-74537e7 elementor-widget elementor-widget-text-editor\" data-id=\"74537e7\" data-element_type=\"widget\" data-e-type=\"widget\" data-widget_type=\"text-editor.default\">\n\t\t\t\t\t\t\t\t\t<h2 data-path-to-node=\"7\">Reserva y pago<\/h2><p data-path-to-node=\"8\"><b>P: \u00bfC\u00f3mo puedo reservar mi taxi o mi conductor privado?<\/b>\u00a0<br \/><b>R:<\/b> Hemos simplificado el proceso para usted. Puede reservar su viaje directamente a trav\u00e9s de nuestro <b>formulario en l\u00ednea<\/b> en la p\u00e1gina de inicio indicando el lugar de recogida y el destino. Para reservas inmediatas o urgentes, le recomendamos que nos llame directamente al <b>+41 78 659 91 15<\/b> (disponible las 24 horas del d\u00eda, los 7 d\u00edas de la semana).<\/p><p data-path-to-node=\"9\"><b>P: \u00bfQu\u00e9 medios de pago se aceptan?<\/b> <br \/><b>R:<\/b> Apostamos por la transparencia. El precio se puede acordar por adelantado para evitar sorpresas desagradables. Puede pagar el trayecto directamente al conductor. No dude en solicitarnos un presupuesto aproximado al realizar su reserva.<\/p><p data-path-to-node=\"10\"><b>P: \u00bfPuedo cancelar o modificar mi reserva?<\/b> <br \/><b>R:<\/b> S\u00ed, entendemos que los planes de viaje pueden cambiar. Si necesita modificar la hora o cancelar su trayecto, p\u00f3ngase en contacto con nosotros lo antes posible por tel\u00e9fono al +41 78 659 91 15 para que podamos reorganizar la planificaci\u00f3n de nuestros conductores.<\/p><h2 data-path-to-node=\"12\">En el aeropuerto de Ginebra (llegadas y salidas)<\/h2><p data-path-to-node=\"13\"><b>P: \u00bfQu\u00e9 ocurre si mi vuelo se retrasa?<\/b> <br \/><b>R:<\/b> \u00a1No se preocupe! Al hacer su reserva, le pediremos su n\u00famero de vuelo. Esto nos permite seguir su llegada en tiempo real. Si su vuelo se retrasa, su conductor ajustar\u00e1 su hora de llegada para esperarle, sin coste adicional.<\/p><p data-path-to-node=\"14\"><b>P: \u00bfD\u00f3nde encontrar\u00e9 a mi conductor en el aeropuerto?<\/b> <br \/><b>R:<\/b> Su conductor privado le esperar\u00e1 directamente en la terminal de llegadas, despu\u00e9s de recoger el equipaje. Llevar\u00e1 un cartel (o una tableta) con su nombre claramente indicado para que pueda identificarlo inmediatamente y comenzar su viaje sin esperas.<\/p><p data-path-to-node=\"15\"><b>P: \u00bfCon cu\u00e1nta antelaci\u00f3n debo reservar para un traslado al aeropuerto?<\/b> <br \/><b>R:<\/b> Estamos disponibles las 24 horas del d\u00eda, pero para garantizar la disponibilidad del veh\u00edculo que desees (especialmente las furgonetas para grupos), te recomendamos que reserves con al menos 24 horas de antelaci\u00f3n. Para solicitudes de \u00faltima hora, ll\u00e1manos directamente.<\/p><h2 data-path-to-node=\"17\">Servicios a bordo y veh\u00edculos<\/h2><p data-path-to-node=\"18\"><b>P: \u00bfQu\u00e9 tipos de veh\u00edculos ofrecen?<\/b> <br \/><b>R:<\/b> Nuestra flota es moderna y se adapta a todas las necesidades:<\/p><ul data-path-to-node=\"19\"><li><p data-path-to-node=\"19,0,0\"><b>Mercedes Clase E<\/b> : Para viajeros solitarios o parejas que buscan comodidad y elegancia.<\/p><\/li><li><p data-path-to-node=\"19,1,0\"><b>Mercedes Clase V (furgoneta)<\/b> : Ideal para familias o grupos (hasta 7 pasajeros) con mucho equipaje.<\/p><\/li><li><p data-path-to-node=\"19,2,0\"><b>Toyota Prius<\/b> : Una opci\u00f3n ecol\u00f3gica y econ\u00f3mica sin sacrificar la comodidad. Todos nuestros veh\u00edculos disponen de aire acondicionado y est\u00e1n impecablemente mantenidos.<\/p><\/li><\/ul><p data-path-to-node=\"20\"><b>P: \u00bfProporcionan sillas de coche para ni\u00f1os?<\/b> <br \/><b>R:<\/b> S\u00ed, la seguridad de sus hijos es nuestra prioridad. Ponemos a su disposici\u00f3n <b>gratis<\/b> Sillas para beb\u00e9s y elevadores disponibles previa solicitud al realizar la reserva.<\/p><p data-path-to-node=\"21\"><b>P: \u00bfHay alg\u00fan cargo adicional por el equipaje?<\/b> <br \/><b>R:<\/b> No. A diferencia de otros servicios, nosotros nos encargamos de su equipaje. <b>sin costes adicionales<\/b>. Si lleva equipaje voluminoso (esqu\u00eds, instrumentos, etc.), le rogamos que nos lo comunique para que podamos disponer del veh\u00edculo adecuado (tipo furgoneta).<\/p><p data-path-to-node=\"22\"><b>P: \u00bfOfrecen agua o cargadores a bordo?<\/b> <br \/><b>R:<\/b> Por supuesto. Para que su viaje sea m\u00e1s agradable, hay botellas de agua disponibles a bordo. Tambi\u00e9n encontrar\u00e1 cargadores para sus dispositivos electr\u00f3nicos, para que pueda mantenerse conectado durante todo el trayecto.<\/p><h2 data-path-to-node=\"24\">Destinos y trayectos especiales<\/h2><p data-path-to-node=\"25\"><b>P: \u00bfHay servicio a las estaciones de esqu\u00ed desde Ginebra?<\/b> <br \/><b>R:<\/b> S\u00ed, estamos especializados en traslados a estaciones de esqu\u00ed suizas y francesas. Ofrecemos servicios regulares a: Chamonix, Verbier, Gstaad, Meg\u00e8ve, Courchevel, Crans-Montana, Zermatt y muchas otras. Nuestros conductores est\u00e1n acostumbrados a las carreteras de monta\u00f1a.<\/p><p data-path-to-node=\"26\"><b>P: \u00bfPuedo hacer paradas adicionales durante el trayecto?<\/b> <br \/><b>R:<\/b> S\u00ed, nuestro servicio es flexible. Puede a\u00f1adir paradas intermedias (para recoger a un compa\u00f1ero de trabajo o hacer un recado r\u00e1pido). Por favor, ind\u00edquelo al hacer la reserva para que podamos ajustar la duraci\u00f3n del trayecto.<\/p><p data-path-to-node=\"27\"><b>P: \u00bfOfrecen servicios para VIP o ejecutivos de empresas?<\/b> <br \/><b>R:<\/b> Por supuesto. Ofrecemos un servicio \u00abExecutive\u00bb y \u00abVIP\u00bb que garantiza total discreci\u00f3n, veh\u00edculos de lujo (vidrios polarizados, comodidad superior) y conductores profesionales angloparlantes acostumbrados a una clientela exigente.<\/p>\t\t\t\t\t\t\t\t<\/div>\n\t\t\t\t<div class=\"elementor-element elementor-element-7bc7ef6 elementor-align-left elementor-mobile-align-center elementor-widget elementor-widget-button\" data-id=\"7bc7ef6\" data-element_type=\"widget\" data-e-type=\"widget\" data-widget_type=\"button.default\">\n\t\t\t\t\t\t\t\t\t\t<a class=\"elementor-button elementor-button-link elementor-size-sm\" href=\"https:\/\/geneva-airport-taxi.bellaetco.ch\/es\/reserver-une-course\/\">\n\t\t\t\t\t\t<span class=\"elementor-button-content-wrapper\">\n\t\t\t\t\t\t\t\t\t<span class=\"elementor-button-text\">Reservar un viaje <\/span>\n\t\t\t\t\t<\/span>\n\t\t\t\t\t<\/a>\n\t\t\t\t\t\t\t\t<\/div>\n\t\t\t\t<\/div>\n\t\t\t\t\t<\/div>\n\t\t\t\t<\/div>\n\t\t\t\t<\/div>","protected":false},"excerpt":{"rendered":"<p>R\u00e9servation et Paiement Q : Comment puis-je r\u00e9server mon taxi ou mon chauffeur priv\u00e9 ?\u00a0R : Nous avons simplifi\u00e9 le processus pour vous. Vous pouvez r\u00e9server votre course directement via notre formulaire en ligne sur la page d&rsquo;accueil en indiquant vos lieux de prise en charge et de destination. Pour une r\u00e9servation imm\u00e9diate ou urgente, [&hellip;]<\/p>","protected":false},"author":2,"featured_media":0,"parent":0,"menu_order":0,"comment_status":"closed","ping_status":"closed","template":"","meta":{"_joinchat":[],"footnotes":""},"class_list":["post-23792","page","type-page","status-publish","hentry"],"_links":{"self":[{"href":"https:\/\/geneva-airport-taxi.bellaetco.ch\/es\/wp-json\/wp\/v2\/pages\/23792","targetHints":{"allow":["GET"]}}],"collection":[{"href":"https:\/\/geneva-airport-taxi.bellaetco.ch\/es\/wp-json\/wp\/v2\/pages"}],"about":[{"href":"https:\/\/geneva-airport-taxi.bellaetco.ch\/es\/wp-json\/wp\/v2\/types\/page"}],"author":[{"embeddable":true,"href":"https:\/\/geneva-airport-taxi.bellaetco.ch\/es\/wp-json\/wp\/v2\/users\/2"}],"replies":[{"embeddable":true,"href":"https:\/\/geneva-airport-taxi.bellaetco.ch\/es\/wp-json\/wp\/v2\/comments?post=23792"}],"version-history":[{"count":7,"href":"https:\/\/geneva-airport-taxi.bellaetco.ch\/es\/wp-json\/wp\/v2\/pages\/23792\/revisions"}],"predecessor-version":[{"id":23914,"href":"https:\/\/geneva-airport-taxi.bellaetco.ch\/es\/wp-json\/wp\/v2\/pages\/23792\/revisions\/23914"}],"wp:attachment":[{"href":"https:\/\/geneva-airport-taxi.bellaetco.ch\/es\/wp-json\/wp\/v2\/media?parent=23792"}],"curies":[{"name":"wp","href":"https:\/\/api.w.org\/{rel}","templated":true}]}}