{"id":23799,"date":"2025-12-04T13:07:38","date_gmt":"2025-12-04T12:07:38","guid":{"rendered":"https:\/\/geneva-airport-taxi.bellaetco.ch\/?page_id=23799"},"modified":"2025-12-04T15:41:05","modified_gmt":"2025-12-04T14:41:05","slug":"transferts-ski-montagne","status":"publish","type":"page","link":"https:\/\/geneva-airport-taxi.bellaetco.ch\/es\/transferts-ski-montagne\/","title":{"rendered":"Transferts ski &amp; montagne"},"content":{"rendered":"<div data-elementor-type=\"wp-page\" data-elementor-id=\"23799\" class=\"elementor elementor-23799\" data-elementor-post-type=\"page\">\n\t\t\t\t<div class=\"elementor-element elementor-element-9efc511 e-flex e-con-boxed e-con e-parent\" data-id=\"9efc511\" data-element_type=\"container\" data-e-type=\"container\" data-settings=\"{&quot;background_background&quot;:&quot;classic&quot;}\">\n\t\t\t\t\t<div class=\"e-con-inner\">\n\t\t<div class=\"elementor-element elementor-element-f03e132 e-con-full e-flex e-con e-child\" data-id=\"f03e132\" data-element_type=\"container\" data-e-type=\"container\">\n\t\t\t\t<div class=\"elementor-element elementor-element-3475346 elementor-widget elementor-widget-heading\" data-id=\"3475346\" data-element_type=\"widget\" data-e-type=\"widget\" data-widget_type=\"heading.default\">\n\t\t\t\t\t<h1 class=\"elementor-heading-title elementor-size-default\">Traslado en taxi a las estaciones de esqu\u00ed desde el aeropuerto de Ginebra<\/h1>\t\t\t\t<\/div>\n\t\t\t\t<div class=\"elementor-element elementor-element-c603c52 elementor-widget elementor-widget-text-editor\" data-id=\"c603c52\" data-element_type=\"widget\" data-e-type=\"widget\" data-widget_type=\"text-editor.default\">\n\t\t\t\t\t\t\t\t\t<p class=\"my-2 [&amp;+p]:mt-4 [&amp;_strong:has(+br)]:inline-block [&amp;_strong:has(+br)]:pb-2\">Comience sus vacaciones en la monta\u00f1a con total tranquilidad: veh\u00edculos adaptados, conductores experimentados y transporte gratuito de su equipamiento.<\/p>\t\t\t\t\t\t\t\t<\/div>\n\t\t\t\t<div class=\"elementor-element elementor-element-5e94e03 elementor-align-left elementor-tablet-align-center elementor-widget elementor-widget-button\" data-id=\"5e94e03\" data-element_type=\"widget\" data-e-type=\"widget\" data-widget_type=\"button.default\">\n\t\t\t\t\t\t\t\t\t\t<a class=\"elementor-button elementor-button-link elementor-size-sm\" href=\"https:\/\/geneva-airport-taxi.bellaetco.ch\/es\/reserver-une-course\/\">\n\t\t\t\t\t\t<span class=\"elementor-button-content-wrapper\">\n\t\t\t\t\t\t\t\t\t<span class=\"elementor-button-text\">Reservar un viaje <\/span>\n\t\t\t\t\t<\/span>\n\t\t\t\t\t<\/a>\n\t\t\t\t\t\t\t\t<\/div>\n\t\t\t\t<\/div>\n\t\t\t\t\t<\/div>\n\t\t\t\t<\/div>\n\t\t<div class=\"elementor-element elementor-element-6f87ad2 e-flex e-con-boxed e-con e-parent\" data-id=\"6f87ad2\" data-element_type=\"container\" data-e-type=\"container\">\n\t\t\t\t\t<div class=\"e-con-inner\">\n\t\t<div class=\"elementor-element elementor-element-f915dc5 e-con-full e-flex e-con e-child\" data-id=\"f915dc5\" data-element_type=\"container\" data-e-type=\"container\">\n\t\t<div class=\"elementor-element elementor-element-7946b57 e-con-full e-flex e-con e-child\" data-id=\"7946b57\" data-element_type=\"container\" data-e-type=\"container\">\n\t\t\t\t<div class=\"elementor-element elementor-element-aaff24c elementor-widget elementor-widget-image\" data-id=\"aaff24c\" data-element_type=\"widget\" data-e-type=\"widget\" data-widget_type=\"image.default\">\n\t\t\t\t\t\t\t\t\t\t\t\t\t\t\t<img fetchpriority=\"high\" decoding=\"async\" width=\"800\" height=\"418\" src=\"https:\/\/geneva-airport-taxi.bellaetco.ch\/wp-content\/uploads\/2025\/12\/gat-1024x535.jpg\" class=\"attachment-large size-large wp-image-12300\" alt=\"Chauffeur en train d&#039;attendre un client \u00e0 l&#039;a\u00e9ropor de Gen\u00e8ve\" srcset=\"https:\/\/geneva-airport-taxi.bellaetco.ch\/wp-content\/uploads\/2025\/12\/gat-1024x535.jpg 1024w, https:\/\/geneva-airport-taxi.bellaetco.ch\/wp-content\/uploads\/2025\/12\/gat-300x157.jpg 300w, https:\/\/geneva-airport-taxi.bellaetco.ch\/wp-content\/uploads\/2025\/12\/gat-768x401.jpg 768w, https:\/\/geneva-airport-taxi.bellaetco.ch\/wp-content\/uploads\/2025\/12\/gat-460x240.jpg 460w, https:\/\/geneva-airport-taxi.bellaetco.ch\/wp-content\/uploads\/2025\/12\/gat-800x418.jpg 800w, https:\/\/geneva-airport-taxi.bellaetco.ch\/wp-content\/uploads\/2025\/12\/gat-600x314.jpg 600w, https:\/\/geneva-airport-taxi.bellaetco.ch\/wp-content\/uploads\/2025\/12\/gat.jpg 1200w\" sizes=\"(max-width: 800px) 100vw, 800px\" \/>\t\t\t\t\t\t\t\t\t\t\t\t\t\t\t<\/div>\n\t\t\t\t<\/div>\n\t\t<div class=\"elementor-element elementor-element-16a1f3c e-con-full e-flex e-con e-child\" data-id=\"16a1f3c\" data-element_type=\"container\" data-e-type=\"container\">\n\t\t\t\t<div class=\"elementor-element elementor-element-18f19d6 elementor-widget elementor-widget-heading\" data-id=\"18f19d6\" data-element_type=\"widget\" data-e-type=\"widget\" data-widget_type=\"heading.default\">\n\t\t\t\t\t<h2 class=\"elementor-heading-title elementor-size-default\">Tu camino hacia la cima comienza aqu\u00ed.<\/h2>\t\t\t\t<\/div>\n\t\t\t\t<div class=\"elementor-element elementor-element-1a8b08e elementor-widget elementor-widget-text-editor\" data-id=\"1a8b08e\" data-element_type=\"widget\" data-e-type=\"widget\" data-widget_type=\"text-editor.default\">\n\t\t\t\t\t\t\t\t\t<p data-path-to-node=\"8\">No pierda ni un minuto de sus vacaciones esperando el autob\u00fas o cargando con su equipaje en el tren. Nada m\u00e1s aterrizar en el aeropuerto de Ginebra (GVA), <b>Taxi del aeropuerto de Ginebra<\/b> toma el relevo para llevarle directamente hasta la puerta de su chalet o hotel.<\/p><p data-path-to-node=\"9\">Tanto si va a esquiar en Suiza, Francia o Italia, le garantizamos un traslado c\u00f3modo, seguro y puntual.<\/p>\t\t\t\t\t\t\t\t<\/div>\n\t\t\t\t<div class=\"elementor-element elementor-element-dff2178 elementor-align-left elementor-mobile-align-center elementor-widget elementor-widget-button\" data-id=\"dff2178\" data-element_type=\"widget\" data-e-type=\"widget\" data-widget_type=\"button.default\">\n\t\t\t\t\t\t\t\t\t\t<a class=\"elementor-button elementor-button-link elementor-size-sm\" href=\"https:\/\/geneva-airport-taxi.bellaetco.ch\/es\/reserver-une-course\/\">\n\t\t\t\t\t\t<span class=\"elementor-button-content-wrapper\">\n\t\t\t\t\t\t\t\t\t<span class=\"elementor-button-text\">Reservar un viaje <\/span>\n\t\t\t\t\t<\/span>\n\t\t\t\t\t<\/a>\n\t\t\t\t\t\t\t\t<\/div>\n\t\t\t\t<\/div>\n\t\t\t\t<\/div>\n\t\t<div class=\"elementor-element elementor-element-84d96be e-con-full e-flex e-con e-child\" data-id=\"84d96be\" data-element_type=\"container\" data-e-type=\"container\">\n\t\t\t\t<div class=\"elementor-element elementor-element-74537e7 elementor-widget elementor-widget-text-editor\" data-id=\"74537e7\" data-element_type=\"widget\" data-e-type=\"widget\" data-widget_type=\"text-editor.default\">\n\t\t\t\t\t\t\t\t\t<h2 data-path-to-node=\"10\">\u00bfPor qu\u00e9 elegir nuestros servicios para sus estancias de esqu\u00ed?<\/h2><ul data-path-to-node=\"11\"><li><p data-path-to-node=\"11,0,0\"><b>Veh\u00edculos adaptados al invierno:<\/b> Nuestros coches est\u00e1n equipados con neum\u00e1ticos de nieve y disponen de cadenas para circular con seguridad por las carreteras de monta\u00f1a, independientemente de las condiciones meteorol\u00f3gicas.<\/p><\/li><li><p data-path-to-node=\"11,1,0\"><b>Equipo de esqu\u00ed incluido:<\/b> \u00bfViaja con sus propios esqu\u00eds o tablas de snowboard? Nosotros los transportamos. <b>gratis<\/b>. (Por favor, especifique el volumen al hacer la reserva para que podamos disponer de un veh\u00edculo tipo furgoneta si es necesario).<\/p><\/li><li><p data-path-to-node=\"11,2,0\"><b>Comodidad despu\u00e9s del vuelo:<\/b> Acom\u00f3dese en un habit\u00e1culo espacioso y climatizado. Nuestros Mercedes Clase V son ideales para grupos y familias, ya que ofrecen un amplio espacio para las piernas y el equipaje.<\/p><\/li><li><p data-path-to-node=\"11,3,0\"><b>Conductores expertos:<\/b> Nuestros conductores conocen perfectamente las carreteras alpinas, los atajos y las condiciones del tr\u00e1fico hacia las estaciones.<\/p><\/li><\/ul><h2 data-path-to-node=\"13\">Nuestros destinos estrella (Suiza, Francia, Italia)<\/h2><p data-path-to-node=\"14\">Ofrecemos servicio a todas las principales estaciones de esqu\u00ed accesibles desde Ginebra. Estos son los destinos m\u00e1s solicitados por nuestros clientes:<\/p><h3 data-path-to-node=\"15\">Los Alpes suizos y el Valais<\/h3><p data-path-to-node=\"16\">Llegue a las estaciones m\u00e1s prestigiosas de Suiza sin transbordos:<\/p><ul data-path-to-node=\"17\"><li><p data-path-to-node=\"17,0,0\"><b>Verbier<\/b> : La capital del freeride.<\/p><\/li><li><p data-path-to-node=\"17,1,0\"><b>Zermatt y T\u00e4sch<\/b> : A los pies del Cervino (descenso en la terminal de T\u00e4sch).<\/p><\/li><li><p data-path-to-node=\"17,2,0\"><b>Crans-Montana<\/b> : Sol y lujo en el plat\u00f3.<\/p><\/li><li><p data-path-to-node=\"17,3,0\"><b>Gstaad<\/b> : Autenticidad y prestigio.<\/p><\/li><li><p data-path-to-node=\"17,4,0\"><b>Villars-sur-Ollon y Nendaz<\/b> : Ideal para familias.<\/p><\/li><li><p data-path-to-node=\"17,5,0\"><b>Grindelwald, Interlaken y Jungfrau<\/b> : En el coraz\u00f3n del Oberland bern\u00e9s.<\/p><\/li><\/ul><h3 data-path-to-node=\"18\">Los Alpes franceses<\/h3><p data-path-to-node=\"19\">Acceda r\u00e1pidamente a las mayores estaciones de esqu\u00ed de Francia (Les 3 Vall\u00e9es, Portes du Soleil, Mont-Blanc):<\/p><ul data-path-to-node=\"20\"><li><p data-path-to-node=\"20,0,0\"><b>Chamonix Mont Blanc<\/b> : El destino m\u00edtico a solo 1 hora de Ginebra.<\/p><\/li><li><p data-path-to-node=\"20,1,0\"><b>Meg\u00e8ve<\/b> : La elegancia a la francesa.<\/p><\/li><li><p data-path-to-node=\"20,2,0\"><b>Courchevel y Val Thorens<\/b> : El mayor dominio esquiable del mundo.<\/p><\/li><li><p data-path-to-node=\"20,3,0\"><b>Morzine y Avoriaz<\/b> : En el coraz\u00f3n de Portes du Soleil.<\/p><\/li><li><p data-path-to-node=\"20,4,0\"><b>Val d'Is\u00e8re y Tignes<\/b> : El Espace Killy para los deportistas.<\/p><\/li><li><p data-path-to-node=\"20,5,0\"><b>Megeve y La Clusaz<\/b>.<\/p><\/li><\/ul><h3 data-path-to-node=\"21\">Italia<\/h3><ul data-path-to-node=\"22\"><li><p data-path-to-node=\"22,0,0\"><b>Courmayeur<\/b> : Atraviese el t\u00fanel del Mont Blanc y disfrute de la dolce vita italiana en las pistas.<\/p><\/li><\/ul><p data-path-to-node=\"23\"><i>(Tambi\u00e9n ofrecemos servicio a otros destinos bajo petici\u00f3n, como Lausana, Montreux o Grenoble).<\/i><\/p><h2 data-path-to-node=\"25\">\u00bfQu\u00e9 veh\u00edculo elegir para su traslado a la estaci\u00f3n de esqu\u00ed?<\/h2><p data-path-to-node=\"26\">Para las estancias de esqu\u00ed, el volumen del equipaje suele ser importante. Estas son nuestras recomendaciones:<\/p><ol start=\"1\" data-path-to-node=\"27\"><li><p data-path-to-node=\"27,0,0\"><b>Mercedes Clase V (monovolumen de 7 plazas): la opci\u00f3n preferida por los esquiadores.<\/b><\/p><ul data-path-to-node=\"27,0,1\"><li><p data-path-to-node=\"27,0,1,0,0\"><i>Capacidad:<\/i> Hasta 7 pasajeros.<\/p><\/li><li><p data-path-to-node=\"27,0,1,1,0\"><i>Ventajas:<\/i> Un maletero enorme para todas tus maletas, botas de esqu\u00ed y fundas para el equipo. Viaja en grupo sin estar apretujados.<\/p><\/li><\/ul><\/li><li><p data-path-to-node=\"27,1,0\"><b>Mercedes Clase E (sed\u00e1n):<\/b><\/p><ul data-path-to-node=\"27,1,1\"><li><p data-path-to-node=\"27,1,1,0,0\"><i>Capacidad:<\/i> Hasta 3-4 pasajeros.<\/p><\/li><li><p data-path-to-node=\"27,1,1,1,0\"><i>Ventajas:<\/i> Perfecto para una pareja o un viajero solitario con equipaje ligero.<\/p><\/li><\/ul><\/li><\/ol><h2 data-path-to-node=\"29\">Reserve ahora su transporte de esqu\u00ed<\/h2><p data-path-to-node=\"30\">Los fines de semana de invierno son muy ajetreados en el aeropuerto de Ginebra. Aseg\u00farese la tranquilidad reservando su ch\u00f3fer con antelaci\u00f3n.<\/p><p data-path-to-node=\"31\"><b>\u00bfC\u00f3mo reservar?<\/b><\/p><ol start=\"1\" data-path-to-node=\"32\"><li><p data-path-to-node=\"32,0,0\">Utilice nuestro formulario en la parte superior de la p\u00e1gina para obtener un presupuesto inmediato.<\/p><\/li><li><p data-path-to-node=\"32,1,0\">O ll\u00e1menos las 24 horas del d\u00eda, los 7 d\u00edas de la semana, al: <b>+41 78 659 91 15<\/b><\/p><\/li><\/ol><blockquote data-path-to-node=\"33\"><p data-path-to-node=\"33,0\"><b>Nota importante:<\/b> Al hacer su reserva, no olvide indicar si lleva \u00abequipaje fuera de formato\u00bb (bolsa de golf, funda de esqu\u00eds, tabla de surf, bicicleta) para que podamos enviarle el veh\u00edculo adecuado.<\/p><\/blockquote>\t\t\t\t\t\t\t\t<\/div>\n\t\t\t\t<div class=\"elementor-element elementor-element-7bc7ef6 elementor-align-center elementor-mobile-align-center elementor-widget elementor-widget-button\" data-id=\"7bc7ef6\" data-element_type=\"widget\" data-e-type=\"widget\" data-widget_type=\"button.default\">\n\t\t\t\t\t\t\t\t\t\t<a class=\"elementor-button elementor-button-link elementor-size-sm\" href=\"https:\/\/geneva-airport-taxi.bellaetco.ch\/es\/reserver-une-course\/\">\n\t\t\t\t\t\t<span class=\"elementor-button-content-wrapper\">\n\t\t\t\t\t\t\t\t\t<span class=\"elementor-button-text\">Reservar un viaje <\/span>\n\t\t\t\t\t<\/span>\n\t\t\t\t\t<\/a>\n\t\t\t\t\t\t\t\t<\/div>\n\t\t\t\t<\/div>\n\t\t\t\t\t<\/div>\n\t\t\t\t<\/div>\n\t\t\t\t<\/div>","protected":false},"excerpt":{"rendered":"<p>Transfert Taxi vers les Stations de Ski depuis l&rsquo;A\u00e9roport de Gen\u00e8ve Commencez vos vacances \u00e0 la montagne en toute s\u00e9r\u00e9nit\u00e9 : v\u00e9hicules adapt\u00e9s, chauffeurs exp\u00e9riment\u00e9s et transport gratuit de vos \u00e9quipements. R\u00e9server une course Votre route vers les sommets commence ici Ne perdez pas une minute de vos vacances \u00e0 attendre un bus ou \u00e0 [&hellip;]<\/p>","protected":false},"author":2,"featured_media":0,"parent":0,"menu_order":0,"comment_status":"closed","ping_status":"closed","template":"","meta":{"_joinchat":[],"footnotes":""},"class_list":["post-23799","page","type-page","status-publish","hentry"],"_links":{"self":[{"href":"https:\/\/geneva-airport-taxi.bellaetco.ch\/es\/wp-json\/wp\/v2\/pages\/23799","targetHints":{"allow":["GET"]}}],"collection":[{"href":"https:\/\/geneva-airport-taxi.bellaetco.ch\/es\/wp-json\/wp\/v2\/pages"}],"about":[{"href":"https:\/\/geneva-airport-taxi.bellaetco.ch\/es\/wp-json\/wp\/v2\/types\/page"}],"author":[{"embeddable":true,"href":"https:\/\/geneva-airport-taxi.bellaetco.ch\/es\/wp-json\/wp\/v2\/users\/2"}],"replies":[{"embeddable":true,"href":"https:\/\/geneva-airport-taxi.bellaetco.ch\/es\/wp-json\/wp\/v2\/comments?post=23799"}],"version-history":[{"count":10,"href":"https:\/\/geneva-airport-taxi.bellaetco.ch\/es\/wp-json\/wp\/v2\/pages\/23799\/revisions"}],"predecessor-version":[{"id":23902,"href":"https:\/\/geneva-airport-taxi.bellaetco.ch\/es\/wp-json\/wp\/v2\/pages\/23799\/revisions\/23902"}],"wp:attachment":[{"href":"https:\/\/geneva-airport-taxi.bellaetco.ch\/es\/wp-json\/wp\/v2\/media?parent=23799"}],"curies":[{"name":"wp","href":"https:\/\/api.w.org\/{rel}","templated":true}]}}