{"id":23839,"date":"2025-12-04T13:55:03","date_gmt":"2025-12-04T12:55:03","guid":{"rendered":"https:\/\/geneva-airport-taxi.bellaetco.ch\/?page_id=23839"},"modified":"2025-12-04T14:03:53","modified_gmt":"2025-12-04T13:03:53","slug":"declaration-de-confidentialite","status":"publish","type":"page","link":"https:\/\/geneva-airport-taxi.bellaetco.ch\/es\/declaration-de-confidentialite\/","title":{"rendered":"Declaraci\u00f3n de confidencialidad"},"content":{"rendered":"<div data-elementor-type=\"wp-page\" data-elementor-id=\"23839\" class=\"elementor elementor-23839\" data-elementor-post-type=\"page\">\n\t\t\t\t<div class=\"elementor-element elementor-element-9efc511 e-flex e-con-boxed e-con e-parent\" data-id=\"9efc511\" data-element_type=\"container\" data-e-type=\"container\" data-settings=\"{&quot;background_background&quot;:&quot;classic&quot;}\">\n\t\t\t\t\t<div class=\"e-con-inner\">\n\t\t<div class=\"elementor-element elementor-element-f03e132 e-con-full e-flex e-con e-child\" data-id=\"f03e132\" data-element_type=\"container\" data-e-type=\"container\">\n\t\t\t\t<div class=\"elementor-element elementor-element-3475346 elementor-widget elementor-widget-heading\" data-id=\"3475346\" data-element_type=\"widget\" data-e-type=\"widget\" data-widget_type=\"heading.default\">\n\t\t\t\t\t<h1 class=\"elementor-heading-title elementor-size-default\">Declaraci\u00f3n de confidencialidad<\/h1>\t\t\t\t<\/div>\n\t\t\t\t<\/div>\n\t\t\t\t\t<\/div>\n\t\t\t\t<\/div>\n\t\t<div class=\"elementor-element elementor-element-6f87ad2 e-flex e-con-boxed e-con e-parent\" data-id=\"6f87ad2\" data-element_type=\"container\" data-e-type=\"container\">\n\t\t\t\t\t<div class=\"e-con-inner\">\n\t\t<div class=\"elementor-element elementor-element-84d96be e-con-full e-flex e-con e-child\" data-id=\"84d96be\" data-element_type=\"container\" data-e-type=\"container\">\n\t\t\t\t<div class=\"elementor-element elementor-element-74537e7 elementor-widget elementor-widget-text-editor\" data-id=\"74537e7\" data-element_type=\"widget\" data-e-type=\"widget\" data-widget_type=\"text-editor.default\">\n\t\t\t\t\t\t\t\t\t<p>\n<!-- Legal document generated by Complianz | GDPR\/CCPA Cookie Consent https:\/\/wordpress.org\/plugins\/complianz-gdpr -->\n<div id=\"cmplz-document\" class=\"cmplz-document privacy-statement cmplz-document-eu\"><p><i>This privacy statement was last updated on 4 diciembre 2025 and applies to citizens and legal permanent residents of the European Economic Area and Switzerland.<\/i><br \/><br \/><\/p><p><p>En esta declaraci\u00f3n de privacidad, explicamos qu\u00e9 hacemos con los datos que obtenemos sobre usted a trav\u00e9s de <a href=\"https:\/\/geneva-airport-taxi.bellaetco.ch\/es\">https:\/\/geneva-airport-taxi.bellaetco.ch\/es<\/a>. Le recomendamos que lea atentamente esta declaraci\u00f3n. En nuestro tratamiento cumplimos con los requisitos de la legislaci\u00f3n en materia de privacidad. Esto significa, entre otras cosas, que:<\/p><ul>\n                <li>declaramos claramente los fines para los que tratamos los datos personales. Lo hacemos mediante esta declaraci\u00f3n de privacidad;<\/li>\n                <li>Nuestro objetivo es limitar nuestra recopilaci\u00f3n de datos personales \u00fanicamente a los datos personales necesarios para fines leg\u00edtimos.;<\/li>\n                <li>En primer lugar, solicitamos su consentimiento expl\u00edcito para tratar sus datos personales en los casos en que sea necesario su consentimiento.;<\/li>\n                <li>Tomamos las medidas de seguridad adecuadas para proteger sus datos personales y tambi\u00e9n exigimos lo mismo a las partes que procesan datos personales en nuestro nombre.;<\/li>\n                <li>Respetamos su derecho a acceder a sus datos personales o a que se corrijan o eliminen, si as\u00ed lo solicita.<\/li>\n            <\/ul><p>Si tiene alguna pregunta o desea saber exactamente qu\u00e9 datos conservamos sobre usted, p\u00f3ngase en contacto con nosotros.<\/p><\/p><h2>1. Finalidad, datos y plazo de conservaci\u00f3n<\/h2>Podemos recopilar o recibir informaci\u00f3n personal para una serie de fines relacionados con nuestras operaciones comerciales, entre los que se incluyen los siguientes: (haga clic para ampliar)<details class=\"cmplz-dropdown dropdown-privacy-statement\"><summary><div><h3>1.1 Contacto: por tel\u00e9fono, correo postal, correo electr\u00f3nico y\/o formularios web.<\/h3><\/div><\/summary><p class=\"cmplz-subtitle\">Para ello utilizamos los siguientes datos:<\/p><p><ul><li>Nombre y apellido<\/li><li>Una direcci\u00f3n de correo electr\u00f3nico<\/li><li>Un n\u00famero de tel\u00e9fono<\/li><li>Una direcci\u00f3n particular u otra direcci\u00f3n f\u00edsica, incluyendo el nombre de la calle y el nombre de la ciudad o pueblo.<\/li><li>Datos de geolocalizaci\u00f3n<\/li><\/ul><\/p><p class=\"cmplz-subtitle\">La base sobre la que podemos procesar estos datos es:<\/p><p><a target=\"_blank\" rel=\"noopener noreferrer nofollow\" href=\"https:\/\/cookiedatabase.org\/legal-bases\/#consent\">Previo consentimiento.<\/a><\/p><p class=\"cmplz-subtitle\">Per\u00edodo de retenci\u00f3n<\/p><p>Conservamos estos datos hasta que finaliza el servicio.<\/p><\/details><details class=\"cmplz-dropdown dropdown-privacy-statement\"><summary><div><h3>1.2 Pagos<\/h3><\/div><\/summary><p class=\"cmplz-subtitle\">Para ello utilizamos los siguientes datos:<\/p><p><ul><li>Nombre y apellido<\/li><li>Una direcci\u00f3n de correo electr\u00f3nico<\/li><li>Un n\u00famero de tel\u00e9fono<\/li><li>Una direcci\u00f3n particular u otra direcci\u00f3n f\u00edsica, incluyendo el nombre de la calle y el nombre de la ciudad o pueblo.<\/li><li>Datos de geolocalizaci\u00f3n<\/li><\/ul><\/p><p class=\"cmplz-subtitle\">La base sobre la que podemos procesar estos datos es:<\/p><p><a target=\"_blank\" rel=\"noopener noreferrer nofollow\" href=\"https:\/\/cookiedatabase.org\/legal-bases\/#consent\">Previo consentimiento.<\/a><\/p><p class=\"cmplz-subtitle\">Per\u00edodo de retenci\u00f3n<\/p><p>Conservamos estos datos hasta que finaliza el servicio.<\/p><\/details><h2>2. Cookies<\/h2><p>Nuestro sitio web utiliza cookies. Para obtener m\u00e1s informaci\u00f3n sobre las cookies, consulte nuestra <a href=\"https:\/\/geneva-airport-taxi.bellaetco.ch\/es\/politique-de-cookies\/\">Pol\u00edtica de cookies<\/a>.&nbsp;<\/p><h2>3. Pr\u00e1cticas de divulgaci\u00f3n<\/h2><p><p>Divulgamos informaci\u00f3n personal si as\u00ed lo exige la ley o una orden judicial, en respuesta a una agencia de aplicaci\u00f3n de la ley, en la medida en que lo permitan otras disposiciones legales, para proporcionar informaci\u00f3n o para una investigaci\u00f3n sobre un asunto relacionado con la seguridad p\u00fablica.<\/p><p>Si nuestro sitio web o nuestra organizaci\u00f3n son adquiridos, vendidos o se ven involucrados en una fusi\u00f3n o adquisici\u00f3n, sus datos podr\u00e1n ser revelados a nuestros asesores y a cualquier posible comprador, y ser\u00e1n transferidos a los nuevos propietarios.<\/p><\/p><p>Google no podr\u00e1 utilizar los datos para ning\u00fan otro servicio de Google.<\/p><h2>4. Seguridad<\/h2><p>Nos comprometemos a garantizar la seguridad de los datos personales. Tomamos las medidas de seguridad adecuadas para limitar el uso indebido y el acceso no autorizado a los datos personales. De este modo, nos aseguramos de que solo las personas necesarias tengan acceso a sus datos, de que el acceso a los datos est\u00e9 protegido y de que nuestras medidas de seguridad se revisen peri\u00f3dicamente.<\/p><h2>5. Sitios web de terceros<\/h2><p>Esta declaraci\u00f3n de privacidad no se aplica a los sitios web de terceros conectados mediante enlaces en nuestro sitio web. No podemos garantizar que estos terceros traten sus datos personales de forma fiable y segura. Le recomendamos que lea las declaraciones de privacidad de estos sitios web antes de utilizarlos.<\/p><h2>6. Modificaciones a esta declaraci\u00f3n de privacidad<\/h2><p>Nos reservamos el derecho a realizar modificaciones en esta declaraci\u00f3n de privacidad. Se recomienda consultar esta declaraci\u00f3n de privacidad con regularidad para estar al tanto de cualquier cambio. Adem\u00e1s, le informaremos activamente siempre que sea posible.<\/p><h2>7. Acceso y modificaci\u00f3n de sus datos<\/h2><p>Si tiene alguna pregunta o desea saber qu\u00e9 datos personales tenemos sobre usted, p\u00f3ngase en contacto con nosotros. Puede ponerse en contacto con nosotros utilizando la informaci\u00f3n que se indica a continuaci\u00f3n. Usted tiene los siguientes derechos:<\/p><ul>\n                <li>Tienes derecho a saber por qu\u00e9 se necesitan tus datos personales, qu\u00e9 se har\u00e1 con ellos y durante cu\u00e1nto tiempo se conservar\u00e1n.<\/li>\n                <li>Derecho de acceso: Tiene derecho a acceder a sus datos personales que obran en nuestro poder.<\/li>\n                <li>Derecho de rectificaci\u00f3n: tiene derecho a completar, corregir, eliminar o bloquear sus datos personales cuando lo desee.<\/li>\n                <li>Si nos da su consentimiento para procesar sus datos, tiene derecho a revocar dicho consentimiento y a que se eliminen sus datos personales.<\/li>\n                <li>Derecho a transferir sus datos: tiene derecho a solicitar al responsable del tratamiento todos sus datos personales y transferirlos en su totalidad a otro responsable del tratamiento.<\/li>\n                <li>Derecho de oposici\u00f3n: puede oponerse al tratamiento de sus datos. Cumpliremos con ello, salvo que existan motivos justificados para el tratamiento.<\/li>\n            <\/ul><p>Aseg\u00farese siempre de indicar claramente qui\u00e9n es usted, para que podamos estar seguros de que no modificamos ni eliminamos datos de la persona equivocada.<\/p><h2>8. Presentaci\u00f3n de una reclamaci\u00f3n<\/h2><p>Si no est\u00e1 satisfecho con la forma en que gestionamos (una reclamaci\u00f3n sobre) el tratamiento de sus datos personales, tiene derecho a presentar una reclamaci\u00f3n ante la Autoridad de Protecci\u00f3n de Datos.<\/p><h2>9. Datos de contacto<\/h2><p>CityAirport Transfers AK Sarl<br \/>\n        CityAirport Transfers AK Sarl<br \/>\nAvenida de Mategnin, 65<br \/>\n1217 Meyrin<br \/>\n        Suiza<br \/>\n        Sitio web: <a href=\"https:\/\/geneva-airport-taxi.bellaetco.ch\/es\">https:\/\/geneva-airport-taxi.bellaetco.ch\/es<\/a> <br \/>\n        Correo electr\u00f3nico: <span class=\"cmplz-obfuscate\">&#097;f&#105;&#102;&#107;a&#114;d&#097;n&#105;8&#051;@<span class=\"cmplz-fmail-domain\">ex.com<\/span>&#103;m&#097;&#105;l&#046;co&#109;<\/span> <br \/>\n        N\u00famero de tel\u00e9fono: +41786599115<\/p><\/div><\/p>\t\t\t\t\t\t\t\t<\/div>\n\t\t\t\t<\/div>\n\t\t\t\t\t<\/div>\n\t\t\t\t<\/div>\n\t\t\t\t<\/div>","protected":false},"excerpt":{"rendered":"","protected":false},"author":2,"featured_media":0,"parent":0,"menu_order":0,"comment_status":"closed","ping_status":"closed","template":"","meta":{"_joinchat":[],"footnotes":""},"class_list":["post-23839","page","type-page","status-publish","hentry"],"_links":{"self":[{"href":"https:\/\/geneva-airport-taxi.bellaetco.ch\/es\/wp-json\/wp\/v2\/pages\/23839","targetHints":{"allow":["GET"]}}],"collection":[{"href":"https:\/\/geneva-airport-taxi.bellaetco.ch\/es\/wp-json\/wp\/v2\/pages"}],"about":[{"href":"https:\/\/geneva-airport-taxi.bellaetco.ch\/es\/wp-json\/wp\/v2\/types\/page"}],"author":[{"embeddable":true,"href":"https:\/\/geneva-airport-taxi.bellaetco.ch\/es\/wp-json\/wp\/v2\/users\/2"}],"replies":[{"embeddable":true,"href":"https:\/\/geneva-airport-taxi.bellaetco.ch\/es\/wp-json\/wp\/v2\/comments?post=23839"}],"version-history":[{"count":7,"href":"https:\/\/geneva-airport-taxi.bellaetco.ch\/es\/wp-json\/wp\/v2\/pages\/23839\/revisions"}],"predecessor-version":[{"id":23854,"href":"https:\/\/geneva-airport-taxi.bellaetco.ch\/es\/wp-json\/wp\/v2\/pages\/23839\/revisions\/23854"}],"wp:attachment":[{"href":"https:\/\/geneva-airport-taxi.bellaetco.ch\/es\/wp-json\/wp\/v2\/media?parent=23839"}],"curies":[{"name":"wp","href":"https:\/\/api.w.org\/{rel}","templated":true}]}}