{"id":23720,"date":"2025-12-03T18:57:41","date_gmt":"2025-12-03T17:57:41","guid":{"rendered":"https:\/\/geneva-airport-taxi.bellaetco.ch\/?page_id=23720"},"modified":"2025-12-04T15:29:30","modified_gmt":"2025-12-04T14:29:30","slug":"a-propos","status":"publish","type":"page","link":"https:\/\/geneva-airport-taxi.bellaetco.ch\/it\/a-propos\/","title":{"rendered":"Informazioni"},"content":{"rendered":"<div data-elementor-type=\"wp-page\" data-elementor-id=\"23720\" class=\"elementor elementor-23720\" data-elementor-post-type=\"page\">\n\t\t\t\t<div class=\"elementor-element elementor-element-9efc511 e-flex e-con-boxed e-con e-parent\" data-id=\"9efc511\" data-element_type=\"container\" data-e-type=\"container\" data-settings=\"{&quot;background_background&quot;:&quot;classic&quot;}\">\n\t\t\t\t\t<div class=\"e-con-inner\">\n\t\t\t\t<div class=\"elementor-element elementor-element-3475346 elementor-widget elementor-widget-heading\" data-id=\"3475346\" data-element_type=\"widget\" data-e-type=\"widget\" data-widget_type=\"heading.default\">\n\t\t\t\t\t<h1 class=\"elementor-heading-title elementor-size-default\"> Informazioni su Geneva Airport Taxi <\/h1>\t\t\t\t<\/div>\n\t\t\t\t<div class=\"elementor-element elementor-element-bbfb2df elementor-widget elementor-widget-heading\" data-id=\"bbfb2df\" data-element_type=\"widget\" data-e-type=\"widget\" data-widget_type=\"heading.default\">\n\t\t\t\t\t<h3 class=\"elementor-heading-title elementor-size-default\">Il vostro trasferimento di fiducia<\/h3>\t\t\t\t<\/div>\n\t\t\t\t\t<\/div>\n\t\t\t\t<\/div>\n\t\t<div class=\"elementor-element elementor-element-6f87ad2 e-flex e-con-boxed e-con e-parent\" data-id=\"6f87ad2\" data-element_type=\"container\" data-e-type=\"container\">\n\t\t\t\t\t<div class=\"e-con-inner\">\n\t\t<div class=\"elementor-element elementor-element-f915dc5 e-con-full e-flex e-con e-child\" data-id=\"f915dc5\" data-element_type=\"container\" data-e-type=\"container\">\n\t\t<div class=\"elementor-element elementor-element-7946b57 e-con-full e-flex e-con e-child\" data-id=\"7946b57\" data-element_type=\"container\" data-e-type=\"container\">\n\t\t\t\t<div class=\"elementor-element elementor-element-aaff24c elementor-widget elementor-widget-image\" data-id=\"aaff24c\" data-element_type=\"widget\" data-e-type=\"widget\" data-widget_type=\"image.default\">\n\t\t\t\t\t\t\t\t\t\t\t\t\t\t\t<img decoding=\"async\" width=\"200\" height=\"42\" src=\"https:\/\/geneva-airport-taxi.bellaetco.ch\/wp-content\/uploads\/2025\/12\/logo-inner.png\" class=\"attachment-full size-full wp-image-12302\" alt=\"\" \/>\t\t\t\t\t\t\t\t\t\t\t\t\t\t\t<\/div>\n\t\t\t\t<\/div>\n\t\t<div class=\"elementor-element elementor-element-16a1f3c e-con-full e-flex e-con e-child\" data-id=\"16a1f3c\" data-element_type=\"container\" data-e-type=\"container\">\n\t\t\t\t<div class=\"elementor-element elementor-element-18f19d6 elementor-widget elementor-widget-heading\" data-id=\"18f19d6\" data-element_type=\"widget\" data-e-type=\"widget\" data-widget_type=\"heading.default\">\n\t\t\t\t\t<h2 class=\"elementor-heading-title elementor-size-default\">Chi siamo?<\/h2>\t\t\t\t<\/div>\n\t\t\t\t<div class=\"elementor-element elementor-element-1a8b08e elementor-widget elementor-widget-text-editor\" data-id=\"1a8b08e\" data-element_type=\"widget\" data-e-type=\"widget\" data-widget_type=\"text-editor.default\">\n\t\t\t\t\t\t\t\t\t<p class=\"my-2 [&amp;+p]:mt-4 [&amp;_strong:has(+br)]:inline-block [&amp;_strong:has(+br)]:pb-2\">Da oltre un decennio, Geneva Airport Taxi \u00e8 leader nel settore dei trasporti premium a Ginevra. La nostra missione: trasformare ogni viaggio in un'esperienza affidabile, confortevole e senza stress.<\/p><p class=\"my-2 [&amp;+p]:mt-4 [&amp;_strong:has(+br)]:inline-block [&amp;_strong:has(+br)]:pb-2\">Crediamo che spostarsi dovrebbe essere semplice. Ecco perch\u00e9 ci impegniamo a fornire un servizio eccezionale, adatto alle vostre esigenze specifiche, che si tratti di un arrivo in aeroporto, di un trasferimento professionale o di una vacanza sulla neve.<\/p>\t\t\t\t\t\t\t\t<\/div>\n\t\t\t\t<div class=\"elementor-element elementor-element-aa9a477 elementor-align-left elementor-tablet-align-center elementor-widget elementor-widget-button\" data-id=\"aa9a477\" data-element_type=\"widget\" data-e-type=\"widget\" data-widget_type=\"button.default\">\n\t\t\t\t\t\t\t\t\t\t<a class=\"elementor-button elementor-button-link elementor-size-sm\" href=\"https:\/\/geneva-airport-taxi.bellaetco.ch\/it\/reserver-une-course\/\">\n\t\t\t\t\t\t<span class=\"elementor-button-content-wrapper\">\n\t\t\t\t\t\t\t\t\t<span class=\"elementor-button-text\">Prenotare una corsa <\/span>\n\t\t\t\t\t<\/span>\n\t\t\t\t\t<\/a>\n\t\t\t\t\t\t\t\t<\/div>\n\t\t\t\t<\/div>\n\t\t\t\t<\/div>\n\t\t<div class=\"elementor-element elementor-element-84d96be e-con-full e-flex e-con e-child\" data-id=\"84d96be\" data-element_type=\"container\" data-e-type=\"container\">\n\t\t\t\t<div class=\"elementor-element elementor-element-74537e7 elementor-widget elementor-widget-text-editor\" data-id=\"74537e7\" data-element_type=\"widget\" data-e-type=\"widget\" data-widget_type=\"text-editor.default\">\n\t\t\t\t\t\t\t\t\t<h2>La nostra storia e competenza<\/h2><p class=\"my-2 [&amp;+p]:mt-4 [&amp;_strong:has(+br)]:inline-block [&amp;_strong:has(+br)]:pb-2\">Fondazione e crescita<br \/>Geneva Airport Taxi \u00e8 stata fondata da professionisti del settore dei trasporti appassionati del servizio clienti. Quella che era iniziata come una piccola attivit\u00e0 con pochi veicoli \u00e8 diventata un servizio di riferimento a Ginevra e dintorni.<\/p><p class=\"my-2 [&amp;+p]:mt-4 [&amp;_strong:has(+br)]:inline-block [&amp;_strong:has(+br)]:pb-2\">Oggi serviamo oltre 5000 clienti all'anno, dai viaggiatori d'affari di fretta alle famiglie in vacanza sulla neve, fino ai VIP alla ricerca di discrezione.<\/p><p class=\"my-2 [&amp;+p]:mt-4 [&amp;_strong:has(+br)]:inline-block [&amp;_strong:has(+br)]:pb-2\">Esperienza e specializzazione<br \/>Il nostro team non \u00e8 composto semplicemente da autisti di taxi. Sono professionisti formati per:<\/p><ul class=\"marker:text-quiet list-disc\"><li class=\"py-0 my-0 prose-p:pt-0 prose-p:mb-2 prose-p:my-0 [&amp;&gt;p]:pt-0 [&amp;&gt;p]:mb-2 [&amp;&gt;p]:my-0\"><p class=\"my-2 [&amp;+p]:mt-4 [&amp;_strong:has(+br)]:inline-block [&amp;_strong:has(+br)]:pb-2\">La logistica dei trasporti premium<\/p><\/li><li class=\"py-0 my-0 prose-p:pt-0 prose-p:mb-2 prose-p:my-0 [&amp;&gt;p]:pt-0 [&amp;&gt;p]:mb-2 [&amp;&gt;p]:my-0\"><p class=\"my-2 [&amp;+p]:mt-4 [&amp;_strong:has(+br)]:inline-block [&amp;_strong:has(+br)]:pb-2\">Le strade alpine e le condizioni invernali<\/p><\/li><li class=\"py-0 my-0 prose-p:pt-0 prose-p:mb-2 prose-p:my-0 [&amp;&gt;p]:pt-0 [&amp;&gt;p]:mb-2 [&amp;&gt;p]:my-0\"><p class=\"my-2 [&amp;+p]:mt-4 [&amp;_strong:has(+br)]:inline-block [&amp;_strong:has(+br)]:pb-2\">Accoglienza VIP e discrezione<\/p><\/li><li class=\"py-0 my-0 prose-p:pt-0 prose-p:mb-2 prose-p:my-0 [&amp;&gt;p]:pt-0 [&amp;&gt;p]:mb-2 [&amp;&gt;p]:my-0\"><p class=\"my-2 [&amp;+p]:mt-4 [&amp;_strong:has(+br)]:inline-block [&amp;_strong:has(+br)]:pb-2\">Il servizio clienti in un contesto internazionale<\/p><\/li><\/ul><p class=\"my-2 [&amp;+p]:mt-4 [&amp;_strong:has(+br)]:inline-block [&amp;_strong:has(+br)]:pb-2\">Ogni autista ha un'esperienza minima di 10 anni nel settore dei trasporti professionali.<\/p><h2>I nostri valori fondamentali<\/h2><p class=\"my-2 [&amp;+p]:mt-4 [&amp;_strong:has(+br)]:inline-block [&amp;_strong:has(+br)]:pb-2\"><strong>1. Affidabilit\u00e0<\/strong><br \/>Potete contare su di noi per arrivare in orario. Anche in caso di ritardi dei voli o condizioni difficili, ci adattiamo e raggiungiamo la nostra meta.<\/p><p class=\"my-2 [&amp;+p]:mt-4 [&amp;_strong:has(+br)]:inline-block [&amp;_strong:has(+br)]:pb-2\"><strong>2. Professionalit\u00e0<\/strong><br \/>I nostri autisti sono cortesi, discreti e orientati al servizio. Rappresentano l'eccellenza in ogni interazione.<\/p><p class=\"my-2 [&amp;+p]:mt-4 [&amp;_strong:has(+br)]:inline-block [&amp;_strong:has(+br)]:pb-2\"><strong>3. Sicurezza<\/strong><br \/>La sicurezza dei nostri passeggeri \u00e8 una priorit\u00e0. I nostri veicoli vengono ispezionati regolarmente e i nostri autisti sono addestrati al primo soccorso.<\/p><p class=\"my-2 [&amp;+p]:mt-4 [&amp;_strong:has(+br)]:inline-block [&amp;_strong:has(+br)]:pb-2\"><strong>4. Trasparenza<\/strong><br \/>Nessun costo nascosto, nessuna sorpresa. Le tariffe vengono comunicate in anticipo e forniamo esattamente ci\u00f2 che \u00e8 stato promesso.<\/p><p class=\"my-2 [&amp;+p]:mt-4 [&amp;_strong:has(+br)]:inline-block [&amp;_strong:has(+br)]:pb-2\"><strong>5. Innovazione<\/strong><br \/>Utilizziamo la tecnologia (monitoraggio dei voli, GPS, prenotazioni online) per migliorare la tua esperienza.<\/p><p class=\"my-2 [&amp;+p]:mt-4 [&amp;_strong:has(+br)]:inline-block [&amp;_strong:has(+br)]:pb-2\"><strong>6. Sostenibilit\u00e0<\/strong><br \/>Per i clienti attenti all'ambiente, offriamo opzioni ecologiche con la nostra flotta Toyota Prius.<\/p><h2>La nostra flotta \u2013 Comfort e modernit\u00e0<\/h2><p class=\"my-2 [&amp;+p]:mt-4 [&amp;_strong:has(+br)]:inline-block [&amp;_strong:has(+br)]:pb-2\">Mercedes Classe E<br \/>Eleganza e prestazioni. Ideale per chi viaggia da solo o in coppia. Aria condizionata, sedili in pelle riscaldati, lettore multimediale.<\/p><p class=\"my-2 [&amp;+p]:mt-4 [&amp;_strong:has(+br)]:inline-block [&amp;_strong:has(+br)]:pb-2\">Mercedes Classe V<br \/>Spaziosa e lussuosa. Perfetta per famiglie o gruppi. 7 posti, bagagliaio ampliato, dotazioni di alta gamma.<\/p><p class=\"my-2 [&amp;+p]:mt-4 [&amp;_strong:has(+br)]:inline-block [&amp;_strong:has(+br)]:pb-2\">Toyota Prius Ecologica<br \/>Opzione ecologica senza compromessi in termini di comfort. Silenzioso, economico, ideale per chi \u00e8 attento all'ambiente.<\/p><p class=\"my-2 [&amp;+p]:mt-4 [&amp;_strong:has(+br)]:inline-block [&amp;_strong:has(+br)]:pb-2\">Tutti i veicoli includono:<br \/>\u2713 Caricabatterie USB ed elettrici<br \/>\u2713 Acqua fresca gratuita<br \/>\u2713 Aria condizionata regolabile autonomamente<br \/>\u2713 Navigazione GPS professionale<br \/>\u2713 Sedili comodi e ben tenuti<br \/>\u2713 Spazio bagagli ampliato<br \/>\u2713 Seggiolini per bambini disponibili<\/p><p>\u00a0<\/p><h2>I nostri autisti professionisti<\/h2><h4>Formazione continua<\/h4><p class=\"my-2 [&amp;+p]:mt-4 [&amp;_strong:has(+br)]:inline-block [&amp;_strong:has(+br)]:pb-2\">I nostri autisti ricevono una formazione regolare su:<\/p><ul class=\"marker:text-quiet list-disc\"><li class=\"py-0 my-0 prose-p:pt-0 prose-p:mb-2 prose-p:my-0 [&amp;&gt;p]:pt-0 [&amp;&gt;p]:mb-2 [&amp;&gt;p]:my-0\"><p class=\"my-2 [&amp;+p]:mt-4 [&amp;_strong:has(+br)]:inline-block [&amp;_strong:has(+br)]:pb-2\">Il servizio clienti premium<\/p><\/li><li class=\"py-0 my-0 prose-p:pt-0 prose-p:mb-2 prose-p:my-0 [&amp;&gt;p]:pt-0 [&amp;&gt;p]:mb-2 [&amp;&gt;p]:my-0\"><p class=\"my-2 [&amp;+p]:mt-4 [&amp;_strong:has(+br)]:inline-block [&amp;_strong:has(+br)]:pb-2\">Primo soccorso e sicurezza stradale<\/p><\/li><li class=\"py-0 my-0 prose-p:pt-0 prose-p:mb-2 prose-p:my-0 [&amp;&gt;p]:pt-0 [&amp;&gt;p]:mb-2 [&amp;&gt;p]:my-0\"><p class=\"my-2 [&amp;+p]:mt-4 [&amp;_strong:has(+br)]:inline-block [&amp;_strong:has(+br)]:pb-2\">Conoscenza delle strade di Ginevra e delle Alpi<\/p><\/li><li class=\"py-0 my-0 prose-p:pt-0 prose-p:mb-2 prose-p:my-0 [&amp;&gt;p]:pt-0 [&amp;&gt;p]:mb-2 [&amp;&gt;p]:my-0\"><p class=\"my-2 [&amp;+p]:mt-4 [&amp;_strong:has(+br)]:inline-block [&amp;_strong:has(+br)]:pb-2\">Gestione delle situazioni difficili<\/p><\/li><li class=\"py-0 my-0 prose-p:pt-0 prose-p:mb-2 prose-p:my-0 [&amp;&gt;p]:pt-0 [&amp;&gt;p]:mb-2 [&amp;&gt;p]:my-0\"><p class=\"my-2 [&amp;+p]:mt-4 [&amp;_strong:has(+br)]:inline-block [&amp;_strong:has(+br)]:pb-2\">Il protocollo VIP e la discrezione<\/p><\/li><\/ul><h4>Esperienza e competenza<\/h4><p class=\"my-2 [&amp;+p]:mt-4 [&amp;_strong:has(+br)]:inline-block [&amp;_strong:has(+br)]:pb-2\">Ogni autista ha almeno 10 anni di esperienza. Molti ne hanno 15, 20 o 25. Conoscono Ginevra come le loro tasche.<\/p><h4>Selezione rigorosa<\/h4><p class=\"my-2 [&amp;+p]:mt-4 [&amp;_strong:has(+br)]:inline-block [&amp;_strong:has(+br)]:pb-2\">Assumiamo secondo criteri molto severi: referenze impeccabili, precedenti penali verificati, patente di guida in regola.<\/p><h4>Disponibilit\u00e0 24 ore su 24<\/h4><p class=\"my-2 [&amp;+p]:mt-4 [&amp;_strong:has(+br)]:inline-block [&amp;_strong:has(+br)]:pb-2\">Il nostro team lavora 24 ore su 24. C'\u00e8 sempre un autista disponibile, anche alle 3 del mattino.<\/p><h2>I nostri servizi \u2013 Panoramica generale<\/h2><h4>Trasferimenti aeroportuali<\/h4><p class=\"my-2 [&amp;+p]:mt-4 [&amp;_strong:has(+br)]:inline-block [&amp;_strong:has(+br)]:pb-2\">Da\/per Ginevra Cointrin, con monitoraggio dei voli in tempo reale e accoglienza personalizzata.<\/p><h4>Trasferimenti dalla stazione ferroviaria<\/h4><p class=\"my-2 [&amp;+p]:mt-4 [&amp;_strong:has(+br)]:inline-block [&amp;_strong:has(+br)]:pb-2\">Dalla stazione Cornavin verso qualsiasi destinazione.<\/p><h4>Trasferimenti sci<\/h4><p class=\"my-2 [&amp;+p]:mt-4 [&amp;_strong:has(+br)]:inline-block [&amp;_strong:has(+br)]:pb-2\">Verso tutte le localit\u00e0 sciistiche delle Alpi (Verbier, Zermatt, Chamonix, Crans-Montana, ecc.)<\/p><h4>Trasporto professionale<\/h4><h2>Servizi dedicati a privati, professionisti e VIP<\/h2><h4>Servizi VIP<\/h4><p class=\"my-2 [&amp;+p]:mt-4 [&amp;_strong:has(+br)]:inline-block [&amp;_strong:has(+br)]:pb-2\">Per i clienti che cercano sicurezza, riservatezza e un servizio di alta qualit\u00e0.<\/p><h4>Lunghe distanze<\/h4><p class=\"my-2 [&amp;+p]:mt-4 [&amp;_strong:has(+br)]:inline-block [&amp;_strong:has(+br)]:pb-2\">Trasporto verso Lione, Zurigo, Annecy e oltre.<\/p><h4>Trasporto di gruppi<\/h4><p class=\"my-2 [&amp;+p]:mt-4 [&amp;_strong:has(+br)]:inline-block [&amp;_strong:has(+br)]:pb-2\">Fino a 7 persone per veicolo. Ideale per eventi, matrimoni, gite di gruppo.<\/p><h2>Tecnologia e prenotazione<\/h2><h4>Sistema di prenotazione online<\/h4><p>Prenota 24 ore su 24 tramite il nostro sito web. Conferma immediata tramite SMS.<\/p><h4>Monitoraggio dei voli in tempo reale<\/h4><p class=\"my-2 [&amp;+p]:mt-4 [&amp;_strong:has(+br)]:inline-block [&amp;_strong:has(+br)]:pb-2\">Monitoriamo il tuo volo e modifichiamo l'orario di prelievo di conseguenza. Nessuna attesa inutile.<\/p><h4>Applicazione mobile<\/h4><p class=\"my-2 [&amp;+p]:mt-4 [&amp;_strong:has(+br)]:inline-block [&amp;_strong:has(+br)]:pb-2\">(Se disponibile) Scarica la nostra app per prenotare, tracciare e pagare dal tuo telefono.<\/p><h4>Conferma automatica<\/h4><p class=\"my-2 [&amp;+p]:mt-4 [&amp;_strong:has(+br)]:inline-block [&amp;_strong:has(+br)]:pb-2\">Riceverai un SMS con il nome e il numero dell'autista 24 ore prima del trasferimento.<\/p><hr class=\"bg-subtle h-px border-0\" \/>\t\t\t\t\t\t\t\t<\/div>\n\t\t\t\t<\/div>\n\t\t\t\t\t<\/div>\n\t\t\t\t<\/div>\n\t\t\t\t<\/div>","protected":false},"excerpt":{"rendered":"<p>\u00c0 Propos de Geneva Airport Taxi Votre Transfert de Confiance Qui Sommes-Nous ? Depuis plus d&rsquo;une d\u00e9cennie, Geneva Airport Taxi se positionne comme le leader du transport premium \u00e0 Gen\u00e8ve. Notre mission : transformer chaque trajet en exp\u00e9rience fiable, confortable et sans stress. Nous croyons que se d\u00e9placer devrait \u00eatre simple. C&rsquo;est pourquoi nous nous [&hellip;]<\/p>","protected":false},"author":2,"featured_media":0,"parent":0,"menu_order":0,"comment_status":"closed","ping_status":"closed","template":"","meta":{"_joinchat":[],"footnotes":""},"class_list":["post-23720","page","type-page","status-publish","hentry"],"_links":{"self":[{"href":"https:\/\/geneva-airport-taxi.bellaetco.ch\/it\/wp-json\/wp\/v2\/pages\/23720","targetHints":{"allow":["GET"]}}],"collection":[{"href":"https:\/\/geneva-airport-taxi.bellaetco.ch\/it\/wp-json\/wp\/v2\/pages"}],"about":[{"href":"https:\/\/geneva-airport-taxi.bellaetco.ch\/it\/wp-json\/wp\/v2\/types\/page"}],"author":[{"embeddable":true,"href":"https:\/\/geneva-airport-taxi.bellaetco.ch\/it\/wp-json\/wp\/v2\/users\/2"}],"replies":[{"embeddable":true,"href":"https:\/\/geneva-airport-taxi.bellaetco.ch\/it\/wp-json\/wp\/v2\/comments?post=23720"}],"version-history":[{"count":19,"href":"https:\/\/geneva-airport-taxi.bellaetco.ch\/it\/wp-json\/wp\/v2\/pages\/23720\/revisions"}],"predecessor-version":[{"id":23882,"href":"https:\/\/geneva-airport-taxi.bellaetco.ch\/it\/wp-json\/wp\/v2\/pages\/23720\/revisions\/23882"}],"wp:attachment":[{"href":"https:\/\/geneva-airport-taxi.bellaetco.ch\/it\/wp-json\/wp\/v2\/media?parent=23720"}],"curies":[{"name":"wp","href":"https:\/\/api.w.org\/{rel}","templated":true}]}}