{"id":23742,"date":"2025-12-03T21:44:48","date_gmt":"2025-12-03T20:44:48","guid":{"rendered":"https:\/\/geneva-airport-taxi.bellaetco.ch\/?page_id=23742"},"modified":"2025-12-04T15:42:03","modified_gmt":"2025-12-04T14:42:03","slug":"transfert-aeroport-famille-ou-groupe","status":"publish","type":"page","link":"https:\/\/geneva-airport-taxi.bellaetco.ch\/it\/transfert-aeroport-famille-ou-groupe\/","title":{"rendered":"Trasferimento in taxi per famiglie o gruppi"},"content":{"rendered":"<div data-elementor-type=\"wp-page\" data-elementor-id=\"23742\" class=\"elementor elementor-23742\" data-elementor-post-type=\"page\">\n\t\t\t\t<div class=\"elementor-element elementor-element-9efc511 e-flex e-con-boxed e-con e-parent\" data-id=\"9efc511\" data-element_type=\"container\" data-e-type=\"container\" data-settings=\"{&quot;background_background&quot;:&quot;classic&quot;}\">\n\t\t\t\t\t<div class=\"e-con-inner\">\n\t\t\t\t<div class=\"elementor-element elementor-element-3475346 elementor-widget elementor-widget-heading\" data-id=\"3475346\" data-element_type=\"widget\" data-e-type=\"widget\" data-widget_type=\"heading.default\">\n\t\t\t\t\t<h1 class=\"elementor-heading-title elementor-size-default\">Trasferimento in taxi per famiglie o gruppi<\/h1>\t\t\t\t<\/div>\n\t\t\t\t\t<\/div>\n\t\t\t\t<\/div>\n\t\t<div class=\"elementor-element elementor-element-6f87ad2 e-flex e-con-boxed e-con e-parent\" data-id=\"6f87ad2\" data-element_type=\"container\" data-e-type=\"container\">\n\t\t\t\t\t<div class=\"e-con-inner\">\n\t\t<div class=\"elementor-element elementor-element-f915dc5 e-con-full e-flex e-con e-child\" data-id=\"f915dc5\" data-element_type=\"container\" data-e-type=\"container\">\n\t\t<div class=\"elementor-element elementor-element-7946b57 e-con-full e-flex e-con e-child\" data-id=\"7946b57\" data-element_type=\"container\" data-e-type=\"container\">\n\t\t\t\t<div class=\"elementor-element elementor-element-aaff24c elementor-widget elementor-widget-image\" data-id=\"aaff24c\" data-element_type=\"widget\" data-e-type=\"widget\" data-widget_type=\"image.default\">\n\t\t\t\t\t\t\t\t\t\t\t\t\t\t\t<img fetchpriority=\"high\" decoding=\"async\" width=\"800\" height=\"418\" src=\"https:\/\/geneva-airport-taxi.bellaetco.ch\/wp-content\/uploads\/2025\/12\/gat-1024x535.jpg\" class=\"attachment-large size-large wp-image-12300\" alt=\"Chauffeur en train d&#039;attendre un client \u00e0 l&#039;a\u00e9ropor de Gen\u00e8ve\" srcset=\"https:\/\/geneva-airport-taxi.bellaetco.ch\/wp-content\/uploads\/2025\/12\/gat-1024x535.jpg 1024w, https:\/\/geneva-airport-taxi.bellaetco.ch\/wp-content\/uploads\/2025\/12\/gat-300x157.jpg 300w, https:\/\/geneva-airport-taxi.bellaetco.ch\/wp-content\/uploads\/2025\/12\/gat-768x401.jpg 768w, https:\/\/geneva-airport-taxi.bellaetco.ch\/wp-content\/uploads\/2025\/12\/gat-460x240.jpg 460w, https:\/\/geneva-airport-taxi.bellaetco.ch\/wp-content\/uploads\/2025\/12\/gat-800x418.jpg 800w, https:\/\/geneva-airport-taxi.bellaetco.ch\/wp-content\/uploads\/2025\/12\/gat-600x314.jpg 600w, https:\/\/geneva-airport-taxi.bellaetco.ch\/wp-content\/uploads\/2025\/12\/gat.jpg 1200w\" sizes=\"(max-width: 800px) 100vw, 800px\" \/>\t\t\t\t\t\t\t\t\t\t\t\t\t\t\t<\/div>\n\t\t\t\t<\/div>\n\t\t<div class=\"elementor-element elementor-element-16a1f3c e-con-full e-flex e-con e-child\" data-id=\"16a1f3c\" data-element_type=\"container\" data-e-type=\"container\">\n\t\t\t\t<div class=\"elementor-element elementor-element-18f19d6 elementor-widget elementor-widget-heading\" data-id=\"18f19d6\" data-element_type=\"widget\" data-e-type=\"widget\" data-widget_type=\"heading.default\">\n\t\t\t\t\t<h2 class=\"elementor-heading-title elementor-size-default\">Servizio taxi per famiglie<\/h2>\t\t\t\t<\/div>\n\t\t\t\t<div class=\"elementor-element elementor-element-1a8b08e elementor-widget elementor-widget-text-editor\" data-id=\"1a8b08e\" data-element_type=\"widget\" data-e-type=\"widget\" data-widget_type=\"text-editor.default\">\n\t\t\t\t\t\t\t\t\t<p class=\"my-2 [&amp;+p]:mt-4 [&amp;_strong:has(+br)]:inline-block [&amp;_strong:has(+br)]:pb-2\">Viaggiare con la famiglia a Ginevra merita pi\u00f9 di un semplice taxi. Le nostre Mercedes Classe V offrono spazio generoso, comfort premium e sicurezza garantita per i vostri bambini. Seggiolino omologato incluso, tariffe ridotte per gruppi: tutto il necessario per un trasferimento senza stress.<\/p>\t\t\t\t\t\t\t\t<\/div>\n\t\t\t\t<div class=\"elementor-element elementor-element-dff2178 elementor-align-left elementor-widget elementor-widget-button\" data-id=\"dff2178\" data-element_type=\"widget\" data-e-type=\"widget\" data-widget_type=\"button.default\">\n\t\t\t\t\t\t\t\t\t\t<a class=\"elementor-button elementor-button-link elementor-size-sm\" href=\"https:\/\/geneva-airport-taxi.bellaetco.ch\/it\/reserver-une-course\/\">\n\t\t\t\t\t\t<span class=\"elementor-button-content-wrapper\">\n\t\t\t\t\t\t\t\t\t<span class=\"elementor-button-text\">Prenotare una corsa <\/span>\n\t\t\t\t\t<\/span>\n\t\t\t\t\t<\/a>\n\t\t\t\t\t\t\t\t<\/div>\n\t\t\t\t<\/div>\n\t\t\t\t<\/div>\n\t\t<div class=\"elementor-element elementor-element-84d96be e-con-full e-flex e-con e-child\" data-id=\"84d96be\" data-element_type=\"container\" data-e-type=\"container\">\n\t\t\t\t<div class=\"elementor-element elementor-element-74537e7 elementor-widget elementor-widget-text-editor\" data-id=\"74537e7\" data-element_type=\"widget\" data-e-type=\"widget\" data-widget_type=\"text-editor.default\">\n\t\t\t\t\t\t\t\t\t<h2 id=\"services-famille---confort-garanti\" class=\"mb-2 mt-4 font-display font-semimedium text-base first:mt-0 md:text-lg [hr+&amp;]:mt-4\">Servizi per le famiglie \u2013 Comfort garantito<\/h2><p class=\"my-2 [&amp;+p]:mt-4 [&amp;_strong:has(+br)]:inline-block [&amp;_strong:has(+br)]:pb-2\">Partire con la famiglia significa anticipare le esigenze di tutti. Il nostro servizio si adatta alle vostre esigenze: spazio per passeggini piegati, seggiolini disponibili, climatizzazione delicata per i pi\u00f9 piccoli, viaggi senza accelerazioni brusche. L'autista comprende le esigenze delle famiglie e guida con attenzione paterna.<\/p><p class=\"my-2 [&amp;+p]:mt-4 [&amp;_strong:has(+br)]:inline-block [&amp;_strong:has(+br)]:pb-2\"><strong>Punti chiave del servizio famiglia:<\/strong><\/p><ul class=\"marker:text-quiet list-disc\"><li class=\"py-0 my-0 prose-p:pt-0 prose-p:mb-2 prose-p:my-0 [&amp;&gt;p]:pt-0 [&amp;&gt;p]:mb-2 [&amp;&gt;p]:my-0\"><p class=\"my-2 [&amp;+p]:mt-4 [&amp;_strong:has(+br)]:inline-block [&amp;_strong:has(+br)]:pb-2\">Seggiolino gratuito per bambini da 0 a 3 anni (ISOFIX)<\/p><\/li><li class=\"py-0 my-0 prose-p:pt-0 prose-p:mb-2 prose-p:my-0 [&amp;&gt;p]:pt-0 [&amp;&gt;p]:mb-2 [&amp;&gt;p]:my-0\"><p class=\"my-2 [&amp;+p]:mt-4 [&amp;_strong:has(+br)]:inline-block [&amp;_strong:has(+br)]:pb-2\">Rialzo gratuito per bambini dai 3 ai 12 anni<\/p><\/li><li class=\"py-0 my-0 prose-p:pt-0 prose-p:mb-2 prose-p:my-0 [&amp;&gt;p]:pt-0 [&amp;&gt;p]:mb-2 [&amp;&gt;p]:my-0\"><p class=\"my-2 [&amp;+p]:mt-4 [&amp;_strong:has(+br)]:inline-block [&amp;_strong:has(+br)]:pb-2\">Scomparto bagagli per famiglie (fino a 6 valigie)<\/p><\/li><li class=\"py-0 my-0 prose-p:pt-0 prose-p:mb-2 prose-p:my-0 [&amp;&gt;p]:pt-0 [&amp;&gt;p]:mb-2 [&amp;&gt;p]:my-0\"><p class=\"my-2 [&amp;+p]:mt-4 [&amp;_strong:has(+br)]:inline-block [&amp;_strong:has(+br)]:pb-2\">Climatizzazione graduale e delicata<\/p><\/li><li class=\"py-0 my-0 prose-p:pt-0 prose-p:mb-2 prose-p:my-0 [&amp;&gt;p]:pt-0 [&amp;&gt;p]:mb-2 [&amp;&gt;p]:my-0\"><p class=\"my-2 [&amp;+p]:mt-4 [&amp;_strong:has(+br)]:inline-block [&amp;_strong:has(+br)]:pb-2\">Percorsi prioritari senza deviazioni inutili<\/p><\/li><\/ul><h2 id=\"sige-auto-bb-gratuit--homologu\" class=\"mb-2 mt-4 font-display font-semimedium text-base first:mt-0 md:text-lg [hr+&amp;]:mt-4\">Seggiolino auto gratuito e omologato<\/h2><p class=\"my-2 [&amp;+p]:mt-4 [&amp;_strong:has(+br)]:inline-block [&amp;_strong:has(+br)]:pb-2\">Le sedie che forniamo sono conformi alle norme svizzere.\u00a0<strong>ECE R44\/04<\/strong>\u00a0ed europee\u00a0<strong>i-Size<\/strong>. Installazione da parte di un autista qualificato, controllo di sicurezza prima della partenza. Il vostro bambino \u00e8 pi\u00f9 al sicuro che a bordo con il vostro seggiolino improvvisato.<\/p><p class=\"my-2 [&amp;+p]:mt-4 [&amp;_strong:has(+br)]:inline-block [&amp;_strong:has(+br)]:pb-2\"><strong>Caratteristiche dei sedili:<\/strong><\/p><div class=\"group relative\"><div class=\"w-full overflow-x-auto md:max-w-[90vw] border-subtlest ring-subtlest divide-subtlest bg-transparent\"><table class=\"border-subtler my-[1em] w-full table-auto border-separate border-spacing-0 border-l border-t\"><thead class=\"bg-subtler\"><tr><th class=\"border-subtler p-sm break-normal border-b border-r text-left align-top\">Et\u00e0<\/th><th class=\"border-subtler p-sm break-normal border-b border-r text-left align-top\">Peso<\/th><th class=\"border-subtler p-sm break-normal border-b border-r text-left align-top\">Tipo di sedile<\/th><th class=\"border-subtler p-sm break-normal border-b border-r text-left align-top\">Norme<\/th><\/tr><\/thead><tbody><tr><td class=\"px-sm border-subtler min-w-[48px] break-normal border-b border-r\">0-15 mesi<\/td><td class=\"px-sm border-subtler min-w-[48px] break-normal border-b border-r\">0-13 kg<\/td><td class=\"px-sm border-subtler min-w-[48px] break-normal border-b border-r\">Seggiolino ISOFIX<\/td><td class=\"px-sm border-subtler min-w-[48px] break-normal border-b border-r\">ECE R44\/04 + i-Size<\/td><\/tr><tr><td class=\"px-sm border-subtler min-w-[48px] break-normal border-b border-r\">15-36 mesi<\/td><td class=\"px-sm border-subtler min-w-[48px] break-normal border-b border-r\">9-18 kg<\/td><td class=\"px-sm border-subtler min-w-[48px] break-normal border-b border-r\">Sedile girevole a 360\u00b0<\/td><td class=\"px-sm border-subtler min-w-[48px] break-normal border-b border-r\">ECE R44\/04 + i-Size<\/td><\/tr><tr><td class=\"px-sm border-subtler min-w-[48px] break-normal border-b border-r\">3-12 anni<\/td><td class=\"px-sm border-subtler min-w-[48px] break-normal border-b border-r\">15-36 kg<\/td><td class=\"px-sm border-subtler min-w-[48px] break-normal border-b border-r\">Rialzo ISOFIX<\/td><td class=\"px-sm border-subtler min-w-[48px] break-normal border-b border-r\">ECE R44\/04 + i-Size<\/td><\/tr><tr><td class=\"px-sm border-subtler min-w-[48px] break-normal border-b border-r\">6-12 anni<\/td><td class=\"px-sm border-subtler min-w-[48px] break-normal border-b border-r\">22-36 kg<\/td><td class=\"px-sm border-subtler min-w-[48px] break-normal border-b border-r\">Rialzo semplice<\/td><td class=\"px-sm border-subtler min-w-[48px] break-normal border-b border-r\">ECE R44\/04<\/td><\/tr><\/tbody><\/table><\/div><div class=\"bg-base border-subtler shadow-subtle pointer-coarse:opacity-100 right-xs absolute bottom-0 flex rounded-lg border opacity-0 transition-opacity group-hover:opacity-100 [&amp;&gt;*:not(:first-child)]:border-subtle [&amp;&gt;*:not(:first-child)]:border-l\"><div class=\"flex\">\u00a0<\/div><div class=\"flex\">\u00a0<\/div><\/div><\/div><p class=\"my-2 [&amp;+p]:mt-4 [&amp;_strong:has(+br)]:inline-block [&amp;_strong:has(+br)]:pb-2\">Installazione verificata ad ogni viaggio, cinture regolate in base alla morfologia del bambino. Nessun compromesso sulla sicurezza.<\/p><h2 id=\"espace-gnreux-pour-bagages--poussette\" class=\"mb-2 mt-4 font-display font-semimedium text-base first:mt-0 md:text-lg [hr+&amp;]:mt-4\">Ampio spazio per bagagli e passeggini<\/h2><p class=\"my-2 [&amp;+p]:mt-4 [&amp;_strong:has(+br)]:inline-block [&amp;_strong:has(+br)]:pb-2\">La Mercedes Classe V offre\u00a0<strong>620 litri di bagagliaio<\/strong>\u00a0con sedili sollevati, estendibile a\u00a0<strong>1860 litri<\/strong>\u00a0se necessario. Passeggino triplo piegato? Nessun problema. Valigie + zaini? Tutto entra comodamente senza ingombrare l'abitacolo dei passeggeri.<\/p><p class=\"my-2 [&amp;+p]:mt-4 [&amp;_strong:has(+br)]:inline-block [&amp;_strong:has(+br)]:pb-2\"><strong>Capacit\u00e0 bagagli famiglia:<\/strong><\/p><ul class=\"marker:text-quiet list-disc\"><li class=\"py-0 my-0 prose-p:pt-0 prose-p:mb-2 prose-p:my-0 [&amp;&gt;p]:pt-0 [&amp;&gt;p]:mb-2 [&amp;&gt;p]:my-0\"><p class=\"my-2 [&amp;+p]:mt-4 [&amp;_strong:has(+br)]:inline-block [&amp;_strong:has(+br)]:pb-2\">3 valigie grandi (24\u2033 ciascuna)<\/p><\/li><li class=\"py-0 my-0 prose-p:pt-0 prose-p:mb-2 prose-p:my-0 [&amp;&gt;p]:pt-0 [&amp;&gt;p]:mb-2 [&amp;&gt;p]:my-0\"><p class=\"my-2 [&amp;+p]:mt-4 [&amp;_strong:has(+br)]:inline-block [&amp;_strong:has(+br)]:pb-2\">1 passeggino piegato<\/p><\/li><li class=\"py-0 my-0 prose-p:pt-0 prose-p:mb-2 prose-p:my-0 [&amp;&gt;p]:pt-0 [&amp;&gt;p]:mb-2 [&amp;&gt;p]:my-0\"><p class=\"my-2 [&amp;+p]:mt-4 [&amp;_strong:has(+br)]:inline-block [&amp;_strong:has(+br)]:pb-2\">4-5 zaini o bagagli piccoli<\/p><\/li><li class=\"py-0 my-0 prose-p:pt-0 prose-p:mb-2 prose-p:my-0 [&amp;&gt;p]:pt-0 [&amp;&gt;p]:mb-2 [&amp;&gt;p]:my-0\"><p class=\"my-2 [&amp;+p]:mt-4 [&amp;_strong:has(+br)]:inline-block [&amp;_strong:has(+br)]:pb-2\">Seggiolino portatile + accessori<\/p><\/li><li class=\"py-0 my-0 prose-p:pt-0 prose-p:mb-2 prose-p:my-0 [&amp;&gt;p]:pt-0 [&amp;&gt;p]:mb-2 [&amp;&gt;p]:my-0\"><p class=\"my-2 [&amp;+p]:mt-4 [&amp;_strong:has(+br)]:inline-block [&amp;_strong:has(+br)]:pb-2\">Seggiolone da viaggio (se necessario)<\/p><\/li><\/ul><p class=\"my-2 [&amp;+p]:mt-4 [&amp;_strong:has(+br)]:inline-block [&amp;_strong:has(+br)]:pb-2\">Disposizione flessibile: organizziamo lo spazio in base alle vostre esigenze. Facile accesso agli articoli per neonati durante il viaggio (pannolini, biberon, giocattoli).<\/p><h2 id=\"confort-enfants-jouets-snacks-divertissement\" class=\"mb-2 mt-4 font-display font-semimedium text-base first:mt-0 md:text-lg [hr+&amp;]:mt-4\">\u00a0<\/h2><h2 id=\"comment-rserver-en-famille\" class=\"mb-2 mt-4 font-display font-semimedium text-base first:mt-0 md:text-lg [hr+&amp;]:mt-4\"><span style=\"font-family: inherit; font-size: 3rem;\">FAQ Famiglia \u2013 Domande frequenti dei genitori<\/span><\/h2><p class=\"my-2 [&amp;+p]:mt-4 [&amp;_strong:has(+br)]:inline-block [&amp;_strong:has(+br)]:pb-2\"><strong>D: Il seggiolino auto ISOFIX \u00e8 adatto al mio seggiolino personale?<\/strong><br \/>R: No, ISOFIX \u00e8 uno standard mondiale unificato. Il nostro seggiolino ISOFIX rimane a bordo. Se preferisci il tuo seggiolino, portalo con te; il nostro autista lo installer\u00e0 con la cintura a 3 punti (meno consigliabile ma possibile).<\/p><p class=\"my-2 [&amp;+p]:mt-4 [&amp;_strong:has(+br)]:inline-block [&amp;_strong:has(+br)]:pb-2\"><strong>D: Qual \u00e8 la vostra politica in caso di pianto prolungato del bambino?<\/strong><br \/>R: Nessun giudizio. \u00c8 normale che i bambini piangano. Autista esperto nella gestione dei bambini, percorso che evita le zone molto rumorose, soste rapide se \u00e8 necessario cambiare il pannolino o allattare.<\/p><p class=\"my-2 [&amp;+p]:mt-4 [&amp;_strong:has(+br)]:inline-block [&amp;_strong:has(+br)]:pb-2\"><strong>D: Utilizzate davvero un sistema di climatizzazione \u00abdelicato\u00bb o si tratta solo di una strategia di marketing?<\/strong><br \/>R: S\u00ec, davvero. Temperatura stabile 20-22 \u00b0C, variazione graduale (nessuno shock termico), uscita dell'aria diretta verso la parte anteriore (esclusi i seggiolini per bambini). Testato dai genitori.<\/p><p class=\"my-2 [&amp;+p]:mt-4 [&amp;_strong:has(+br)]:inline-block [&amp;_strong:has(+br)]:pb-2\"><strong>D: Quanto tempo occorre per percorrere il tragitto dall'aeroporto al centro citt\u00e0 con bambini che dormono?<\/strong><br \/>R: 10-15 minuti a seconda del traffico, scegliendo strade meno trafficate per non svegliare nessuno. Vi invieremo un SMS quando saremo vicini a casa vostra.<\/p>\t\t\t\t\t\t\t\t<\/div>\n\t\t\t\t<div class=\"elementor-element elementor-element-b5e5fde elementor-align-center elementor-widget elementor-widget-button\" data-id=\"b5e5fde\" data-element_type=\"widget\" data-e-type=\"widget\" data-widget_type=\"button.default\">\n\t\t\t\t\t\t\t\t\t\t<a class=\"elementor-button elementor-button-link elementor-size-sm\" href=\"https:\/\/geneva-airport-taxi.bellaetco.ch\/it\/reserver-une-course\/\">\n\t\t\t\t\t\t<span class=\"elementor-button-content-wrapper\">\n\t\t\t\t\t\t\t\t\t<span class=\"elementor-button-text\">Prenotare una corsa <\/span>\n\t\t\t\t\t<\/span>\n\t\t\t\t\t<\/a>\n\t\t\t\t\t\t\t\t<\/div>\n\t\t\t\t<\/div>\n\t\t\t\t\t<\/div>\n\t\t\t\t<\/div>\n\t\t\t\t<\/div>","protected":false},"excerpt":{"rendered":"<p>Service de taxi pour famille Voyager en famille vers Gen\u00e8ve m\u00e9rite plus qu&rsquo;un simple taxi. Nos Mercedes V-Class offrent espace g\u00e9n\u00e9reux, confort premium et s\u00e9curit\u00e9 garantie pour vos enfants. Si\u00e8ge auto homologu\u00e9 inclus, tarifs r\u00e9duits en groupe : tout ce qu&rsquo;il faut pour un transfert sans stress. R\u00e9server une course Services Famille &#8211; Confort Garanti [&hellip;]<\/p>","protected":false},"author":2,"featured_media":0,"parent":0,"menu_order":0,"comment_status":"closed","ping_status":"closed","template":"","meta":{"_joinchat":[],"footnotes":""},"class_list":["post-23742","page","type-page","status-publish","hentry"],"_links":{"self":[{"href":"https:\/\/geneva-airport-taxi.bellaetco.ch\/it\/wp-json\/wp\/v2\/pages\/23742","targetHints":{"allow":["GET"]}}],"collection":[{"href":"https:\/\/geneva-airport-taxi.bellaetco.ch\/it\/wp-json\/wp\/v2\/pages"}],"about":[{"href":"https:\/\/geneva-airport-taxi.bellaetco.ch\/it\/wp-json\/wp\/v2\/types\/page"}],"author":[{"embeddable":true,"href":"https:\/\/geneva-airport-taxi.bellaetco.ch\/it\/wp-json\/wp\/v2\/users\/2"}],"replies":[{"embeddable":true,"href":"https:\/\/geneva-airport-taxi.bellaetco.ch\/it\/wp-json\/wp\/v2\/comments?post=23742"}],"version-history":[{"count":12,"href":"https:\/\/geneva-airport-taxi.bellaetco.ch\/it\/wp-json\/wp\/v2\/pages\/23742\/revisions"}],"predecessor-version":[{"id":23920,"href":"https:\/\/geneva-airport-taxi.bellaetco.ch\/it\/wp-json\/wp\/v2\/pages\/23742\/revisions\/23920"}],"wp:attachment":[{"href":"https:\/\/geneva-airport-taxi.bellaetco.ch\/it\/wp-json\/wp\/v2\/media?parent=23742"}],"curies":[{"name":"wp","href":"https:\/\/api.w.org\/{rel}","templated":true}]}}