{"id":23749,"date":"2025-12-03T22:04:01","date_gmt":"2025-12-03T21:04:01","guid":{"rendered":"https:\/\/geneva-airport-taxi.bellaetco.ch\/?page_id=23749"},"modified":"2025-12-04T15:41:13","modified_gmt":"2025-12-04T14:41:13","slug":"taxi-gare-cornavin-geneve","status":"publish","type":"page","link":"https:\/\/geneva-airport-taxi.bellaetco.ch\/it\/taxi-gare-cornavin-geneve\/","title":{"rendered":"Taxi Stazione Cornavin Ginevra"},"content":{"rendered":"<div data-elementor-type=\"wp-page\" data-elementor-id=\"23749\" class=\"elementor elementor-23749\" data-elementor-post-type=\"page\">\n\t\t\t\t<div class=\"elementor-element elementor-element-9efc511 e-flex e-con-boxed e-con e-parent\" data-id=\"9efc511\" data-element_type=\"container\" data-e-type=\"container\" data-settings=\"{&quot;background_background&quot;:&quot;classic&quot;}\">\n\t\t\t\t\t<div class=\"e-con-inner\">\n\t\t<div class=\"elementor-element elementor-element-f03e132 e-con-full e-flex e-con e-child\" data-id=\"f03e132\" data-element_type=\"container\" data-e-type=\"container\">\n\t\t\t\t<div class=\"elementor-element elementor-element-3475346 elementor-widget elementor-widget-heading\" data-id=\"3475346\" data-element_type=\"widget\" data-e-type=\"widget\" data-widget_type=\"heading.default\">\n\t\t\t\t\t<h1 class=\"elementor-heading-title elementor-size-default\">Taxi Stazione Cornavin Ginevra<\/h1>\t\t\t\t<\/div>\n\t\t\t\t<div class=\"elementor-element elementor-element-c603c52 elementor-widget elementor-widget-text-editor\" data-id=\"c603c52\" data-element_type=\"widget\" data-e-type=\"widget\" data-widget_type=\"text-editor.default\">\n\t\t\t\t\t\t\t\t\t<p class=\"my-2 [&amp;+p]:mt-4 [&amp;_strong:has(+br)]:inline-block [&amp;_strong:has(+br)]:pb-2\">Alla stazione Cornavin di Ginevra avete bisogno di un trasferimento rapido e affidabile? I nostri taxi professionali sono sempre disponibili per accogliervi e accompagnarvi a destinazione. Che arriviate in treno o abbiate una partenza prevista, i nostri autisti esperti garantiscono un servizio puntuale, confortevole e senza stress.<\/p><p class=\"my-2 [&amp;+p]:mt-4 [&amp;_strong:has(+br)]:inline-block [&amp;_strong:has(+br)]:pb-2\">Il nostro servizio taxi dalla stazione ferroviaria di Ginevra offre tariffe trasparenti e un'accoglienza personalizzata. Nessuna sorpresa sul prezzo, nessuna deviazione inutile: solo un viaggio efficiente e professionale.<\/p>\t\t\t\t\t\t\t\t<\/div>\n\t\t\t\t<div class=\"elementor-element elementor-element-5e94e03 elementor-align-left elementor-tablet-align-center elementor-widget elementor-widget-button\" data-id=\"5e94e03\" data-element_type=\"widget\" data-e-type=\"widget\" data-widget_type=\"button.default\">\n\t\t\t\t\t\t\t\t\t\t<a class=\"elementor-button elementor-button-link elementor-size-sm\" href=\"https:\/\/geneva-airport-taxi.bellaetco.ch\/it\/reserver-une-course\/\">\n\t\t\t\t\t\t<span class=\"elementor-button-content-wrapper\">\n\t\t\t\t\t\t\t\t\t<span class=\"elementor-button-text\">Prenotare una corsa <\/span>\n\t\t\t\t\t<\/span>\n\t\t\t\t\t<\/a>\n\t\t\t\t\t\t\t\t<\/div>\n\t\t\t\t<\/div>\n\t\t\t\t\t<\/div>\n\t\t\t\t<\/div>\n\t\t<div class=\"elementor-element elementor-element-6f87ad2 e-flex e-con-boxed e-con e-parent\" data-id=\"6f87ad2\" data-element_type=\"container\" data-e-type=\"container\">\n\t\t\t\t\t<div class=\"e-con-inner\">\n\t\t<div class=\"elementor-element elementor-element-f915dc5 e-con-full e-flex e-con e-child\" data-id=\"f915dc5\" data-element_type=\"container\" data-e-type=\"container\">\n\t\t<div class=\"elementor-element elementor-element-7946b57 e-con-full e-flex e-con e-child\" data-id=\"7946b57\" data-element_type=\"container\" data-e-type=\"container\">\n\t\t\t\t<div class=\"elementor-element elementor-element-aaff24c elementor-widget elementor-widget-image\" data-id=\"aaff24c\" data-element_type=\"widget\" data-e-type=\"widget\" data-widget_type=\"image.default\">\n\t\t\t\t\t\t\t\t\t\t\t\t\t\t\t<img fetchpriority=\"high\" decoding=\"async\" width=\"800\" height=\"418\" src=\"https:\/\/geneva-airport-taxi.bellaetco.ch\/wp-content\/uploads\/2025\/12\/gat-1024x535.jpg\" class=\"attachment-large size-large wp-image-12300\" alt=\"Chauffeur en train d&#039;attendre un client \u00e0 l&#039;a\u00e9ropor de Gen\u00e8ve\" srcset=\"https:\/\/geneva-airport-taxi.bellaetco.ch\/wp-content\/uploads\/2025\/12\/gat-1024x535.jpg 1024w, https:\/\/geneva-airport-taxi.bellaetco.ch\/wp-content\/uploads\/2025\/12\/gat-300x157.jpg 300w, https:\/\/geneva-airport-taxi.bellaetco.ch\/wp-content\/uploads\/2025\/12\/gat-768x401.jpg 768w, https:\/\/geneva-airport-taxi.bellaetco.ch\/wp-content\/uploads\/2025\/12\/gat-460x240.jpg 460w, https:\/\/geneva-airport-taxi.bellaetco.ch\/wp-content\/uploads\/2025\/12\/gat-800x418.jpg 800w, https:\/\/geneva-airport-taxi.bellaetco.ch\/wp-content\/uploads\/2025\/12\/gat-600x314.jpg 600w, https:\/\/geneva-airport-taxi.bellaetco.ch\/wp-content\/uploads\/2025\/12\/gat.jpg 1200w\" sizes=\"(max-width: 800px) 100vw, 800px\" \/>\t\t\t\t\t\t\t\t\t\t\t\t\t\t\t<\/div>\n\t\t\t\t<\/div>\n\t\t<div class=\"elementor-element elementor-element-16a1f3c e-con-full e-flex e-con e-child\" data-id=\"16a1f3c\" data-element_type=\"container\" data-e-type=\"container\">\n\t\t\t\t<div class=\"elementor-element elementor-element-18f19d6 elementor-widget elementor-widget-heading\" data-id=\"18f19d6\" data-element_type=\"widget\" data-e-type=\"widget\" data-widget_type=\"heading.default\">\n\t\t\t\t\t<h2 class=\"elementor-heading-title elementor-size-default\"> Servizi di trasferimento dalla stazione ferroviaria Cornavin<\/h2>\t\t\t\t<\/div>\n\t\t\t\t<div class=\"elementor-element elementor-element-1a8b08e elementor-widget elementor-widget-text-editor\" data-id=\"1a8b08e\" data-element_type=\"widget\" data-e-type=\"widget\" data-widget_type=\"text-editor.default\">\n\t\t\t\t\t\t\t\t\t<p class=\"my-2 [&amp;+p]:mt-4 [&amp;_strong:has(+br)]:inline-block [&amp;_strong:has(+br)]:pb-2\">La stazione Cornavin di Ginevra \u00e8 un importante snodo dei trasporti. Che arriviate da Zurigo, Basilea, Berna o dalla Francia, i nostri autisti saranno pronti ad accogliervi al vostro arrivo sui binari. Grazie alla nostra presenza costante in stazione, vi garantiamo che non dovrete mai attendere a lungo.<\/p><p class=\"my-2 [&amp;+p]:mt-4 [&amp;_strong:has(+br)]:inline-block [&amp;_strong:has(+br)]:pb-2\">I nostri servizi includono:<\/p><p class=\"my-2 [&amp;+p]:mt-4 [&amp;_strong:has(+br)]:inline-block [&amp;_strong:has(+br)]:pb-2\">\u2713 Trasferimento dalla stazione ferroviaria all'aeroporto di Ginevra (trasferimento rapido, 15-20 minuti)<br \/>\u2713 Trasferimento dalla stazione ferroviaria all'hotel o al centro citt\u00e0<br \/>\u2713 Trasferimento dalla stazione ferroviaria alle stazioni sciistiche (Verbier, Zermatt, Chamonix)<br \/>\u2713 Trasferimento dalla stazione ferroviaria verso la Francia (Lione, Chamb\u00e9ry, \u00c9vian)<br \/>\u2713 Servizio per gruppi fino a 7 persone<br \/>\u2713 Assistenza bagagli inclusa<br \/>\u2713 Disponibilit\u00e0 24 ore su 24<\/p>\t\t\t\t\t\t\t\t<\/div>\n\t\t\t\t<div class=\"elementor-element elementor-element-dff2178 elementor-align-left elementor-mobile-align-center elementor-widget elementor-widget-button\" data-id=\"dff2178\" data-element_type=\"widget\" data-e-type=\"widget\" data-widget_type=\"button.default\">\n\t\t\t\t\t\t\t\t\t\t<a class=\"elementor-button elementor-button-link elementor-size-sm\" href=\"https:\/\/geneva-airport-taxi.bellaetco.ch\/it\/reserver-une-course\/\">\n\t\t\t\t\t\t<span class=\"elementor-button-content-wrapper\">\n\t\t\t\t\t\t\t\t\t<span class=\"elementor-button-text\">Prenotare una corsa <\/span>\n\t\t\t\t\t<\/span>\n\t\t\t\t\t<\/a>\n\t\t\t\t\t\t\t\t<\/div>\n\t\t\t\t<\/div>\n\t\t\t\t<\/div>\n\t\t<div class=\"elementor-element elementor-element-84d96be e-con-full e-flex e-con e-child\" data-id=\"84d96be\" data-element_type=\"container\" data-e-type=\"container\">\n\t\t\t\t<div class=\"elementor-element elementor-element-74537e7 elementor-widget elementor-widget-text-editor\" data-id=\"74537e7\" data-element_type=\"widget\" data-e-type=\"widget\" data-widget_type=\"text-editor.default\">\n\t\t\t\t\t\t\t\t\t<h2>Perch\u00e9 scegliere il nostro taxi alla stazione Cornavin?<\/h2>\n<h4>Servizio affidabile e professionale<\/h4>\n<p class=\"my-2 [&amp;+p]:mt-4 [&amp;_strong:has(+br)]:inline-block [&amp;_strong:has(+br)]:pb-2\">I nostri autisti conoscono perfettamente la stazione Cornavin e i percorsi migliori per condurvi rapidamente a destinazione. Tutti i nostri autisti sono formati per offrire un servizio clienti di alta qualit\u00e0.<\/p>\n<h4>Puntualit\u00e0 garantita<\/h4>\n<p class=\"my-2 [&amp;+p]:mt-4 [&amp;_strong:has(+br)]:inline-block [&amp;_strong:has(+br)]:pb-2\">Siamo consapevoli che gli orari dei treni sono rigidi. I nostri autisti monitorano gli arrivi dei treni in tempo reale e saranno pronti ad accogliervi non appena varcherete i cancelli della stazione.<\/p>\n<p class=\"my-2 [&amp;+p]:mt-4 [&amp;_strong:has(+br)]:inline-block [&amp;_strong:has(+br)]:pb-2\"><h4>Tariffe trasparenti e competitive<\/h4>Nessun costo nascosto. Le nostre tariffe sono stabilite in anticipo per offrirti la massima tranquillit\u00e0. Pagherai esattamente il prezzo concordato, n\u00e9 pi\u00f9 n\u00e9 meno.<\/p>\n<h4>Comfort e sicurezza<\/h4>\n<p class=\"my-2 [&amp;+p]:mt-4 [&amp;_strong:has(+br)]:inline-block [&amp;_strong:has(+br)]:pb-2\">La nostra flotta comprende comode Mercedes Classe E, spaziose Mercedes Classe V ed ecologiche Toyota Prius. Tutti i nostri veicoli sono impeccabili e sottoposti a manutenzione secondo i pi\u00f9 elevati standard di sicurezza.<\/p>\n<p><\/p>\n<h2>Come prenotare il tuo taxi alla stazione ferroviaria di Ginevra<\/h2>\n<p class=\"my-2 [&amp;+p]:mt-4 [&amp;_strong:has(+br)]:inline-block [&amp;_strong:has(+br)]:pb-2\"><strong>Opzione 1: Telefonata (prioritaria)<\/strong><br>Chiamate direttamente il numero +41 78 659 91 15. Il nostro team vi confermer\u00e0 immediatamente la disponibilit\u00e0 e il prezzo.<\/p>\n<p class=\"my-2 [&amp;+p]:mt-4 [&amp;_strong:has(+br)]:inline-block [&amp;_strong:has(+br)]:pb-2\"><strong>Opzione 2: Modulo online<\/strong><br>Compila il nostro modulo di prenotazione con i dettagli del tuo volo\/treno. Ti contatteremo per confermare.<\/p>\n<h2>Domande frequenti \u2013 Taxi Stazione Cornavin<\/h2>\n<p class=\"my-2 [&amp;+p]:mt-4 [&amp;_strong:has(+br)]:inline-block [&amp;_strong:has(+br)]:pb-2\"><h4><strong>Dove mi cercate alla stazione?<\/strong><\/h4>Vi aspettiamo alla zona taxi ufficiale della stazione Cornavin. Comunicateci la vostra posizione esatta (binario, uscita) al momento della prenotazione e vi aspetteremo nel punto di incontro concordato.<\/p>\n<p class=\"my-2 [&amp;+p]:mt-4 [&amp;_strong:has(+br)]:inline-block [&amp;_strong:has(+br)]:pb-2\"><h4><strong>Qual \u00e8 il tempo medio di attesa dalla stazione ferroviaria all'aeroporto?<\/strong><\/h4>Considerate dai 15 ai 20 minuti in condizioni di traffico normali. Nelle ore di punta, dai 20 ai 30 minuti.<\/p>\n<p class=\"my-2 [&amp;+p]:mt-4 [&amp;_strong:has(+br)]:inline-block [&amp;_strong:has(+br)]:pb-2\"><h4><strong>Potete portare i miei bagagli?<\/strong><\/h4>Assolutamente s\u00ec. I nostri autisti vi aiutano a caricare e scaricare tutti i vostri bagagli senza costi aggiuntivi.<\/p>\n<p class=\"my-2 [&amp;+p]:mt-4 [&amp;_strong:has(+br)]:inline-block [&amp;_strong:has(+br)]:pb-2\"><h4><strong>\u00c8 possibile fare delle soste lungo il percorso?<\/strong><\/h4>S\u00ec, \u00e8 possibile aggiungere fino a tre fermate supplementari. Ci\u00f2 comporter\u00e0 un supplemento di tempo in base alla tariffa applicabile.<\/p>\n<p class=\"my-2 [&amp;+p]:mt-4 [&amp;_strong:has(+br)]:inline-block [&amp;_strong:has(+br)]:pb-2\"><h4><strong>Accettate carte di credito?<\/strong><\/h4>S\u00ec, accettiamo carte Visa, Mastercard e Amex. \u00c8 possibile pagare anche in contanti.<\/p>\n<p class=\"my-2 [&amp;+p]:mt-4 [&amp;_strong:has(+br)]:inline-block [&amp;_strong:has(+br)]:pb-2\"><h4><strong>\u00c8 possibile viaggiare con i bambini?<\/strong><\/h4>Certamente. Seggiolini e rialzi per bambini sono disponibili gratuitamente su richiesta.<\/p>\t\t\t\t\t\t\t\t<\/div>\n\t\t\t\t<div class=\"elementor-element elementor-element-7bc7ef6 elementor-align-left elementor-mobile-align-center elementor-widget elementor-widget-button\" data-id=\"7bc7ef6\" data-element_type=\"widget\" data-e-type=\"widget\" data-widget_type=\"button.default\">\n\t\t\t\t\t\t\t\t\t\t<a class=\"elementor-button elementor-button-link elementor-size-sm\" href=\"https:\/\/geneva-airport-taxi.bellaetco.ch\/it\/reserver-une-course\/\">\n\t\t\t\t\t\t<span class=\"elementor-button-content-wrapper\">\n\t\t\t\t\t\t\t\t\t<span class=\"elementor-button-text\">Prenotare una corsa <\/span>\n\t\t\t\t\t<\/span>\n\t\t\t\t\t<\/a>\n\t\t\t\t\t\t\t\t<\/div>\n\t\t\t\t<\/div>\n\t\t\t\t\t<\/div>\n\t\t\t\t<\/div>\n\t\t\t\t<\/div>","protected":false},"excerpt":{"rendered":"<p>\u00c0 la gare Cornavin de Gen\u00e8ve, vous avez besoin d&rsquo;un transfert rapide et fiable ? Nos taxis professionnels sont disponibles \u00e0 chaque instant pour vous accueillir et vous conduire vers votre destination. Que vous arriviez en train ou que vous ayez un d\u00e9part pr\u00e9vu, nos chauffeurs exp\u00e9riment\u00e9s garantissent un service ponctuel, confortable et sans stress. [&hellip;]<\/p>","protected":false},"author":2,"featured_media":0,"parent":0,"menu_order":0,"comment_status":"closed","ping_status":"closed","template":"","meta":{"_joinchat":[],"footnotes":""},"class_list":["post-23749","page","type-page","status-publish","hentry"],"_links":{"self":[{"href":"https:\/\/geneva-airport-taxi.bellaetco.ch\/it\/wp-json\/wp\/v2\/pages\/23749","targetHints":{"allow":["GET"]}}],"collection":[{"href":"https:\/\/geneva-airport-taxi.bellaetco.ch\/it\/wp-json\/wp\/v2\/pages"}],"about":[{"href":"https:\/\/geneva-airport-taxi.bellaetco.ch\/it\/wp-json\/wp\/v2\/types\/page"}],"author":[{"embeddable":true,"href":"https:\/\/geneva-airport-taxi.bellaetco.ch\/it\/wp-json\/wp\/v2\/users\/2"}],"replies":[{"embeddable":true,"href":"https:\/\/geneva-airport-taxi.bellaetco.ch\/it\/wp-json\/wp\/v2\/comments?post=23749"}],"version-history":[{"count":17,"href":"https:\/\/geneva-airport-taxi.bellaetco.ch\/it\/wp-json\/wp\/v2\/pages\/23749\/revisions"}],"predecessor-version":[{"id":23908,"href":"https:\/\/geneva-airport-taxi.bellaetco.ch\/it\/wp-json\/wp\/v2\/pages\/23749\/revisions\/23908"}],"wp:attachment":[{"href":"https:\/\/geneva-airport-taxi.bellaetco.ch\/it\/wp-json\/wp\/v2\/media?parent=23749"}],"curies":[{"name":"wp","href":"https:\/\/api.w.org\/{rel}","templated":true}]}}