{"id":23799,"date":"2025-12-04T13:07:38","date_gmt":"2025-12-04T12:07:38","guid":{"rendered":"https:\/\/geneva-airport-taxi.bellaetco.ch\/?page_id=23799"},"modified":"2025-12-04T15:41:05","modified_gmt":"2025-12-04T14:41:05","slug":"transferts-ski-montagne","status":"publish","type":"page","link":"https:\/\/geneva-airport-taxi.bellaetco.ch\/it\/transferts-ski-montagne\/","title":{"rendered":"Transferts ski &amp; montagne"},"content":{"rendered":"<div data-elementor-type=\"wp-page\" data-elementor-id=\"23799\" class=\"elementor elementor-23799\" data-elementor-post-type=\"page\">\n\t\t\t\t<div class=\"elementor-element elementor-element-9efc511 e-flex e-con-boxed e-con e-parent\" data-id=\"9efc511\" data-element_type=\"container\" data-e-type=\"container\" data-settings=\"{&quot;background_background&quot;:&quot;classic&quot;}\">\n\t\t\t\t\t<div class=\"e-con-inner\">\n\t\t<div class=\"elementor-element elementor-element-f03e132 e-con-full e-flex e-con e-child\" data-id=\"f03e132\" data-element_type=\"container\" data-e-type=\"container\">\n\t\t\t\t<div class=\"elementor-element elementor-element-3475346 elementor-widget elementor-widget-heading\" data-id=\"3475346\" data-element_type=\"widget\" data-e-type=\"widget\" data-widget_type=\"heading.default\">\n\t\t\t\t\t<h1 class=\"elementor-heading-title elementor-size-default\">Trasferimento in taxi verso le stazioni sciistiche dall'aeroporto di Ginevra<\/h1>\t\t\t\t<\/div>\n\t\t\t\t<div class=\"elementor-element elementor-element-c603c52 elementor-widget elementor-widget-text-editor\" data-id=\"c603c52\" data-element_type=\"widget\" data-e-type=\"widget\" data-widget_type=\"text-editor.default\">\n\t\t\t\t\t\t\t\t\t<p class=\"my-2 [&amp;+p]:mt-4 [&amp;_strong:has(+br)]:inline-block [&amp;_strong:has(+br)]:pb-2\">Iniziate la vostra vacanza in montagna in tutta tranquillit\u00e0: veicoli adeguati, autisti esperti e trasporto gratuito delle vostre attrezzature.<\/p>\t\t\t\t\t\t\t\t<\/div>\n\t\t\t\t<div class=\"elementor-element elementor-element-5e94e03 elementor-align-left elementor-tablet-align-center elementor-widget elementor-widget-button\" data-id=\"5e94e03\" data-element_type=\"widget\" data-e-type=\"widget\" data-widget_type=\"button.default\">\n\t\t\t\t\t\t\t\t\t\t<a class=\"elementor-button elementor-button-link elementor-size-sm\" href=\"https:\/\/geneva-airport-taxi.bellaetco.ch\/it\/reserver-une-course\/\">\n\t\t\t\t\t\t<span class=\"elementor-button-content-wrapper\">\n\t\t\t\t\t\t\t\t\t<span class=\"elementor-button-text\">Prenotare una corsa <\/span>\n\t\t\t\t\t<\/span>\n\t\t\t\t\t<\/a>\n\t\t\t\t\t\t\t\t<\/div>\n\t\t\t\t<\/div>\n\t\t\t\t\t<\/div>\n\t\t\t\t<\/div>\n\t\t<div class=\"elementor-element elementor-element-6f87ad2 e-flex e-con-boxed e-con e-parent\" data-id=\"6f87ad2\" data-element_type=\"container\" data-e-type=\"container\">\n\t\t\t\t\t<div class=\"e-con-inner\">\n\t\t<div class=\"elementor-element elementor-element-f915dc5 e-con-full e-flex e-con e-child\" data-id=\"f915dc5\" data-element_type=\"container\" data-e-type=\"container\">\n\t\t<div class=\"elementor-element elementor-element-7946b57 e-con-full e-flex e-con e-child\" data-id=\"7946b57\" data-element_type=\"container\" data-e-type=\"container\">\n\t\t\t\t<div class=\"elementor-element elementor-element-aaff24c elementor-widget elementor-widget-image\" data-id=\"aaff24c\" data-element_type=\"widget\" data-e-type=\"widget\" data-widget_type=\"image.default\">\n\t\t\t\t\t\t\t\t\t\t\t\t\t\t\t<img fetchpriority=\"high\" decoding=\"async\" width=\"800\" height=\"418\" src=\"https:\/\/geneva-airport-taxi.bellaetco.ch\/wp-content\/uploads\/2025\/12\/gat-1024x535.jpg\" class=\"attachment-large size-large wp-image-12300\" alt=\"Chauffeur en train d&#039;attendre un client \u00e0 l&#039;a\u00e9ropor de Gen\u00e8ve\" srcset=\"https:\/\/geneva-airport-taxi.bellaetco.ch\/wp-content\/uploads\/2025\/12\/gat-1024x535.jpg 1024w, https:\/\/geneva-airport-taxi.bellaetco.ch\/wp-content\/uploads\/2025\/12\/gat-300x157.jpg 300w, https:\/\/geneva-airport-taxi.bellaetco.ch\/wp-content\/uploads\/2025\/12\/gat-768x401.jpg 768w, https:\/\/geneva-airport-taxi.bellaetco.ch\/wp-content\/uploads\/2025\/12\/gat-460x240.jpg 460w, https:\/\/geneva-airport-taxi.bellaetco.ch\/wp-content\/uploads\/2025\/12\/gat-800x418.jpg 800w, https:\/\/geneva-airport-taxi.bellaetco.ch\/wp-content\/uploads\/2025\/12\/gat-600x314.jpg 600w, https:\/\/geneva-airport-taxi.bellaetco.ch\/wp-content\/uploads\/2025\/12\/gat.jpg 1200w\" sizes=\"(max-width: 800px) 100vw, 800px\" \/>\t\t\t\t\t\t\t\t\t\t\t\t\t\t\t<\/div>\n\t\t\t\t<\/div>\n\t\t<div class=\"elementor-element elementor-element-16a1f3c e-con-full e-flex e-con e-child\" data-id=\"16a1f3c\" data-element_type=\"container\" data-e-type=\"container\">\n\t\t\t\t<div class=\"elementor-element elementor-element-18f19d6 elementor-widget elementor-widget-heading\" data-id=\"18f19d6\" data-element_type=\"widget\" data-e-type=\"widget\" data-widget_type=\"heading.default\">\n\t\t\t\t\t<h2 class=\"elementor-heading-title elementor-size-default\">Il tuo percorso verso le vette inizia qui<\/h2>\t\t\t\t<\/div>\n\t\t\t\t<div class=\"elementor-element elementor-element-1a8b08e elementor-widget elementor-widget-text-editor\" data-id=\"1a8b08e\" data-element_type=\"widget\" data-e-type=\"widget\" data-widget_type=\"text-editor.default\">\n\t\t\t\t\t\t\t\t\t<p data-path-to-node=\"8\">Non perdete nemmeno un minuto delle vostre vacanze aspettando l'autobus o trasportando i bagagli in treno. Non appena atterrate all'aeroporto di Ginevra (GVA), <b>Taxi dall'aeroporto di Ginevra<\/b> prende il testimone per condurvi direttamente ai piedi del vostro chalet o del vostro hotel.<\/p><p data-path-to-node=\"9\">Che tu voglia sciare in Svizzera, Francia o Italia, ti garantiamo un collegamento comodo, sicuro e puntuale.<\/p>\t\t\t\t\t\t\t\t<\/div>\n\t\t\t\t<div class=\"elementor-element elementor-element-dff2178 elementor-align-left elementor-mobile-align-center elementor-widget elementor-widget-button\" data-id=\"dff2178\" data-element_type=\"widget\" data-e-type=\"widget\" data-widget_type=\"button.default\">\n\t\t\t\t\t\t\t\t\t\t<a class=\"elementor-button elementor-button-link elementor-size-sm\" href=\"https:\/\/geneva-airport-taxi.bellaetco.ch\/it\/reserver-une-course\/\">\n\t\t\t\t\t\t<span class=\"elementor-button-content-wrapper\">\n\t\t\t\t\t\t\t\t\t<span class=\"elementor-button-text\">Prenotare una corsa <\/span>\n\t\t\t\t\t<\/span>\n\t\t\t\t\t<\/a>\n\t\t\t\t\t\t\t\t<\/div>\n\t\t\t\t<\/div>\n\t\t\t\t<\/div>\n\t\t<div class=\"elementor-element elementor-element-84d96be e-con-full e-flex e-con e-child\" data-id=\"84d96be\" data-element_type=\"container\" data-e-type=\"container\">\n\t\t\t\t<div class=\"elementor-element elementor-element-74537e7 elementor-widget elementor-widget-text-editor\" data-id=\"74537e7\" data-element_type=\"widget\" data-e-type=\"widget\" data-widget_type=\"text-editor.default\">\n\t\t\t\t\t\t\t\t\t<h2 data-path-to-node=\"10\">Perch\u00e9 scegliere i nostri servizi per le vostre vacanze sulla neve?<\/h2><ul data-path-to-node=\"11\"><li><p data-path-to-node=\"11,0,0\"><b>Veicoli adatti all'inverno:<\/b> Le nostre auto sono dotate di pneumatici da neve e catene per affrontare in tutta sicurezza le strade di montagna, indipendentemente dalle condizioni meteorologiche.<\/p><\/li><li><p data-path-to-node=\"11,1,0\"><b>Attrezzatura da sci inclusa:<\/b> Viaggiate con i vostri sci o snowboard? Noi li trasportiamo per voi. <b>gratuitamente<\/b>. (Si prega di specificare il volume al momento della prenotazione, in modo da poter predisporre un veicolo tipo furgone, se necessario).<\/p><\/li><li><p data-path-to-node=\"11,2,0\"><b>Comfort dopo il volo:<\/b> Accomodatevi in un abitacolo spazioso e riscaldato. Le nostre Mercedes Classe V sono ideali per gruppi e famiglie, poich\u00e9 offrono ampio spazio per le gambe e i bagagli.<\/p><\/li><li><p data-path-to-node=\"11,3,0\"><b>Autisti esperti:<\/b> I nostri autisti conoscono perfettamente le strade alpine, le scorciatoie e le condizioni del traffico verso le localit\u00e0 sciistiche.<\/p><\/li><\/ul><h2 data-path-to-node=\"13\">Le nostre destinazioni principali (Svizzera, Francia, Italia)<\/h2><p data-path-to-node=\"14\">Serviamo tutte le principali stazioni sciistiche raggiungibili da Ginevra. Ecco le destinazioni pi\u00f9 richieste dai nostri clienti:<\/p><h3 data-path-to-node=\"15\">Le Alpi svizzere e il Vallese<\/h3><p data-path-to-node=\"16\">Raggiungi le localit\u00e0 pi\u00f9 prestigiose della Svizzera senza cambi:<\/p><ul data-path-to-node=\"17\"><li><p data-path-to-node=\"17,0,0\"><b>Verbier<\/b> : La capitale del freeride.<\/p><\/li><li><p data-path-to-node=\"17,1,0\"><b>Zermatt e T\u00e4sch<\/b> : Ai piedi del Cervino (deposito al terminal di T\u00e4sch).<\/p><\/li><li><p data-path-to-node=\"17,2,0\"><b>Crans-Montana<\/b> : Sole e lusso sull'altopiano.<\/p><\/li><li><p data-path-to-node=\"17,3,0\"><b>Gstaad<\/b> : Autenticit\u00e0 e prestigio.<\/p><\/li><li><p data-path-to-node=\"17,4,0\"><b>Villars-sur-Ollon e Nendaz<\/b> : Ideale per le famiglie.<\/p><\/li><li><p data-path-to-node=\"17,5,0\"><b>Grindelwald, Interlaken e Jungfrau<\/b> : Nel cuore dell'Oberland bernese.<\/p><\/li><\/ul><h3 data-path-to-node=\"18\">Le Alpi francesi<\/h3><p data-path-to-node=\"19\">Accedete rapidamente ai pi\u00f9 grandi comprensori sciistici della Francia (Les 3 Vall\u00e9es, Portes du Soleil, Mont-Blanc):<\/p><ul data-path-to-node=\"20\"><li><p data-path-to-node=\"20,0,0\"><b>Chamonix Monte Bianco<\/b> : La destinazione mitica a solo 1 ora da Ginevra.<\/p><\/li><li><p data-path-to-node=\"20,1,0\"><b>Meg\u00e8ve<\/b> : L'eleganza alla francese.<\/p><\/li><li><p data-path-to-node=\"20,2,0\"><b>Courchevel e Val Thorens<\/b> : Il pi\u00f9 grande comprensorio sciistico del mondo.<\/p><\/li><li><p data-path-to-node=\"20,3,0\"><b>Morzine e Avoriaz<\/b> : Nel cuore delle Portes du Soleil.<\/p><\/li><li><p data-path-to-node=\"20,4,0\"><b>Val d'Is\u00e8re e Tignes<\/b> : L'Espace Killy per gli sportivi.<\/p><\/li><li><p data-path-to-node=\"20,5,0\"><b>Meg\u00e8ve e La Clusaz<\/b>.<\/p><\/li><\/ul><h3 data-path-to-node=\"21\">L'Italia<\/h3><ul data-path-to-node=\"22\"><li><p data-path-to-node=\"22,0,0\"><b>Courmayeur<\/b> : Attraversate il tunnel del Monte Bianco e godetevi la dolce vita italiana sulle piste da sci.<\/p><\/li><\/ul><p data-path-to-node=\"23\"><i>(Su richiesta serviamo anche altre destinazioni come Losanna, Montreux o Grenoble).<\/i><\/p><h2 data-path-to-node=\"25\">Quale veicolo scegliere per il vostro trasferimento sciistico?<\/h2><p data-path-to-node=\"26\">Per i soggiorni sulla neve, il volume dei bagagli \u00e8 spesso importante. Ecco i nostri consigli:<\/p><ol start=\"1\" data-path-to-node=\"27\"><li><p data-path-to-node=\"27,0,0\"><b>Mercedes Classe V (Van 7 posti): la scelta n. 1 degli sciatori.<\/b><\/p><ul data-path-to-node=\"27,0,1\"><li><p data-path-to-node=\"27,0,1,0,0\"><i>Capacit\u00e0:<\/i> Fino a 7 passeggeri.<\/p><\/li><li><p data-path-to-node=\"27,0,1,1,0\"><i>Punti di forza:<\/i> Un bagagliaio enorme per tutte le vostre valigie, gli scarponi da sci e le custodie dell'attrezzatura. Viaggiate in gruppo senza stare stretti.<\/p><\/li><\/ul><\/li><li><p data-path-to-node=\"27,1,0\"><b>Mercedes Classe E (Berlina):<\/b><\/p><ul data-path-to-node=\"27,1,1\"><li><p data-path-to-node=\"27,1,1,0,0\"><i>Capacit\u00e0:<\/i> Fino a 3-4 passeggeri.<\/p><\/li><li><p data-path-to-node=\"27,1,1,1,0\"><i>Punti di forza:<\/i> Perfetto per una coppia o un viaggiatore solitario con equipaggiamento leggero.<\/p><\/li><\/ul><\/li><\/ol><h2 data-path-to-node=\"29\">Prenota subito la tua navetta per gli impianti sciistici<\/h2><p data-path-to-node=\"30\">I fine settimana invernali sono molto trafficati all'aeroporto di Ginevra. Assicuratevi la massima tranquillit\u00e0 prenotando il vostro autista in anticipo.<\/p><p data-path-to-node=\"31\"><b>Come prenotare?<\/b><\/p><ol start=\"1\" data-path-to-node=\"32\"><li><p data-path-to-node=\"32,0,0\">Utilizza il nostro modulo nella parte superiore della pagina per ottenere un preventivo immediato.<\/p><\/li><li><p data-path-to-node=\"32,1,0\">Oppure chiamaci 24 ore su 24, 7 giorni su 7 al numero: <b>+41 78 659 91 15<\/b><\/p><\/li><\/ol><blockquote data-path-to-node=\"33\"><p data-path-to-node=\"33,0\"><b>Nota importante:<\/b> Al momento della prenotazione, non dimenticate di specificare se trasportate \u00abbagagli fuori misura\u00bb (sacca da golf, custodia per sci, tavola da surf, bicicletta) in modo da potervi inviare il veicolo adeguato.<\/p><\/blockquote>\t\t\t\t\t\t\t\t<\/div>\n\t\t\t\t<div class=\"elementor-element elementor-element-7bc7ef6 elementor-align-center elementor-mobile-align-center elementor-widget elementor-widget-button\" data-id=\"7bc7ef6\" data-element_type=\"widget\" data-e-type=\"widget\" data-widget_type=\"button.default\">\n\t\t\t\t\t\t\t\t\t\t<a class=\"elementor-button elementor-button-link elementor-size-sm\" href=\"https:\/\/geneva-airport-taxi.bellaetco.ch\/it\/reserver-une-course\/\">\n\t\t\t\t\t\t<span class=\"elementor-button-content-wrapper\">\n\t\t\t\t\t\t\t\t\t<span class=\"elementor-button-text\">Prenotare una corsa <\/span>\n\t\t\t\t\t<\/span>\n\t\t\t\t\t<\/a>\n\t\t\t\t\t\t\t\t<\/div>\n\t\t\t\t<\/div>\n\t\t\t\t\t<\/div>\n\t\t\t\t<\/div>\n\t\t\t\t<\/div>","protected":false},"excerpt":{"rendered":"<p>Transfert Taxi vers les Stations de Ski depuis l&rsquo;A\u00e9roport de Gen\u00e8ve Commencez vos vacances \u00e0 la montagne en toute s\u00e9r\u00e9nit\u00e9 : v\u00e9hicules adapt\u00e9s, chauffeurs exp\u00e9riment\u00e9s et transport gratuit de vos \u00e9quipements. R\u00e9server une course Votre route vers les sommets commence ici Ne perdez pas une minute de vos vacances \u00e0 attendre un bus ou \u00e0 [&hellip;]<\/p>","protected":false},"author":2,"featured_media":0,"parent":0,"menu_order":0,"comment_status":"closed","ping_status":"closed","template":"","meta":{"_joinchat":[],"footnotes":""},"class_list":["post-23799","page","type-page","status-publish","hentry"],"_links":{"self":[{"href":"https:\/\/geneva-airport-taxi.bellaetco.ch\/it\/wp-json\/wp\/v2\/pages\/23799","targetHints":{"allow":["GET"]}}],"collection":[{"href":"https:\/\/geneva-airport-taxi.bellaetco.ch\/it\/wp-json\/wp\/v2\/pages"}],"about":[{"href":"https:\/\/geneva-airport-taxi.bellaetco.ch\/it\/wp-json\/wp\/v2\/types\/page"}],"author":[{"embeddable":true,"href":"https:\/\/geneva-airport-taxi.bellaetco.ch\/it\/wp-json\/wp\/v2\/users\/2"}],"replies":[{"embeddable":true,"href":"https:\/\/geneva-airport-taxi.bellaetco.ch\/it\/wp-json\/wp\/v2\/comments?post=23799"}],"version-history":[{"count":10,"href":"https:\/\/geneva-airport-taxi.bellaetco.ch\/it\/wp-json\/wp\/v2\/pages\/23799\/revisions"}],"predecessor-version":[{"id":23902,"href":"https:\/\/geneva-airport-taxi.bellaetco.ch\/it\/wp-json\/wp\/v2\/pages\/23799\/revisions\/23902"}],"wp:attachment":[{"href":"https:\/\/geneva-airport-taxi.bellaetco.ch\/it\/wp-json\/wp\/v2\/media?parent=23799"}],"curies":[{"name":"wp","href":"https:\/\/api.w.org\/{rel}","templated":true}]}}