{"id":23824,"date":"2025-12-04T13:42:40","date_gmt":"2025-12-04T12:42:40","guid":{"rendered":"https:\/\/geneva-airport-taxi.bellaetco.ch\/?page_id=23824"},"modified":"2025-12-04T13:53:09","modified_gmt":"2025-12-04T12:53:09","slug":"mentions-legales","status":"publish","type":"page","link":"https:\/\/geneva-airport-taxi.bellaetco.ch\/it\/mentions-legales\/","title":{"rendered":"Note legali"},"content":{"rendered":"<div data-elementor-type=\"wp-page\" data-elementor-id=\"23824\" class=\"elementor elementor-23824\" data-elementor-post-type=\"page\">\n\t\t\t\t<div class=\"elementor-element elementor-element-9efc511 e-flex e-con-boxed e-con e-parent\" data-id=\"9efc511\" data-element_type=\"container\" data-e-type=\"container\" data-settings=\"{&quot;background_background&quot;:&quot;classic&quot;}\">\n\t\t\t\t\t<div class=\"e-con-inner\">\n\t\t<div class=\"elementor-element elementor-element-f03e132 e-con-full e-flex e-con e-child\" data-id=\"f03e132\" data-element_type=\"container\" data-e-type=\"container\">\n\t\t\t\t<div class=\"elementor-element elementor-element-3475346 elementor-widget elementor-widget-heading\" data-id=\"3475346\" data-element_type=\"widget\" data-e-type=\"widget\" data-widget_type=\"heading.default\">\n\t\t\t\t\t<h1 class=\"elementor-heading-title elementor-size-default\">Note legali<\/h1>\t\t\t\t<\/div>\n\t\t\t\t<\/div>\n\t\t\t\t\t<\/div>\n\t\t\t\t<\/div>\n\t\t<div class=\"elementor-element elementor-element-6f87ad2 e-flex e-con-boxed e-con e-parent\" data-id=\"6f87ad2\" data-element_type=\"container\" data-e-type=\"container\">\n\t\t\t\t\t<div class=\"e-con-inner\">\n\t\t<div class=\"elementor-element elementor-element-84d96be e-con-full e-flex e-con e-child\" data-id=\"84d96be\" data-element_type=\"container\" data-e-type=\"container\">\n\t\t\t\t<div class=\"elementor-element elementor-element-74537e7 elementor-widget elementor-widget-text-editor\" data-id=\"74537e7\" data-element_type=\"widget\" data-e-type=\"widget\" data-widget_type=\"text-editor.default\">\n\t\t\t\t\t\t\t\t\t<div id=\"bannerR\">\n<h2 data-path-to-node=\"8\">1. Informazioni legali&nbsp;<\/h2>\n<p data-path-to-node=\"9\">Conformemente alle disposizioni dell'articolo 3, comma 1, lettera s della Legge federale contro la concorrenza sleale (LCD), ecco le informazioni relative all'editore del sito. <b><a class=\"ng-star-inserted\" href=\"https:\/\/www.geneva-airport-taxi.ch\/\" target=\"_blank\" rel=\"noopener\" data-hveid=\"0\" data-ved=\"0CAAQ_4QMahgKEwjqxOXC76ORAxUAAAAAHQAAAAAQlwE\">https:\/\/www.geneva-airport-taxi.ch\/<\/a><\/b> :<\/p>\n<p data-path-to-node=\"10\"><b>Ragione sociale:<\/b> Trasferimenti aeroportuali CityAirport AK Sarl <b>Indirizzo della sede centrale:<\/b> Avenue de Mategnin 65, 1217 Meyrin, Svizzera <b>Numero IDE (UID):<\/b> CHE-310.406.227<\/p>\n<p data-path-to-node=\"11\"><b>Modalit\u00e0 di contatto:<\/b><\/p>\n<ul data-path-to-node=\"12\">\n<li>\n<p data-path-to-node=\"12,0,0\"><b>Telefono:<\/b> +41 78 659 91 15<\/p>\n<\/li>\n<li>\n<p data-path-to-node=\"12,1,0\"><b>E-mail:<\/b> afifkardani83@gmail.com<\/p>\n<\/li>\n<\/ul>\n<p data-path-to-node=\"13\"><b>Hosting del sito e gestione del dominio:<\/b> Kreativ Media GmbH H\u00f6schgasse 45 CH-8008 Zurigo, Svizzera<\/p>\n<h2 data-path-to-node=\"14\">2. Protezione dei dati (Conformit\u00e0 nLPD)<\/h2>\n<p data-path-to-node=\"15\">CityAirport Transfers AK Sarl attribuisce grande importanza alla protezione della vostra privacy. Questa sezione spiega come trattiamo i vostri dati in conformit\u00e0 con la nuova legge federale sulla protezione dei dati (nLPD).<\/p>\n<p data-path-to-node=\"16\"><b>A. Raccolta dei dati<\/b> Nell'ambito della prenotazione di un taxi o di un trasferimento, siamo tenuti a raccogliere le seguenti informazioni tramite il nostro modulo o per telefono:<\/p>\n<ul data-path-to-node=\"17\">\n<li>\n<p data-path-to-node=\"17,0,0\">Nome e cognome<\/p>\n<\/li>\n<li>\n<p data-path-to-node=\"17,1,0\">Numero di telefono<\/p>\n<\/li>\n<li>\n<p data-path-to-node=\"17,2,0\">Indirizzo e-mail<\/p>\n<\/li>\n<li>\n<p data-path-to-node=\"17,3,0\">Dettagli del viaggio (luoghi di prelievo, destinazione, numeri di volo)<\/p>\n<\/li>\n<\/ul>\n<p data-path-to-node=\"18\"><b>B. Utilizzo dei dati<\/b> Questi dati sono strettamente necessari per:<\/p>\n<ul data-path-to-node=\"19\">\n<li>\n<p data-path-to-node=\"19,0,0\">Conferma la tua prenotazione.<\/p>\n<\/li>\n<li>\n<p data-path-to-node=\"19,1,0\">Consentire all'autista di contattarti (ad esempio all'arrivo in aeroporto).<\/p>\n<\/li>\n<li>\n<p data-path-to-node=\"19,2,0\">Stabilire la fatturazione. <b>Non vendiamo n\u00e9 cediamo mai i tuoi dati a terzi.<\/b><\/p>\n<\/li>\n<\/ul>\n<p data-path-to-node=\"20\"><b>C. Trasmissione a terzi<\/b> I tuoi dati possono essere trasmessi ai nostri autisti partner o subappaltatori esclusivamente allo scopo di eseguire la corsa richiesta. Essi sono tenuti allo stesso obbligo di riservatezza.<\/p>\n<h2 data-path-to-node=\"21\">3. Propriet\u00e0 intellettuale<\/h2>\n<p data-path-to-node=\"22\">L'intero contenuto di questo sito (testi, immagini, grafica, logo, icone, ecc.) \u00e8 di propriet\u00e0 esclusiva di CityAirport Transfers AK Sarl, ad eccezione dei marchi, dei loghi o dei contenuti appartenenti ad altre societ\u00e0 partner o autori. \u00c8 vietata qualsiasi riproduzione non autorizzata.<\/p>\n<h2 data-path-to-node=\"23\">4. Limitazione di responsabilit\u00e0<\/h2>\n<p data-path-to-node=\"24\"><b>Contenuto del sito:<\/b> Ci impegniamo a fornire informazioni accurate. Tuttavia, le tariffe indicative o i tempi di percorrenza stimati non hanno valore contrattuale fino a quando la prenotazione non \u00e8 confermata.<\/p>\n<p data-path-to-node=\"25\"><b>Link esterni:<\/b> Questo sito pu\u00f2 contenere link ad altri siti (ad esempio: aeroporto di Ginevra, meteo). Decliniamo ogni responsabilit\u00e0 per il contenuto di questi siti esterni.<\/p>\n<h2 data-path-to-node=\"26\">5. Diritto applicabile e foro competente<\/h2>\n<p data-path-to-node=\"27\">Qualsiasi controversia relativa all'utilizzo del sito <b>geneva-airport-taxi.ch<\/b> o i servizi di <b>Trasferimenti aeroportuali CityAirport AK Sarl<\/b> \u00e8 soggetto al <b>diritto svizzero<\/b>. Il foro competente esclusivo \u00e8 situato a <b>Ginevra<\/b>, salvo ricorsi obbligatori al Tribunale federale.<\/p>\n<\/div>\t\t\t\t\t\t\t\t<\/div>\n\t\t\t\t<\/div>\n\t\t\t\t\t<\/div>\n\t\t\t\t<\/div>\n\t\t\t\t<\/div>","protected":false},"excerpt":{"rendered":"<p>1. Informations l\u00e9gales&nbsp; Conform\u00e9ment aux dispositions de l&rsquo;article 3 al. 1 let. s de la Loi f\u00e9d\u00e9rale contre la concurrence d\u00e9loyale (LCD), voici les informations de l&rsquo;\u00e9diteur du site https:\/\/www.geneva-airport-taxi.ch\/ : Raison sociale : CityAirport Transfers AK Sarl Adresse du si\u00e8ge : Avenue de Mategnin 65, 1217 Meyrin, Suisse Num\u00e9ro IDE (UID) : CHE-310.406.227 Moyens [&hellip;]<\/p>","protected":false},"author":2,"featured_media":0,"parent":0,"menu_order":0,"comment_status":"closed","ping_status":"closed","template":"","meta":{"_joinchat":[],"footnotes":""},"class_list":["post-23824","page","type-page","status-publish","hentry"],"_links":{"self":[{"href":"https:\/\/geneva-airport-taxi.bellaetco.ch\/it\/wp-json\/wp\/v2\/pages\/23824","targetHints":{"allow":["GET"]}}],"collection":[{"href":"https:\/\/geneva-airport-taxi.bellaetco.ch\/it\/wp-json\/wp\/v2\/pages"}],"about":[{"href":"https:\/\/geneva-airport-taxi.bellaetco.ch\/it\/wp-json\/wp\/v2\/types\/page"}],"author":[{"embeddable":true,"href":"https:\/\/geneva-airport-taxi.bellaetco.ch\/it\/wp-json\/wp\/v2\/users\/2"}],"replies":[{"embeddable":true,"href":"https:\/\/geneva-airport-taxi.bellaetco.ch\/it\/wp-json\/wp\/v2\/comments?post=23824"}],"version-history":[{"count":10,"href":"https:\/\/geneva-airport-taxi.bellaetco.ch\/it\/wp-json\/wp\/v2\/pages\/23824\/revisions"}],"predecessor-version":[{"id":23836,"href":"https:\/\/geneva-airport-taxi.bellaetco.ch\/it\/wp-json\/wp\/v2\/pages\/23824\/revisions\/23836"}],"wp:attachment":[{"href":"https:\/\/geneva-airport-taxi.bellaetco.ch\/it\/wp-json\/wp\/v2\/media?parent=23824"}],"curies":[{"name":"wp","href":"https:\/\/api.w.org\/{rel}","templated":true}]}}